{"id":595,"date":"2022-02-07T08:22:32","date_gmt":"2022-02-07T08:22:32","guid":{"rendered":"http:\/\/Niendoo"},"modified":"2022-02-07T08:22:32","modified_gmt":"2022-02-07T08:22:32","slug":"cookie","status":"publish","type":"page","link":"https:\/\/www.bestroofbags.com\/de\/platzchen\/","title":{"rendered":"Pl\u00e4tzchen"},"content":{"rendered":"<p><strong>Cookie-Richtlinie von adirondacksofa.com<\/strong><\/p>\n\n\n\n<p>Dieses Dokument informiert Benutzer \u00fcber die Technologien, die adirondacksofa.com helfen, die unten beschriebenen Zwecke zu erreichen. Solche Technologien erm\u00f6glichen dem Eigent\u00fcmer den Zugriff auf und das Speichern von Informationen (z. B. durch die Verwendung eines Cookies) oder die Nutzung von Ressourcen (z. B. durch Ausf\u00fchren eines Skripts) auf dem Ger\u00e4t eines Benutzers, wenn dieser mit adirondacksofa.com interagiert.<\/p>\n\n\n\n<p>Der Einfachheit halber werden alle diese Technologien in diesem Dokument als \u201eTracker\u201c definiert \u2013 es sei denn, es gibt einen Grund zur Unterscheidung.<br>W\u00e4hrend Cookies beispielsweise sowohl in Web- als auch in mobilen Browsern verwendet werden k\u00f6nnen, w\u00e4re es ungenau, im Zusammenhang mit mobilen Apps \u00fcber Cookies zu sprechen, da es sich um browserbasierte Tracker handelt. Aus diesem Grund wird der Begriff Cookies in diesem Dokument nur dort verwendet, wo er ausdr\u00fccklich auf diese bestimmte Art von Tracker hinweisen soll.<\/p>\n\n\n\n<p>Einige der Zwecke, f\u00fcr die Tracker verwendet werden, erfordern m\u00f6glicherweise auch die Zustimmung des Benutzers. Eine erteilte Einwilligung kann jederzeit gem\u00e4\u00df den Anweisungen in diesem Dokument frei widerrufen werden.<\/p>\n\n\n\n<p>Adirondacksofa.com verwendet Tracker, die direkt vom Eigent\u00fcmer verwaltet werden (sogenannte \u201eErstanbieter\u201c-Tracker) und Tracker, die von Dritten bereitgestellte Dienste erm\u00f6glichen (sogenannte \u201eDrittanbieter\u201c-Tracker). Sofern in diesem Dokument nicht anders angegeben, k\u00f6nnen Drittanbieter auf die von ihnen verwalteten Tracker zugreifen.<br>Die G\u00fcltigkeits- und Ablaufzeiten von Cookies und anderen \u00e4hnlichen Trackern k\u00f6nnen je nach der vom Eigent\u00fcmer oder dem jeweiligen Anbieter festgelegten Lebensdauer variieren. Einige von ihnen verfallen nach Beendigung der Browsersitzung des Benutzers.<br>Zus\u00e4tzlich zu den Angaben in den Beschreibungen in jeder der nachstehenden Kategorien finden Benutzer genauere und aktuellere Informationen zur Angabe der Lebensdauer sowie alle anderen relevanten Informationen \u2013 wie das Vorhandensein anderer Tracker \u2013 in den verlinkten Datenschutzrichtlinien der jeweiligen Drittanbieter oder durch Kontaktaufnahme mit dem Eigent\u00fcmer.<\/p>\n\n\n\n<p><strong>Aktivit\u00e4ten, die f\u00fcr den Betrieb von adirondacksofa.com und die Bereitstellung des Dienstes unbedingt erforderlich sind<\/strong><\/p>\n\n\n\n<p>Adirondacksofa.com verwendet sogenannte \u201etechnische\u201c Cookies und andere \u00e4hnliche Tracker, um Aktivit\u00e4ten durchzuf\u00fchren, die f\u00fcr den Betrieb oder die Bereitstellung des Dienstes unbedingt erforderlich sind.<\/p>\n\n\n\n<p><strong>Tracker von Drittanbietern<\/strong><\/p>\n\n\n\n<ul class=\"wp-block-list\"><li><strong>Hosting- und Backend-Infrastruktur<\/strong><\/li><\/ul>\n\n\n\n<p><strong>Andere Aktivit\u00e4ten, die die Verwendung von Trackern beinhalten<\/strong><\/p>\n\n\n\n<p><strong>Steigerung der Erfahrung<\/strong><\/p>\n\n\n\n<p>Adirondacksofa.com verwendet Tracker, um ein personalisiertes Benutzererlebnis zu bieten, indem die Qualit\u00e4t der Pr\u00e4ferenzverwaltungsoptionen verbessert und die Interaktion mit externen Netzwerken und Plattformen erm\u00f6glicht wird.<\/p>\n\n\n\n<ul class=\"wp-block-list\"><li><strong>Anzeigen von Inhalten von externen Plattformen<\/strong><\/li><li><strong>Interaktion mit externen sozialen Netzwerken und Plattformen<\/strong><\/li><\/ul>\n\n\n\n<p><strong>Messung<\/strong><\/p>\n\n\n\n<p>Adirondacksofa.com verwendet Tracker, um den Datenverkehr zu messen und das Benutzerverhalten zu analysieren, mit dem Ziel, den Service zu verbessern.<\/p>\n\n\n\n<ul class=\"wp-block-list\"><li><strong>Analytik<\/strong><\/li><\/ul>\n\n\n\n<p><strong>Ausrichtung &amp; Werbung<\/strong><\/p>\n\n\n\n<p>Adirondacksofa.com verwendet Tracker, um personalisierte Marketinginhalte basierend auf dem Benutzerverhalten bereitzustellen und Anzeigen zu betreiben, zu schalten und zu verfolgen.<\/p>\n\n\n\n<ul class=\"wp-block-list\"><li><strong>Werbung<\/strong><\/li><li><strong>Gewerbliche Zugeh\u00f6rigkeit<\/strong><\/li><\/ul>\n\n\n\n<p><strong>So verwalten Sie Pr\u00e4ferenzen und erteilen oder widerrufen Einwilligungen<\/strong><\/p>\n\n\n\n<p>Es gibt verschiedene M\u00f6glichkeiten, Tracker-bezogene Einstellungen zu verwalten und ggf. Einwilligungen zu erteilen und zu widerrufen:<\/p>\n\n\n\n<p>Benutzer k\u00f6nnen Einstellungen in Bezug auf Tracker direkt in ihren eigenen Ger\u00e4teeinstellungen verwalten, indem sie beispielsweise die Verwendung oder Speicherung von Trackern verhindern.<\/p>\n\n\n\n<p>Dar\u00fcber hinaus k\u00f6nnen Benutzer, wenn die Verwendung von Trackern auf Zustimmung basiert, diese Zustimmung erteilen oder widerrufen, indem sie ihre Einstellungen in der Cookie-Mitteilung festlegen oder diese Einstellungen \u00fcber das entsprechende Widget f\u00fcr Zustimmungseinstellungen, sofern verf\u00fcgbar, entsprechend aktualisieren.<\/p>\n\n\n\n<p>Es ist auch m\u00f6glich, \u00fcber entsprechende Browser- oder Ger\u00e4tefunktionen zuvor gespeicherte Tracker zu l\u00f6schen, einschlie\u00dflich derjenigen, die verwendet werden, um sich an die urspr\u00fcngliche Zustimmung des Benutzers zu erinnern.<\/p>\n\n\n\n<p>Andere Tracker im lokalen Speicher des Browsers k\u00f6nnen gel\u00f6scht werden, indem der Browserverlauf gel\u00f6scht wird.<\/p>\n\n\n\n<p>In Bezug auf Tracker von Drittanbietern k\u00f6nnen Benutzer ihre Einstellungen verwalten und ihre Zustimmung \u00fcber den entsprechenden Opt-out-Link (sofern vorhanden) widerrufen, indem sie die in der Datenschutzrichtlinie des Drittanbieters angegebenen Mittel verwenden oder den Drittanbieter kontaktieren.<\/p>\n\n\n\n<p><strong>Auffinden der Tracker-Einstellungen<\/strong><\/p>\n\n\n\n<p>Benutzer k\u00f6nnen beispielsweise Informationen zur Verwaltung von Cookies in den am h\u00e4ufigsten verwendeten Browsern unter den folgenden Adressen finden:<\/p>\n\n\n\n<ul class=\"wp-block-list\"><li><a href=\"https:\/\/support.google.com\/chrome\/answer\/95647?hl=en&amp;p=cpn_cookies\" target=\"_blank\" rel=\"noreferrer noopener\">Google Chrome<\/a><\/li><li><a href=\"https:\/\/support.mozilla.org\/en-US\/kb\/enable-and-disable-cookies-website-preferences\" target=\"_blank\" rel=\"noreferrer noopener\">Mozilla-Firefox<\/a><\/li><li><a href=\"https:\/\/support.apple.com\/guide\/safari\/manage-cookies-and-website-data-sfri11471\/\" target=\"_blank\" rel=\"noreferrer noopener\">Apple-Safari<\/a><\/li><li><a href=\"http:\/\/windows.microsoft.com\/en-us\/windows-vista\/block-or-allow-cookies\" target=\"_blank\" rel=\"noreferrer noopener\">Microsoft Internet Explorer<\/a><\/li><li><a href=\"https:\/\/support.microsoft.com\/en-us\/help\/4027947\" target=\"_blank\" rel=\"noreferrer noopener\">Microsoft Edge<\/a><\/li><li><a href=\"https:\/\/support.brave.com\/hc\/en-us\/articles\/360022806212-How-do-I-use-Shields-while-browsing\" target=\"_blank\" rel=\"noreferrer noopener\">Tapfer<\/a><\/li><li><a href=\"https:\/\/help.opera.com\/en\/latest\/web-preferences\/#cookies\" target=\"_blank\" rel=\"noreferrer noopener\">Oper<\/a><\/li><\/ul>\n\n\n\n<p>Benutzer k\u00f6nnen auch bestimmte Kategorien von Trackern verwalten, die in mobilen Apps verwendet werden, indem sie sich \u00fcber entsprechende Ger\u00e4teeinstellungen abmelden, wie z ).<\/p>\n\n\n\n<p><strong>Werbebranchenspezifische Opt-outs<\/strong><\/p>\n\n\n\n<p>Ungeachtet dessen k\u00f6nnen Benutzer den Anweisungen von folgen&nbsp;<a href=\"http:\/\/www.youronlinechoices.eu\/\" target=\"_blank\" rel=\"noreferrer noopener\">IhreOnline-Auswahl<\/a>&nbsp;(EU), die&nbsp;<a href=\"https:\/\/www.networkadvertising.org\/understanding-digital-advertising\" target=\"_blank\" rel=\"noreferrer noopener\">Netzwerkwerbeinitiative<\/a>&nbsp;(USA) und die&nbsp;<a href=\"https:\/\/www.aboutads.info\/consumers\/\" target=\"_blank\" rel=\"noreferrer noopener\">Allianz f\u00fcr digitale Werbung<\/a>&nbsp;(UNS),&nbsp;<a href=\"https:\/\/youradchoices.ca\/understanding-online-advertising\/\" target=\"_blank\" rel=\"noreferrer noopener\">DAAC<\/a>&nbsp;(Kanada),&nbsp;<a href=\"http:\/\/www.ddai.info\/optout\" target=\"_blank\" rel=\"noreferrer noopener\">DDAI<\/a>&nbsp;(Japan) oder andere \u00e4hnliche Dienste. Solche Initiativen erm\u00f6glichen es Benutzern, ihre Tracking-Pr\u00e4ferenzen f\u00fcr die meisten Werbetools auszuw\u00e4hlen. Der Eigent\u00fcmer empfiehlt daher, dass Benutzer diese Ressourcen zus\u00e4tzlich zu den in diesem Dokument bereitgestellten Informationen nutzen.<\/p>\n\n\n\n<p>Die Digital Advertising Alliance bietet eine Anwendung namens&nbsp;<a href=\"https:\/\/youradchoices.com\/appchoices\" target=\"_blank\" rel=\"noreferrer noopener\">App-Auswahl<\/a>&nbsp;die Benutzern hilft, interessenbasierte Werbung auf mobilen Apps zu steuern.<\/p>\n\n\n\n<p><strong>Eigent\u00fcmer und Datenverantwortlicher<\/strong><\/p>\n\n\n\n<p>Zweite Ringstra\u00dfe, Kakpagyilli Opp Dohanlee Junction, Tamale, Ghana<\/p>\n\n\n\n<p><strong>Kontakt-E-Mail des Eigent\u00fcmers:<\/strong>&nbsp;niendoo2@gmail.com<\/p>\n\n\n\n<p>Da die Verwendung von Drittanbieter-Trackern \u00fcber adirondacksofa.com nicht vollst\u00e4ndig vom Eigent\u00fcmer kontrolliert werden kann, sind alle spezifischen Verweise auf Drittanbieter-Tracker als indikativ zu betrachten. Um vollst\u00e4ndige Informationen zu erhalten, werden Benutzer gebeten, die Datenschutzrichtlinien der jeweiligen in diesem Dokument aufgef\u00fchrten Drittanbieterdienste zu konsultieren.<\/p>\n\n\n\n<p>Angesichts der objektiven Komplexit\u00e4t von Tracking-Technologien werden Benutzer ermutigt, sich an den Eigent\u00fcmer zu wenden, wenn sie weitere Informationen \u00fcber die Verwendung solcher Technologien durch adirondacksofa.com erhalten m\u00f6chten.<\/p>\n\n\n\n<p><strong>Definitionen und rechtliche Hinweise<\/strong><\/p>\n\n\n\n<p>Letzte Aktualisierung: 29. Oktober 2020<\/p>\n\n\n\n<p><\/p>\n\n\n\n<p><\/p>","protected":false},"excerpt":{"rendered":"<p>Cookie Policy of adirondacksofa.com This document informs Users about the technologies that help adirondacksofa.com to achieve the purposes described below. Such technologies allow the Owner to access and store information (for example by using a Cookie) or use resources (for example by running a script) on a User\u2019s device as they interact with adirondacksofa.com. For [&hellip;]<\/p>\n","protected":false},"author":6,"featured_media":0,"parent":0,"menu_order":0,"comment_status":"closed","ping_status":"closed","template":"","meta":{"site-sidebar-layout":"default","site-content-layout":"","ast-site-content-layout":"default","site-content-style":"default","site-sidebar-style":"default","ast-global-header-display":"","ast-banner-title-visibility":"","ast-main-header-display":"","ast-hfb-above-header-display":"","ast-hfb-below-header-display":"","ast-hfb-mobile-header-display":"","site-post-title":"","ast-breadcrumbs-content":"","ast-featured-img":"","footer-sml-layout":"","ast-disable-related-posts":"","theme-transparent-header-meta":"","adv-header-id-meta":"","stick-header-meta":"","header-above-stick-meta":"","header-main-stick-meta":"","header-below-stick-meta":"","astra-migrate-meta-layouts":"default","ast-page-background-enabled":"default","ast-page-background-meta":{"desktop":{"background-color":"var(--ast-global-color-4)","background-image":"","background-repeat":"repeat","background-position":"center center","background-size":"auto","background-attachment":"scroll","background-type":"","background-media":"","overlay-type":"","overlay-color":"","overlay-opacity":"","overlay-gradient":""},"tablet":{"background-color":"","background-image":"","background-repeat":"repeat","background-position":"center center","background-size":"auto","background-attachment":"scroll","background-type":"","background-media":"","overlay-type":"","overlay-color":"","overlay-opacity":"","overlay-gradient":""},"mobile":{"background-color":"","background-image":"","background-repeat":"repeat","background-position":"center center","background-size":"auto","background-attachment":"scroll","background-type":"","background-media":"","overlay-type":"","overlay-color":"","overlay-opacity":"","overlay-gradient":""}},"ast-content-background-meta":{"desktop":{"background-color":"var(--ast-global-color-5)","background-image":"","background-repeat":"repeat","background-position":"center center","background-size":"auto","background-attachment":"scroll","background-type":"","background-media":"","overlay-type":"","overlay-color":"","overlay-opacity":"","overlay-gradient":""},"tablet":{"background-color":"var(--ast-global-color-5)","background-image":"","background-repeat":"repeat","background-position":"center center","background-size":"auto","background-attachment":"scroll","background-type":"","background-media":"","overlay-type":"","overlay-color":"","overlay-opacity":"","overlay-gradient":""},"mobile":{"background-color":"var(--ast-global-color-5)","background-image":"","background-repeat":"repeat","background-position":"center center","background-size":"auto","background-attachment":"scroll","background-type":"","background-media":"","overlay-type":"","overlay-color":"","overlay-opacity":"","overlay-gradient":""}},"footnotes":""},"class_list":["post-595","page","type-page","status-publish","hentry"],"_links":{"self":[{"href":"https:\/\/www.bestroofbags.com\/de\/wp-json\/wp\/v2\/pages\/595","targetHints":{"allow":["GET"]}}],"collection":[{"href":"https:\/\/www.bestroofbags.com\/de\/wp-json\/wp\/v2\/pages"}],"about":[{"href":"https:\/\/www.bestroofbags.com\/de\/wp-json\/wp\/v2\/types\/page"}],"author":[{"embeddable":true,"href":"https:\/\/www.bestroofbags.com\/de\/wp-json\/wp\/v2\/users\/6"}],"replies":[{"embeddable":true,"href":"https:\/\/www.bestroofbags.com\/de\/wp-json\/wp\/v2\/comments?post=595"}],"version-history":[{"count":0,"href":"https:\/\/www.bestroofbags.com\/de\/wp-json\/wp\/v2\/pages\/595\/revisions"}],"wp:attachment":[{"href":"https:\/\/www.bestroofbags.com\/de\/wp-json\/wp\/v2\/media?parent=595"}],"curies":[{"name":"wp","href":"https:\/\/api.w.org\/{rel}","templated":true}]}}