{"id":595,"date":"2022-02-07T08:22:32","date_gmt":"2022-02-07T08:22:32","guid":{"rendered":"http:\/\/Niendoo"},"modified":"2022-02-07T08:22:32","modified_gmt":"2022-02-07T08:22:32","slug":"cookie","status":"publish","type":"page","link":"https:\/\/www.bestroofbags.com\/es\/galleta\/","title":{"rendered":"Galleta"},"content":{"rendered":"<p><strong>Pol\u00edtica de cookies de adirondacksofa.com<\/strong><\/p>\n\n\n\n<p>Este documento informa a los Usuarios sobre las tecnolog\u00edas que ayudan a adirondacksofa.com a lograr los fines que se describen a continuaci\u00f3n. Dichas tecnolog\u00edas permiten al Propietario acceder y almacenar informaci\u00f3n (por ejemplo, mediante el uso de una Cookie) o usar recursos (por ejemplo, mediante la ejecuci\u00f3n de un script) en el dispositivo de un Usuario mientras interact\u00faan con adirondacksofa.com.<\/p>\n\n\n\n<p>Para simplificar, todas estas tecnolog\u00edas se definen como &quot;Rastreadores&quot; en este documento, a menos que haya una raz\u00f3n para diferenciarlas.<br>Por ejemplo, si bien las Cookies se pueden usar tanto en navegadores web como m\u00f3viles, ser\u00eda inexacto hablar de Cookies en el contexto de las aplicaciones m\u00f3viles, ya que son un Rastreador basado en el navegador. Por esta raz\u00f3n, dentro de este documento, el t\u00e9rmino Cookies solo se usa cuando se pretende espec\u00edficamente indicar ese tipo particular de Rastreador.<\/p>\n\n\n\n<p>Algunos de los fines para los que se utilizan los Rastreadores tambi\u00e9n pueden requerir el consentimiento del Usuario. Siempre que se d\u00e9 el consentimiento, podr\u00e1 retirarlo libremente en cualquier momento siguiendo las instrucciones que se facilitan en este documento.<\/p>\n\n\n\n<p>Adirondacksofa.com utiliza Rastreadores administrados directamente por el Propietario (los llamados Rastreadores &quot;primeros&quot;) y Rastreadores que habilitan los servicios proporcionados por un tercero (los llamados Rastreadores &quot;terceros&quot;). A menos que se especifique lo contrario en este documento, los proveedores externos pueden acceder a los Rastreadores administrados por ellos.<br>Los per\u00edodos de validez y caducidad de las Cookies y otros Rastreadores similares pueden variar seg\u00fan el tiempo de vida establecido por el Titular o el proveedor correspondiente. Algunos de ellos caducan al finalizar la sesi\u00f3n de navegaci\u00f3n del Usuario.<br>Adem\u00e1s de lo que se especifica en las descripciones dentro de cada una de las categor\u00edas a continuaci\u00f3n, los Usuarios pueden encontrar informaci\u00f3n m\u00e1s precisa y actualizada sobre la especificaci\u00f3n de vida \u00fatil, as\u00ed como cualquier otra informaci\u00f3n relevante, como la presencia de otros Rastreadores, en las pol\u00edticas de privacidad vinculadas de los respectivos terceros proveedores o poni\u00e9ndose en contacto con el Titular.<\/p>\n\n\n\n<p><strong>Actividades estrictamente necesarias para el funcionamiento de adirondacksofa.com y la prestaci\u00f3n del Servicio<\/strong><\/p>\n\n\n\n<p>Adirondacksofa.com utiliza las denominadas Cookies \u201ct\u00e9cnicas\u201d y otros Rastreadores similares para llevar a cabo actividades que son estrictamente necesarias para el funcionamiento o la prestaci\u00f3n del Servicio.<\/p>\n\n\n\n<p><strong>Rastreadores de terceros<\/strong><\/p>\n\n\n\n<ul class=\"wp-block-list\"><li><strong>Infraestructura de alojamiento y back-end<\/strong><\/li><\/ul>\n\n\n\n<p><strong>Otras actividades que impliquen el uso de Rastreadores<\/strong><\/p>\n\n\n\n<p><strong>Mejora de la experiencia<\/strong><\/p>\n\n\n\n<p>Adirondacksofa.com utiliza rastreadores para brindar una experiencia de usuario personalizada al mejorar la calidad de las opciones de administraci\u00f3n de preferencias y al permitir la interacci\u00f3n con redes y plataformas externas.<\/p>\n\n\n\n<ul class=\"wp-block-list\"><li><strong>Mostrar contenido de plataformas externas<\/strong><\/li><li><strong>Interacci\u00f3n con redes sociales y plataformas externas<\/strong><\/li><\/ul>\n\n\n\n<p><strong>Medici\u00f3n<\/strong><\/p>\n\n\n\n<p>Adirondacksofa.com utiliza Rastreadores para medir el tr\u00e1fico y analizar el comportamiento del Usuario con el objetivo de mejorar el Servicio.<\/p>\n\n\n\n<ul class=\"wp-block-list\"><li><strong>Anal\u00edtica<\/strong><\/li><\/ul>\n\n\n\n<p><strong>Orientaci\u00f3n y publicidad<\/strong><\/p>\n\n\n\n<p>Adirondacksofa.com utiliza Rastreadores para entregar contenido de marketing personalizado basado en el comportamiento del Usuario y para operar, servir y rastrear anuncios.<\/p>\n\n\n\n<ul class=\"wp-block-list\"><li><strong>Publicidad<\/strong><\/li><li><strong>afiliaci\u00f3n comercial<\/strong><\/li><\/ul>\n\n\n\n<p><strong>C\u00f3mo gestionar las preferencias y dar o retirar el consentimiento<\/strong><\/p>\n\n\n\n<p>Hay varias formas de administrar las preferencias relacionadas con Tracker y de proporcionar y retirar el consentimiento, cuando corresponda:<\/p>\n\n\n\n<p>Los usuarios pueden administrar las preferencias relacionadas con los Rastreadores directamente desde la configuraci\u00f3n de su propio dispositivo, por ejemplo, evitando el uso o el almacenamiento de Rastreadores.<\/p>\n\n\n\n<p>Adem\u00e1s, siempre que el uso de Rastreadores se base en el consentimiento, los Usuarios pueden proporcionar o retirar dicho consentimiento configurando sus preferencias dentro del aviso de cookies o actualizando dichas preferencias en consecuencia a trav\u00e9s del widget de preferencias de consentimiento correspondiente, si est\u00e1 disponible.<\/p>\n\n\n\n<p>Tambi\u00e9n es posible, a trav\u00e9s de funciones relevantes del navegador o del dispositivo, eliminar los Rastreadores almacenados previamente, incluidos los utilizados para recordar el consentimiento inicial del Usuario.<\/p>\n\n\n\n<p>Otros Rastreadores en la memoria local del navegador pueden borrarse eliminando el historial de navegaci\u00f3n.<\/p>\n\n\n\n<p>Con respecto a los Rastreadores de terceros, los Usuarios pueden administrar sus preferencias y retirar su consentimiento a trav\u00e9s del enlace de exclusi\u00f3n (opt-out) relacionado (donde se proporcione), utilizando los medios indicados en la pol\u00edtica de privacidad del tercero, o poni\u00e9ndose en contacto con el tercero.<\/p>\n\n\n\n<p><strong>Localizaci\u00f3n de la configuraci\u00f3n del rastreador<\/strong><\/p>\n\n\n\n<p>Los Usuarios pueden, por ejemplo, encontrar informaci\u00f3n sobre c\u00f3mo gestionar las Cookies en los navegadores m\u00e1s utilizados en las siguientes direcciones:<\/p>\n\n\n\n<ul class=\"wp-block-list\"><li><a href=\"https:\/\/support.google.com\/chrome\/answer\/95647?hl=en&amp;p=cpn_cookies\" target=\"_blank\" rel=\"noreferrer noopener\">Google Chrome<\/a><\/li><li><a href=\"https:\/\/support.mozilla.org\/en-US\/kb\/enable-and-disable-cookies-website-preferences\" target=\"_blank\" rel=\"noreferrer noopener\">Mozilla Firefox<\/a><\/li><li><a href=\"https:\/\/support.apple.com\/guide\/safari\/manage-cookies-and-website-data-sfri11471\/\" target=\"_blank\" rel=\"noreferrer noopener\">safari de manzana<\/a><\/li><li><a href=\"http:\/\/windows.microsoft.com\/en-us\/windows-vista\/block-or-allow-cookies\" target=\"_blank\" rel=\"noreferrer noopener\">Microsoft Internet Explorer<\/a><\/li><li><a href=\"https:\/\/support.microsoft.com\/en-us\/help\/4027947\" target=\"_blank\" rel=\"noreferrer noopener\">Borde de Microsoft<\/a><\/li><li><a href=\"https:\/\/support.brave.com\/hc\/en-us\/articles\/360022806212-How-do-I-use-Shields-while-browsing\" target=\"_blank\" rel=\"noreferrer noopener\">Bravo<\/a><\/li><li><a href=\"https:\/\/help.opera.com\/en\/latest\/web-preferences\/#cookies\" target=\"_blank\" rel=\"noreferrer noopener\">\u00d3pera<\/a><\/li><\/ul>\n\n\n\n<p>Los usuarios tambi\u00e9n pueden administrar ciertas categor\u00edas de Rastreadores utilizados en aplicaciones m\u00f3viles al excluirse a trav\u00e9s de la configuraci\u00f3n del dispositivo relevante, como la configuraci\u00f3n de publicidad del dispositivo para dispositivos m\u00f3viles o la configuraci\u00f3n de seguimiento en general (los usuarios pueden abrir la configuraci\u00f3n del dispositivo, ver y buscar la configuraci\u00f3n relevante). ).<\/p>\n\n\n\n<p><strong>Opt-outs espec\u00edficos de la industria publicitaria<\/strong><\/p>\n\n\n\n<p>Sin perjuicio de lo anterior, los Usuarios podr\u00e1n seguir las instrucciones facilitadas por&nbsp;<a href=\"http:\/\/www.youronlinechoices.eu\/\" target=\"_blank\" rel=\"noreferrer noopener\">Sus opciones en l\u00ednea<\/a>&nbsp;(UE), la&nbsp;<a href=\"https:\/\/www.networkadvertising.org\/understanding-digital-advertising\" target=\"_blank\" rel=\"noreferrer noopener\">Iniciativa de publicidad en red<\/a>&nbsp;(Estados Unidos) y el&nbsp;<a href=\"https:\/\/www.aboutads.info\/consumers\/\" target=\"_blank\" rel=\"noreferrer noopener\">Alianza de publicidad digital<\/a>&nbsp;(A NOSOTROS),&nbsp;<a href=\"https:\/\/youradchoices.ca\/understanding-online-advertising\/\" target=\"_blank\" rel=\"noreferrer noopener\">DAAC<\/a>&nbsp;(Canad\u00e1),&nbsp;<a href=\"http:\/\/www.ddai.info\/optout\" target=\"_blank\" rel=\"noreferrer noopener\">DDAI<\/a>&nbsp;(Jap\u00f3n) u otros servicios similares. Tales iniciativas permiten a los Usuarios seleccionar sus preferencias de seguimiento para la mayor\u00eda de las herramientas publicitarias. Por ello, el Titular recomienda a los Usuarios hacer uso de estos recursos adem\u00e1s de la informaci\u00f3n proporcionada en este documento.<\/p>\n\n\n\n<p>La Digital Advertising Alliance ofrece una aplicaci\u00f3n llamada&nbsp;<a href=\"https:\/\/youradchoices.com\/appchoices\" target=\"_blank\" rel=\"noreferrer noopener\">AppChoices<\/a>&nbsp;que ayuda a los Usuarios a controlar la publicidad basada en intereses en las aplicaciones m\u00f3viles.<\/p>\n\n\n\n<p><strong>Titular y Responsable del tratamiento<\/strong><\/p>\n\n\n\n<p>Segunda circunvalaci\u00f3n, Kakpagyilli Opp Dohanlee Junction, Tamale, Ghana<\/p>\n\n\n\n<p><strong>Correo electr\u00f3nico de contacto del propietario:<\/strong>&nbsp;niendoo2@gmail.com<\/p>\n\n\n\n<p>Dado que el Propietario no puede controlar completamente el uso de Rastreadores de terceros a trav\u00e9s de adirondacksofa.com, cualquier referencia espec\u00edfica a Rastreadores de terceros debe considerarse indicativa. Para obtener informaci\u00f3n completa, se ruega a los Usuarios que consulten las pol\u00edticas de privacidad de los respectivos servicios de terceros enumerados en este documento.<\/p>\n\n\n\n<p>Dada la complejidad objetiva que rodea a las tecnolog\u00edas de seguimiento, se recomienda a los Usuarios que se pongan en contacto con el Propietario si desean recibir m\u00e1s informaci\u00f3n sobre el uso de dichas tecnolog\u00edas por parte de adirondacksofa.com.<\/p>\n\n\n\n<p><strong>Definiciones y referencias legales<\/strong><\/p>\n\n\n\n<p>\u00daltima actualizaci\u00f3n: 29 de octubre de 2020<\/p>\n\n\n\n<p><\/p>\n\n\n\n<p><\/p>","protected":false},"excerpt":{"rendered":"<p>Cookie Policy of adirondacksofa.com This document informs Users about the technologies that help adirondacksofa.com to achieve the purposes described below. Such technologies allow the Owner to access and store information (for example by using a Cookie) or use resources (for example by running a script) on a User\u2019s device as they interact with adirondacksofa.com. For [&hellip;]<\/p>\n","protected":false},"author":6,"featured_media":0,"parent":0,"menu_order":0,"comment_status":"closed","ping_status":"closed","template":"","meta":{"site-sidebar-layout":"default","site-content-layout":"","ast-site-content-layout":"default","site-content-style":"default","site-sidebar-style":"default","ast-global-header-display":"","ast-banner-title-visibility":"","ast-main-header-display":"","ast-hfb-above-header-display":"","ast-hfb-below-header-display":"","ast-hfb-mobile-header-display":"","site-post-title":"","ast-breadcrumbs-content":"","ast-featured-img":"","footer-sml-layout":"","ast-disable-related-posts":"","theme-transparent-header-meta":"","adv-header-id-meta":"","stick-header-meta":"","header-above-stick-meta":"","header-main-stick-meta":"","header-below-stick-meta":"","astra-migrate-meta-layouts":"default","ast-page-background-enabled":"default","ast-page-background-meta":{"desktop":{"background-color":"var(--ast-global-color-4)","background-image":"","background-repeat":"repeat","background-position":"center center","background-size":"auto","background-attachment":"scroll","background-type":"","background-media":"","overlay-type":"","overlay-color":"","overlay-opacity":"","overlay-gradient":""},"tablet":{"background-color":"","background-image":"","background-repeat":"repeat","background-position":"center center","background-size":"auto","background-attachment":"scroll","background-type":"","background-media":"","overlay-type":"","overlay-color":"","overlay-opacity":"","overlay-gradient":""},"mobile":{"background-color":"","background-image":"","background-repeat":"repeat","background-position":"center center","background-size":"auto","background-attachment":"scroll","background-type":"","background-media":"","overlay-type":"","overlay-color":"","overlay-opacity":"","overlay-gradient":""}},"ast-content-background-meta":{"desktop":{"background-color":"var(--ast-global-color-5)","background-image":"","background-repeat":"repeat","background-position":"center center","background-size":"auto","background-attachment":"scroll","background-type":"","background-media":"","overlay-type":"","overlay-color":"","overlay-opacity":"","overlay-gradient":""},"tablet":{"background-color":"var(--ast-global-color-5)","background-image":"","background-repeat":"repeat","background-position":"center center","background-size":"auto","background-attachment":"scroll","background-type":"","background-media":"","overlay-type":"","overlay-color":"","overlay-opacity":"","overlay-gradient":""},"mobile":{"background-color":"var(--ast-global-color-5)","background-image":"","background-repeat":"repeat","background-position":"center center","background-size":"auto","background-attachment":"scroll","background-type":"","background-media":"","overlay-type":"","overlay-color":"","overlay-opacity":"","overlay-gradient":""}},"footnotes":""},"class_list":["post-595","page","type-page","status-publish","hentry"],"_links":{"self":[{"href":"https:\/\/www.bestroofbags.com\/es\/wp-json\/wp\/v2\/pages\/595","targetHints":{"allow":["GET"]}}],"collection":[{"href":"https:\/\/www.bestroofbags.com\/es\/wp-json\/wp\/v2\/pages"}],"about":[{"href":"https:\/\/www.bestroofbags.com\/es\/wp-json\/wp\/v2\/types\/page"}],"author":[{"embeddable":true,"href":"https:\/\/www.bestroofbags.com\/es\/wp-json\/wp\/v2\/users\/6"}],"replies":[{"embeddable":true,"href":"https:\/\/www.bestroofbags.com\/es\/wp-json\/wp\/v2\/comments?post=595"}],"version-history":[{"count":0,"href":"https:\/\/www.bestroofbags.com\/es\/wp-json\/wp\/v2\/pages\/595\/revisions"}],"wp:attachment":[{"href":"https:\/\/www.bestroofbags.com\/es\/wp-json\/wp\/v2\/media?parent=595"}],"curies":[{"name":"wp","href":"https:\/\/api.w.org\/{rel}","templated":true}]}}