{"id":742,"date":"2022-02-12T11:41:23","date_gmt":"2022-02-12T11:41:23","guid":{"rendered":"https:\/\/bestroofbags.com\/?page_id=742"},"modified":"2023-06-04T09:49:14","modified_gmt":"2023-06-04T09:49:14","slug":"buyers-guides","status":"publish","type":"page","link":"https:\/\/www.bestroofbags.com\/fr\/guides-acheteurs\/","title":{"rendered":"Guides d&#039;achat"},"content":{"rendered":"<div data-elementor-type=\"wp-page\" data-elementor-id=\"742\" class=\"elementor elementor-742\" data-elementor-post-type=\"page\">\n\t\t\t\t\t\t<section class=\"elementor-section elementor-top-section elementor-element elementor-element-cc1d1a elementor-section-boxed elementor-section-height-default elementor-section-height-default\" data-id=\"cc1d1a\" data-element_type=\"section\" data-e-type=\"section\">\n\t\t\t\t\t\t<div class=\"elementor-container elementor-column-gap-default\">\n\t\t\t\t\t<div class=\"elementor-column elementor-col-100 elementor-top-column elementor-element elementor-element-68f81043\" data-id=\"68f81043\" data-element_type=\"column\" data-e-type=\"column\">\n\t\t\t<div class=\"elementor-widget-wrap elementor-element-populated\">\n\t\t\t\t\t\t<div class=\"elementor-element elementor-element-1a5ac514 elementor-widget elementor-widget-heading\" data-id=\"1a5ac514\" data-element_type=\"widget\" data-e-type=\"widget\" data-widget_type=\"heading.default\">\n\t\t\t\t<div class=\"elementor-widget-container\">\n\t\t\t\t\t<h1 class=\"elementor-heading-title elementor-size-default\">Guides d&#039;achat<\/h1>\t\t\t\t<\/div>\n\t\t\t\t<\/div>\n\t\t\t\t<div class=\"elementor-element elementor-element-7fb3dc7 elementor-widget elementor-widget-text-editor\" data-id=\"7fb3dc7\" data-element_type=\"widget\" data-e-type=\"widget\" data-widget_type=\"text-editor.default\">\n\t\t\t\t<div class=\"elementor-widget-container\">\n\t\t\t\t\t\t\t\t\t<p>Nous sommes l\u00e0 pour vous aider \u00e0 trouver le meilleur coffre de toit de voiture ou sac de toit de voiture pour votre aventure en plein air. Que vous ayez besoin d&#039;espace suppl\u00e9mentaire pour un voyage en voiture ou que vous vous rendiez dans l&#039;arri\u00e8re-pays, nous pouvons vous aider \u00e0 trouver les meilleures options de stockage sur le toit pour votre voiture et vos besoins.<\/p>\t\t\t\t\t\t\t\t<\/div>\n\t\t\t\t<\/div>\n\t\t\t\t<div class=\"elementor-element elementor-element-702124d elementor-grid-3 elementor-grid-tablet-2 elementor-grid-mobile-1 elementor-posts--thumbnail-top elementor-widget elementor-widget-posts\" data-id=\"702124d\" data-element_type=\"widget\" data-e-type=\"widget\" data-settings=\"{&quot;pagination_type&quot;:&quot;prev_next&quot;,&quot;classic_columns&quot;:&quot;3&quot;,&quot;classic_columns_tablet&quot;:&quot;2&quot;,&quot;classic_columns_mobile&quot;:&quot;1&quot;,&quot;classic_row_gap&quot;:{&quot;unit&quot;:&quot;px&quot;,&quot;size&quot;:35,&quot;sizes&quot;:[]},&quot;classic_row_gap_tablet&quot;:{&quot;unit&quot;:&quot;px&quot;,&quot;size&quot;:&quot;&quot;,&quot;sizes&quot;:[]},&quot;classic_row_gap_mobile&quot;:{&quot;unit&quot;:&quot;px&quot;,&quot;size&quot;:&quot;&quot;,&quot;sizes&quot;:[]}}\" data-widget_type=\"posts.classic\">\n\t\t\t\t<div class=\"elementor-widget-container\">\n\t\t\t\t\t\t\t<div class=\"elementor-posts-container elementor-posts elementor-posts--skin-classic elementor-grid\">\n\t\t\t\t<article class=\"elementor-post elementor-grid-item post-8138 post type-post status-publish format-standard has-post-thumbnail hentry category-buyers-guides\">\n\t\t\t\t<a class=\"elementor-post__thumbnail__link\" href=\"https:\/\/www.bestroofbags.com\/fr\/best-camping-tent\/\" tabindex=\"-1\" >\n\t\t\t<div class=\"elementor-post__thumbnail\"><img fetchpriority=\"high\" decoding=\"async\" width=\"1200\" height=\"800\" src=\"https:\/\/www.bestroofbags.com\/wp-content\/uploads\/2023\/08\/Camping-Tent.webp\" class=\"attachment-full size-full wp-image-8139\" alt=\"Discover the Best Camping Tent for Every Outdoor Adventure\" title=\"\" srcset=\"https:\/\/www.bestroofbags.com\/wp-content\/uploads\/2023\/08\/Camping-Tent.webp 1200w, https:\/\/www.bestroofbags.com\/wp-content\/uploads\/2023\/08\/Camping-Tent-300x200.webp 300w, https:\/\/www.bestroofbags.com\/wp-content\/uploads\/2023\/08\/Camping-Tent-1024x683.webp 1024w, https:\/\/www.bestroofbags.com\/wp-content\/uploads\/2023\/08\/Camping-Tent-768x512.webp 768w, https:\/\/www.bestroofbags.com\/wp-content\/uploads\/2023\/08\/Camping-Tent-18x12.webp 18w\" sizes=\"(max-width: 1200px) 100vw, 1200px\" \/><\/div>\n\t\t<\/a>\n\t\t\t\t<div class=\"elementor-post__text\">\n\t\t\t\t<h3 class=\"elementor-post__title\">\n\t\t\t<a href=\"https:\/\/www.bestroofbags.com\/fr\/best-camping-tent\/\" >\n\t\t\t\tDiscover the Best Camping Tent For Camping\t\t\t<\/a>\n\t\t<\/h3>\n\t\t\t\t<\/div>\n\t\t\t\t<\/article>\n\t\t\t\t<article class=\"elementor-post elementor-grid-item post-8108 post type-post status-publish format-standard has-post-thumbnail hentry category-buyers-guides\">\n\t\t\t\t<a class=\"elementor-post__thumbnail__link\" href=\"https:\/\/www.bestroofbags.com\/fr\/road-trip-toys\/\" tabindex=\"-1\" >\n\t\t\t<div class=\"elementor-post__thumbnail\"><img decoding=\"async\" width=\"1200\" height=\"800\" src=\"https:\/\/www.bestroofbags.com\/wp-content\/uploads\/2023\/08\/Best-Road-Trip-Toys.webp\" class=\"attachment-full size-full wp-image-8133\" alt=\"Best Road Trip Toys\" title=\"\" srcset=\"https:\/\/www.bestroofbags.com\/wp-content\/uploads\/2023\/08\/Best-Road-Trip-Toys.webp 1200w, https:\/\/www.bestroofbags.com\/wp-content\/uploads\/2023\/08\/Best-Road-Trip-Toys-300x200.webp 300w, https:\/\/www.bestroofbags.com\/wp-content\/uploads\/2023\/08\/Best-Road-Trip-Toys-1024x683.webp 1024w, https:\/\/www.bestroofbags.com\/wp-content\/uploads\/2023\/08\/Best-Road-Trip-Toys-768x512.webp 768w, https:\/\/www.bestroofbags.com\/wp-content\/uploads\/2023\/08\/Best-Road-Trip-Toys-18x12.webp 18w\" sizes=\"(max-width: 1200px) 100vw, 1200px\" \/><\/div>\n\t\t<\/a>\n\t\t\t\t<div class=\"elementor-post__text\">\n\t\t\t\t<h3 class=\"elementor-post__title\">\n\t\t\t<a href=\"https:\/\/www.bestroofbags.com\/fr\/road-trip-toys\/\" >\n\t\t\t\t50+ Best Road Trip Toys for Long Car Journeys\t\t\t<\/a>\n\t\t<\/h3>\n\t\t\t\t<\/div>\n\t\t\t\t<\/article>\n\t\t\t\t<article class=\"elementor-post elementor-grid-item post-7951 post type-post status-publish format-standard has-post-thumbnail hentry category-buyers-guides\">\n\t\t\t\t<a class=\"elementor-post__thumbnail__link\" href=\"https:\/\/www.bestroofbags.com\/fr\/best-hitch-mount-cargo-carriers\/\" tabindex=\"-1\" >\n\t\t\t<div class=\"elementor-post__thumbnail\"><img decoding=\"async\" width=\"1200\" height=\"800\" src=\"https:\/\/www.bestroofbags.com\/wp-content\/uploads\/2023\/08\/10-Best-Hitch-Mount-Cargo-Carriers-Compare-Save.webp\" class=\"attachment-full size-full wp-image-7962\" alt=\"10 Best Hitch Mount Cargo Carriers: Compare &amp; Save\" title=\"\" srcset=\"https:\/\/www.bestroofbags.com\/wp-content\/uploads\/2023\/08\/10-Best-Hitch-Mount-Cargo-Carriers-Compare-Save.webp 1200w, https:\/\/www.bestroofbags.com\/wp-content\/uploads\/2023\/08\/10-Best-Hitch-Mount-Cargo-Carriers-Compare-Save-300x200.webp 300w, https:\/\/www.bestroofbags.com\/wp-content\/uploads\/2023\/08\/10-Best-Hitch-Mount-Cargo-Carriers-Compare-Save-1024x683.webp 1024w, https:\/\/www.bestroofbags.com\/wp-content\/uploads\/2023\/08\/10-Best-Hitch-Mount-Cargo-Carriers-Compare-Save-768x512.webp 768w, https:\/\/www.bestroofbags.com\/wp-content\/uploads\/2023\/08\/10-Best-Hitch-Mount-Cargo-Carriers-Compare-Save-18x12.webp 18w\" sizes=\"(max-width: 1200px) 100vw, 1200px\" \/><\/div>\n\t\t<\/a>\n\t\t\t\t<div class=\"elementor-post__text\">\n\t\t\t\t<h3 class=\"elementor-post__title\">\n\t\t\t<a href=\"https:\/\/www.bestroofbags.com\/fr\/best-hitch-mount-cargo-carriers\/\" >\n\t\t\t\t10 Best Hitch Mount Cargo Carriers: Compare &#038; Save\t\t\t<\/a>\n\t\t<\/h3>\n\t\t\t\t<\/div>\n\t\t\t\t<\/article>\n\t\t\t\t<article class=\"elementor-post elementor-grid-item post-7942 post type-post status-publish format-standard has-post-thumbnail hentry category-buyers-guides\">\n\t\t\t\t<a class=\"elementor-post__thumbnail__link\" href=\"https:\/\/www.bestroofbags.com\/fr\/best-roof-cargo-baskets\/\" tabindex=\"-1\" >\n\t\t\t<div class=\"elementor-post__thumbnail\"><img loading=\"lazy\" decoding=\"async\" width=\"1200\" height=\"800\" src=\"https:\/\/www.bestroofbags.com\/wp-content\/uploads\/2023\/07\/Best-Roof-Cargo-Baskets.webp\" class=\"attachment-full size-full wp-image-7947\" alt=\"Best Roof Cargo Baskets\" title=\"\" srcset=\"https:\/\/www.bestroofbags.com\/wp-content\/uploads\/2023\/07\/Best-Roof-Cargo-Baskets.webp 1200w, https:\/\/www.bestroofbags.com\/wp-content\/uploads\/2023\/07\/Best-Roof-Cargo-Baskets-300x200.webp 300w, https:\/\/www.bestroofbags.com\/wp-content\/uploads\/2023\/07\/Best-Roof-Cargo-Baskets-1024x683.webp 1024w, https:\/\/www.bestroofbags.com\/wp-content\/uploads\/2023\/07\/Best-Roof-Cargo-Baskets-768x512.webp 768w, https:\/\/www.bestroofbags.com\/wp-content\/uploads\/2023\/07\/Best-Roof-Cargo-Baskets-18x12.webp 18w\" sizes=\"(max-width: 1200px) 100vw, 1200px\" \/><\/div>\n\t\t<\/a>\n\t\t\t\t<div class=\"elementor-post__text\">\n\t\t\t\t<h3 class=\"elementor-post__title\">\n\t\t\t<a href=\"https:\/\/www.bestroofbags.com\/fr\/best-roof-cargo-baskets\/\" >\n\t\t\t\t10 Best Roof Cargo Baskets\t\t\t<\/a>\n\t\t<\/h3>\n\t\t\t\t<\/div>\n\t\t\t\t<\/article>\n\t\t\t\t<article class=\"elementor-post elementor-grid-item post-7388 post type-post status-publish format-standard has-post-thumbnail hentry category-buyers-guides category-car-specific-guides\">\n\t\t\t\t<a class=\"elementor-post__thumbnail__link\" href=\"https:\/\/www.bestroofbags.com\/fr\/dodge-challenger-galerie-de-toit\/\" tabindex=\"-1\" >\n\t\t\t<div class=\"elementor-post__thumbnail\"><img loading=\"lazy\" decoding=\"async\" width=\"1200\" height=\"675\" src=\"https:\/\/www.bestroofbags.com\/wp-content\/uploads\/2023\/03\/Roof-Racks-For-Your-Dodge-Challenger.jpeg\" class=\"attachment-full size-full wp-image-7401\" alt=\"Barres de toit pour votre Dodge Challenger\" title=\"\" srcset=\"https:\/\/www.bestroofbags.com\/wp-content\/uploads\/2023\/03\/Roof-Racks-For-Your-Dodge-Challenger.jpeg 1200w, https:\/\/www.bestroofbags.com\/wp-content\/uploads\/2023\/03\/Roof-Racks-For-Your-Dodge-Challenger-300x169.jpeg 300w, https:\/\/www.bestroofbags.com\/wp-content\/uploads\/2023\/03\/Roof-Racks-For-Your-Dodge-Challenger-1024x576.jpeg 1024w, https:\/\/www.bestroofbags.com\/wp-content\/uploads\/2023\/03\/Roof-Racks-For-Your-Dodge-Challenger-768x432.jpeg 768w, https:\/\/www.bestroofbags.com\/wp-content\/uploads\/2023\/03\/Roof-Racks-For-Your-Dodge-Challenger-18x10.jpeg 18w\" sizes=\"(max-width: 1200px) 100vw, 1200px\" \/><\/div>\n\t\t<\/a>\n\t\t\t\t<div class=\"elementor-post__text\">\n\t\t\t\t<h3 class=\"elementor-post__title\">\n\t\t\t<a href=\"https:\/\/www.bestroofbags.com\/fr\/dodge-challenger-galerie-de-toit\/\" >\n\t\t\t\tMeilleure galerie de toit Dodge Challenger\t\t\t<\/a>\n\t\t<\/h3>\n\t\t\t\t<\/div>\n\t\t\t\t<\/article>\n\t\t\t\t<article class=\"elementor-post elementor-grid-item post-7376 post type-post status-publish format-standard has-post-thumbnail hentry category-buyers-guides category-car-specific-guides tag-4-runner-cargo-box tag-best-4-runner-cargo-box\">\n\t\t\t\t<a class=\"elementor-post__thumbnail__link\" href=\"https:\/\/www.bestroofbags.com\/fr\/4-glissieres-cargo-box\/\" tabindex=\"-1\" >\n\t\t\t<div class=\"elementor-post__thumbnail\"><img loading=\"lazy\" decoding=\"async\" width=\"1200\" height=\"675\" src=\"https:\/\/www.bestroofbags.com\/wp-content\/uploads\/2023\/03\/Best-4-Runner-Cargo-Box.jpeg\" class=\"attachment-full size-full wp-image-7385\" alt=\"Meilleure bo\u00eete de chargement \u00e0 4 coureurs\" title=\"\" srcset=\"https:\/\/www.bestroofbags.com\/wp-content\/uploads\/2023\/03\/Best-4-Runner-Cargo-Box.jpeg 1200w, https:\/\/www.bestroofbags.com\/wp-content\/uploads\/2023\/03\/Best-4-Runner-Cargo-Box-300x169.jpeg 300w, https:\/\/www.bestroofbags.com\/wp-content\/uploads\/2023\/03\/Best-4-Runner-Cargo-Box-1024x576.jpeg 1024w, https:\/\/www.bestroofbags.com\/wp-content\/uploads\/2023\/03\/Best-4-Runner-Cargo-Box-768x432.jpeg 768w, https:\/\/www.bestroofbags.com\/wp-content\/uploads\/2023\/03\/Best-4-Runner-Cargo-Box-18x10.jpeg 18w\" sizes=\"(max-width: 1200px) 100vw, 1200px\" \/><\/div>\n\t\t<\/a>\n\t\t\t\t<div class=\"elementor-post__text\">\n\t\t\t\t<h3 class=\"elementor-post__title\">\n\t\t\t<a href=\"https:\/\/www.bestroofbags.com\/fr\/4-glissieres-cargo-box\/\" >\n\t\t\t\tMeilleure bo\u00eete de chargement \u00e0 4 coureurs\t\t\t<\/a>\n\t\t<\/h3>\n\t\t\t\t<\/div>\n\t\t\t\t<\/article>\n\t\t\t\t<article class=\"elementor-post elementor-grid-item post-7257 post type-post status-publish format-standard has-post-thumbnail hentry category-buyers-guides tag-best-roof-box-for-skis-snowboard tag-roof-box tag-roof-boxes\">\n\t\t\t\t<a class=\"elementor-post__thumbnail__link\" href=\"https:\/\/www.bestroofbags.com\/fr\/meilleur-coffre-de-toit-pour-skis-snowboard\/\" tabindex=\"-1\" >\n\t\t\t<div class=\"elementor-post__thumbnail\"><img loading=\"lazy\" decoding=\"async\" width=\"1920\" height=\"1000\" src=\"https:\/\/www.bestroofbags.com\/wp-content\/uploads\/2022\/12\/Best-Roof-Box-for-Skis-Snowboard.jpeg\" class=\"attachment-full size-full wp-image-7274\" alt=\"Meilleur coffre de toit pour skis snowboard\" title=\"\" srcset=\"https:\/\/www.bestroofbags.com\/wp-content\/uploads\/2022\/12\/Best-Roof-Box-for-Skis-Snowboard.jpeg 1920w, https:\/\/www.bestroofbags.com\/wp-content\/uploads\/2022\/12\/Best-Roof-Box-for-Skis-Snowboard-300x156.jpeg 300w, https:\/\/www.bestroofbags.com\/wp-content\/uploads\/2022\/12\/Best-Roof-Box-for-Skis-Snowboard-1024x533.jpeg 1024w, https:\/\/www.bestroofbags.com\/wp-content\/uploads\/2022\/12\/Best-Roof-Box-for-Skis-Snowboard-768x400.jpeg 768w, https:\/\/www.bestroofbags.com\/wp-content\/uploads\/2022\/12\/Best-Roof-Box-for-Skis-Snowboard-1536x800.jpeg 1536w, https:\/\/www.bestroofbags.com\/wp-content\/uploads\/2022\/12\/Best-Roof-Box-for-Skis-Snowboard-18x9.jpeg 18w\" sizes=\"(max-width: 1920px) 100vw, 1920px\" \/><\/div>\n\t\t<\/a>\n\t\t\t\t<div class=\"elementor-post__text\">\n\t\t\t\t<h3 class=\"elementor-post__title\">\n\t\t\t<a href=\"https:\/\/www.bestroofbags.com\/fr\/meilleur-coffre-de-toit-pour-skis-snowboard\/\" >\n\t\t\t\tMeilleur coffre de toit pour skis snowboard\t\t\t<\/a>\n\t\t<\/h3>\n\t\t\t\t<\/div>\n\t\t\t\t<\/article>\n\t\t\t\t<article class=\"elementor-post elementor-grid-item post-7233 post type-post status-publish format-standard has-post-thumbnail hentry category-buyers-guides tag-goplus-cargo-box tag-goplus-cargo-box-review tag-goplus-cargo-carrier\">\n\t\t\t\t<a class=\"elementor-post__thumbnail__link\" href=\"https:\/\/www.bestroofbags.com\/fr\/goplus-cargo-box\/\" tabindex=\"-1\" >\n\t\t\t<div class=\"elementor-post__thumbnail\"><img loading=\"lazy\" decoding=\"async\" width=\"1920\" height=\"1000\" src=\"https:\/\/www.bestroofbags.com\/wp-content\/uploads\/2022\/12\/GoPlus-Cargo-Box-\u2013-Buyers-Guide-1.jpeg\" class=\"attachment-full size-full wp-image-7238\" alt=\"GoPlus Cargo Box \u2013 Buyer&#039;s Guide\" title=\"\" srcset=\"https:\/\/www.bestroofbags.com\/wp-content\/uploads\/2022\/12\/GoPlus-Cargo-Box-\u2013-Buyers-Guide-1.jpeg 1920w, https:\/\/www.bestroofbags.com\/wp-content\/uploads\/2022\/12\/GoPlus-Cargo-Box-\u2013-Buyers-Guide-1-300x156.jpeg 300w, https:\/\/www.bestroofbags.com\/wp-content\/uploads\/2022\/12\/GoPlus-Cargo-Box-\u2013-Buyers-Guide-1-1024x533.jpeg 1024w, https:\/\/www.bestroofbags.com\/wp-content\/uploads\/2022\/12\/GoPlus-Cargo-Box-\u2013-Buyers-Guide-1-768x400.jpeg 768w, https:\/\/www.bestroofbags.com\/wp-content\/uploads\/2022\/12\/GoPlus-Cargo-Box-\u2013-Buyers-Guide-1-1536x800.jpeg 1536w, https:\/\/www.bestroofbags.com\/wp-content\/uploads\/2022\/12\/GoPlus-Cargo-Box-\u2013-Buyers-Guide-1-18x9.jpeg 18w\" sizes=\"(max-width: 1920px) 100vw, 1920px\" \/><\/div>\n\t\t<\/a>\n\t\t\t\t<div class=\"elementor-post__text\">\n\t\t\t\t<h3 class=\"elementor-post__title\">\n\t\t\t<a href=\"https:\/\/www.bestroofbags.com\/fr\/goplus-cargo-box\/\" >\n\t\t\t\tGoPlus Cargo Box \u2013 Buyer&#8217;s Guide\t\t\t<\/a>\n\t\t<\/h3>\n\t\t\t\t<\/div>\n\t\t\t\t<\/article>\n\t\t\t\t<article class=\"elementor-post elementor-grid-item post-6989 post type-post status-publish format-standard has-post-thumbnail hentry category-buyers-guides tag-thule-easyfold-xt-2 tag-thule-easyfold-xt-2-review\">\n\t\t\t\t<a class=\"elementor-post__thumbnail__link\" href=\"https:\/\/www.bestroofbags.com\/fr\/examen-thule-easyfold-xt-2\/\" tabindex=\"-1\" >\n\t\t\t<div class=\"elementor-post__thumbnail\"><img loading=\"lazy\" decoding=\"async\" width=\"1920\" height=\"1000\" src=\"https:\/\/www.bestroofbags.com\/wp-content\/uploads\/2022\/10\/Thule-EasyFold-XT-2-Review.jpeg\" class=\"attachment-full size-full wp-image-6991\" alt=\"Test du Thule EasyFold XT 2\" title=\"\" srcset=\"https:\/\/www.bestroofbags.com\/wp-content\/uploads\/2022\/10\/Thule-EasyFold-XT-2-Review.jpeg 1920w, https:\/\/www.bestroofbags.com\/wp-content\/uploads\/2022\/10\/Thule-EasyFold-XT-2-Review-300x156.jpeg 300w, https:\/\/www.bestroofbags.com\/wp-content\/uploads\/2022\/10\/Thule-EasyFold-XT-2-Review-1024x533.jpeg 1024w, https:\/\/www.bestroofbags.com\/wp-content\/uploads\/2022\/10\/Thule-EasyFold-XT-2-Review-768x400.jpeg 768w, https:\/\/www.bestroofbags.com\/wp-content\/uploads\/2022\/10\/Thule-EasyFold-XT-2-Review-1536x800.jpeg 1536w, https:\/\/www.bestroofbags.com\/wp-content\/uploads\/2022\/10\/Thule-EasyFold-XT-2-Review-18x9.jpeg 18w\" sizes=\"(max-width: 1920px) 100vw, 1920px\" \/><\/div>\n\t\t<\/a>\n\t\t\t\t<div class=\"elementor-post__text\">\n\t\t\t\t<h3 class=\"elementor-post__title\">\n\t\t\t<a href=\"https:\/\/www.bestroofbags.com\/fr\/examen-thule-easyfold-xt-2\/\" >\n\t\t\t\tThule EasyFold XT 2 Review - \u00c7a vaut le coup ou pas?\t\t\t<\/a>\n\t\t<\/h3>\n\t\t\t\t<\/div>\n\t\t\t\t<\/article>\n\t\t\t\t<article class=\"elementor-post elementor-grid-item post-6929 post type-post status-publish format-standard has-post-thumbnail hentry category-buyers-guides category-car-specific-guides tag-crosstrek-roof-box\">\n\t\t\t\t<a class=\"elementor-post__thumbnail__link\" href=\"https:\/\/www.bestroofbags.com\/fr\/coffre-de-toit-crosstrek\/\" tabindex=\"-1\" >\n\t\t\t<div class=\"elementor-post__thumbnail\"><img loading=\"lazy\" decoding=\"async\" width=\"1920\" height=\"1000\" src=\"https:\/\/www.bestroofbags.com\/wp-content\/uploads\/2022\/10\/Crosstrek-Roof-Box.jpeg\" class=\"attachment-full size-full wp-image-6941\" alt=\"Coffre de toit Crosstrek\" title=\"\" srcset=\"https:\/\/www.bestroofbags.com\/wp-content\/uploads\/2022\/10\/Crosstrek-Roof-Box.jpeg 1920w, https:\/\/www.bestroofbags.com\/wp-content\/uploads\/2022\/10\/Crosstrek-Roof-Box-300x156.jpeg 300w, https:\/\/www.bestroofbags.com\/wp-content\/uploads\/2022\/10\/Crosstrek-Roof-Box-1024x533.jpeg 1024w, https:\/\/www.bestroofbags.com\/wp-content\/uploads\/2022\/10\/Crosstrek-Roof-Box-768x400.jpeg 768w, https:\/\/www.bestroofbags.com\/wp-content\/uploads\/2022\/10\/Crosstrek-Roof-Box-1536x800.jpeg 1536w, https:\/\/www.bestroofbags.com\/wp-content\/uploads\/2022\/10\/Crosstrek-Roof-Box-18x9.jpeg 18w\" sizes=\"(max-width: 1920px) 100vw, 1920px\" \/><\/div>\n\t\t<\/a>\n\t\t\t\t<div class=\"elementor-post__text\">\n\t\t\t\t<h3 class=\"elementor-post__title\">\n\t\t\t<a href=\"https:\/\/www.bestroofbags.com\/fr\/coffre-de-toit-crosstrek\/\" >\n\t\t\t\tCoffre de toit Crosstrek \u2013 Guide de l&#039;acheteur\t\t\t<\/a>\n\t\t<\/h3>\n\t\t\t\t<\/div>\n\t\t\t\t<\/article>\n\t\t\t\t<article class=\"elementor-post elementor-grid-item post-6860 post type-post status-publish format-standard has-post-thumbnail hentry category-buyers-guides tag-best-rooftop-basket tag-best-rooftop-basket-2022 tag-rooftop-basket\">\n\t\t\t\t<a class=\"elementor-post__thumbnail__link\" href=\"https:\/\/www.bestroofbags.com\/fr\/meilleur-panier-de-toit\/\" tabindex=\"-1\" >\n\t\t\t<div class=\"elementor-post__thumbnail\"><img loading=\"lazy\" decoding=\"async\" width=\"1920\" height=\"1000\" src=\"https:\/\/www.bestroofbags.com\/wp-content\/uploads\/2022\/10\/Best-Rooftop-Basket-2022.jpeg\" class=\"attachment-full size-full wp-image-6872\" alt=\"Meilleur panier de toit 2022\" title=\"\" srcset=\"https:\/\/www.bestroofbags.com\/wp-content\/uploads\/2022\/10\/Best-Rooftop-Basket-2022.jpeg 1920w, https:\/\/www.bestroofbags.com\/wp-content\/uploads\/2022\/10\/Best-Rooftop-Basket-2022-300x156.jpeg 300w, https:\/\/www.bestroofbags.com\/wp-content\/uploads\/2022\/10\/Best-Rooftop-Basket-2022-1024x533.jpeg 1024w, https:\/\/www.bestroofbags.com\/wp-content\/uploads\/2022\/10\/Best-Rooftop-Basket-2022-768x400.jpeg 768w, https:\/\/www.bestroofbags.com\/wp-content\/uploads\/2022\/10\/Best-Rooftop-Basket-2022-1536x800.jpeg 1536w, https:\/\/www.bestroofbags.com\/wp-content\/uploads\/2022\/10\/Best-Rooftop-Basket-2022-18x9.jpeg 18w\" sizes=\"(max-width: 1920px) 100vw, 1920px\" \/><\/div>\n\t\t<\/a>\n\t\t\t\t<div class=\"elementor-post__text\">\n\t\t\t\t<h3 class=\"elementor-post__title\">\n\t\t\t<a href=\"https:\/\/www.bestroofbags.com\/fr\/meilleur-panier-de-toit\/\" >\n\t\t\t\tMeilleur panier de toit 2023\t\t\t<\/a>\n\t\t<\/h3>\n\t\t\t\t<\/div>\n\t\t\t\t<\/article>\n\t\t\t\t<article class=\"elementor-post elementor-grid-item post-6811 post type-post status-publish format-standard has-post-thumbnail hentry category-buyers-guides tag-best-truck-bed-bike-racks tag-truck-bed-bike-racks\">\n\t\t\t\t<a class=\"elementor-post__thumbnail__link\" href=\"https:\/\/www.bestroofbags.com\/fr\/porte-velos-lit-de-camion\/\" tabindex=\"-1\" >\n\t\t\t<div class=\"elementor-post__thumbnail\"><img loading=\"lazy\" decoding=\"async\" width=\"1920\" height=\"1000\" src=\"https:\/\/www.bestroofbags.com\/wp-content\/uploads\/2022\/10\/Best-Truck-Bed-Bike-Racks.jpeg\" class=\"attachment-full size-full wp-image-6825\" alt=\"Meilleurs porte-v\u00e9los pour lit de camion\" title=\"\" srcset=\"https:\/\/www.bestroofbags.com\/wp-content\/uploads\/2022\/10\/Best-Truck-Bed-Bike-Racks.jpeg 1920w, https:\/\/www.bestroofbags.com\/wp-content\/uploads\/2022\/10\/Best-Truck-Bed-Bike-Racks-300x156.jpeg 300w, https:\/\/www.bestroofbags.com\/wp-content\/uploads\/2022\/10\/Best-Truck-Bed-Bike-Racks-1024x533.jpeg 1024w, https:\/\/www.bestroofbags.com\/wp-content\/uploads\/2022\/10\/Best-Truck-Bed-Bike-Racks-768x400.jpeg 768w, https:\/\/www.bestroofbags.com\/wp-content\/uploads\/2022\/10\/Best-Truck-Bed-Bike-Racks-1536x800.jpeg 1536w, https:\/\/www.bestroofbags.com\/wp-content\/uploads\/2022\/10\/Best-Truck-Bed-Bike-Racks-18x9.jpeg 18w\" sizes=\"(max-width: 1920px) 100vw, 1920px\" \/><\/div>\n\t\t<\/a>\n\t\t\t\t<div class=\"elementor-post__text\">\n\t\t\t\t<h3 class=\"elementor-post__title\">\n\t\t\t<a href=\"https:\/\/www.bestroofbags.com\/fr\/porte-velos-lit-de-camion\/\" >\n\t\t\t\tMeilleurs porte-v\u00e9los pour lit de camion 2023\t\t\t<\/a>\n\t\t<\/h3>\n\t\t\t\t<\/div>\n\t\t\t\t<\/article>\n\t\t\t\t<\/div>\n\t\t\n\t\t\t\t<div class=\"e-load-more-anchor\" data-page=\"1\" data-max-page=\"2\" data-next-page=\"https:\/\/www.bestroofbags.com\/fr\/wp-json\/wp\/v2\/pages\/742\/page\/2\/\"><\/div>\n\t\t\t\t<nav class=\"elementor-pagination\" aria-label=\"Pagination\">\n\t\t\t<span class=\"page-numbers prev\">&quot; Pr\u00e9c\u00e9dent<\/span>\n<a class=\"page-numbers next\" href=\"https:\/\/www.bestroofbags.com\/fr\/wp-json\/wp\/v2\/pages\/742\/page\/2\/\">Prochain &quot;<\/a>\t\t<\/nav>\n\t\t\t\t\t\t<\/div>\n\t\t\t\t<\/div>\n\t\t\t\t\t<\/div>\n\t\t<\/div>\n\t\t\t\t\t<\/div>\n\t\t<\/section>\n\t\t\t\t<\/div>","protected":false},"excerpt":{"rendered":"<p>Buyers Guides We&#8217;re here to help you find the best car roof box or car roof bag for your outdoor adventure. Whether you need extra<\/p>","protected":false},"author":6,"featured_media":0,"parent":0,"menu_order":0,"comment_status":"closed","ping_status":"closed","template":"elementor_header_footer","meta":{"site-sidebar-layout":"default","site-content-layout":"","ast-site-content-layout":"default","site-content-style":"default","site-sidebar-style":"default","ast-global-header-display":"","ast-banner-title-visibility":"","ast-main-header-display":"","ast-hfb-above-header-display":"","ast-hfb-below-header-display":"","ast-hfb-mobile-header-display":"","site-post-title":"","ast-breadcrumbs-content":"","ast-featured-img":"","footer-sml-layout":"","ast-disable-related-posts":"","theme-transparent-header-meta":"","adv-header-id-meta":"","stick-header-meta":"","header-above-stick-meta":"","header-main-stick-meta":"","header-below-stick-meta":"","astra-migrate-meta-layouts":"default","ast-page-background-enabled":"default","ast-page-background-meta":{"desktop":{"background-color":"var(--ast-global-color-4)","background-image":"","background-repeat":"repeat","background-position":"center center","background-size":"auto","background-attachment":"scroll","background-type":"","background-media":"","overlay-type":"","overlay-color":"","overlay-opacity":"","overlay-gradient":""},"tablet":{"background-color":"","background-image":"","background-repeat":"repeat","background-position":"center center","background-size":"auto","background-attachment":"scroll","background-type":"","background-media":"","overlay-type":"","overlay-color":"","overlay-opacity":"","overlay-gradient":""},"mobile":{"background-color":"","background-image":"","background-repeat":"repeat","background-position":"center center","background-size":"auto","background-attachment":"scroll","background-type":"","background-media":"","overlay-type":"","overlay-color":"","overlay-opacity":"","overlay-gradient":""}},"ast-content-background-meta":{"desktop":{"background-color":"var(--ast-global-color-5)","background-image":"","background-repeat":"repeat","background-position":"center center","background-size":"auto","background-attachment":"scroll","background-type":"","background-media":"","overlay-type":"","overlay-color":"","overlay-opacity":"","overlay-gradient":""},"tablet":{"background-color":"var(--ast-global-color-5)","background-image":"","background-repeat":"repeat","background-position":"center center","background-size":"auto","background-attachment":"scroll","background-type":"","background-media":"","overlay-type":"","overlay-color":"","overlay-opacity":"","overlay-gradient":""},"mobile":{"background-color":"var(--ast-global-color-5)","background-image":"","background-repeat":"repeat","background-position":"center center","background-size":"auto","background-attachment":"scroll","background-type":"","background-media":"","overlay-type":"","overlay-color":"","overlay-opacity":"","overlay-gradient":""}},"footnotes":""},"class_list":["post-742","page","type-page","status-publish","hentry"],"_links":{"self":[{"href":"https:\/\/www.bestroofbags.com\/fr\/wp-json\/wp\/v2\/pages\/742","targetHints":{"allow":["GET"]}}],"collection":[{"href":"https:\/\/www.bestroofbags.com\/fr\/wp-json\/wp\/v2\/pages"}],"about":[{"href":"https:\/\/www.bestroofbags.com\/fr\/wp-json\/wp\/v2\/types\/page"}],"author":[{"embeddable":true,"href":"https:\/\/www.bestroofbags.com\/fr\/wp-json\/wp\/v2\/users\/6"}],"replies":[{"embeddable":true,"href":"https:\/\/www.bestroofbags.com\/fr\/wp-json\/wp\/v2\/comments?post=742"}],"version-history":[{"count":14,"href":"https:\/\/www.bestroofbags.com\/fr\/wp-json\/wp\/v2\/pages\/742\/revisions"}],"predecessor-version":[{"id":7487,"href":"https:\/\/www.bestroofbags.com\/fr\/wp-json\/wp\/v2\/pages\/742\/revisions\/7487"}],"wp:attachment":[{"href":"https:\/\/www.bestroofbags.com\/fr\/wp-json\/wp\/v2\/media?parent=742"}],"curies":[{"name":"wp","href":"https:\/\/api.w.org\/{rel}","templated":true}]}}