{"id":264,"date":"2022-02-07T08:22:32","date_gmt":"2022-02-07T08:22:32","guid":{"rendered":"http:\/\/Niendoo"},"modified":"2023-06-04T09:56:28","modified_gmt":"2023-06-04T09:56:28","slug":"privacy-policy","status":"publish","type":"page","link":"https:\/\/www.bestroofbags.com\/pt\/politica-de-privacidade\/","title":{"rendered":"Pol\u00edtica de Privacidade"},"content":{"rendered":"<div data-elementor-type=\"wp-page\" data-elementor-id=\"264\" class=\"elementor elementor-264\" data-elementor-post-type=\"page\">\n\t\t\t\t\t\t<section class=\"elementor-section elementor-top-section elementor-element elementor-element-7ab0adc9 elementor-section-boxed elementor-section-height-default elementor-section-height-default\" data-id=\"7ab0adc9\" data-element_type=\"section\" data-e-type=\"section\">\n\t\t\t\t\t\t<div class=\"elementor-container elementor-column-gap-default\">\n\t\t\t\t\t<div class=\"elementor-column elementor-col-100 elementor-top-column elementor-element elementor-element-51086d21\" data-id=\"51086d21\" data-element_type=\"column\" data-e-type=\"column\">\n\t\t\t<div class=\"elementor-widget-wrap elementor-element-populated\">\n\t\t\t\t\t\t<div class=\"elementor-element elementor-element-18b66ec3 elementor-widget elementor-widget-text-editor\" data-id=\"18b66ec3\" data-element_type=\"widget\" data-e-type=\"widget\" data-widget_type=\"text-editor.default\">\n\t\t\t\t<div class=\"elementor-widget-container\">\n\t\t\t\t\t\t\t\t\t\n<h1 class=\"wp-block-heading\">Pol\u00edtica de privacidade para BestRoofBags.com<\/h1>\n\n<p>Em BestRoofBags.com, acess\u00edvel em https:\/\/bestroofbags.com, uma de nossas principais prioridades \u00e9 a privacidade de nossos visitantes. Este documento de Pol\u00edtica de Privacidade cont\u00e9m tipos de informa\u00e7\u00f5es que s\u00e3o coletadas e registradas por BestRoofBags.com e como as usamos.<\/p>\n\n<p>Se voc\u00ea tiver d\u00favidas adicionais ou precisar de mais informa\u00e7\u00f5es sobre nossa Pol\u00edtica de Privacidade, n\u00e3o hesite em nos contatar.<\/p>\n\n<p>Esta Pol\u00edtica de Privacidade se aplica apenas \u00e0s nossas atividades online e \u00e9 v\u00e1lida para os visitantes do nosso site com rela\u00e7\u00e3o \u00e0s informa\u00e7\u00f5es que eles compartilharam e\/ou coletaram em BestRoofBags.com. Esta pol\u00edtica n\u00e3o se aplica a nenhuma informa\u00e7\u00e3o coletada offline ou por outros canais que n\u00e3o este site. Nossa Pol\u00edtica de Privacidade foi criada com a ajuda do <a href=\"https:\/\/www.privacypolicygenerator.info\/\" target=\"_blank\" rel=\"noopener\">Gerador de Pol\u00edtica de Privacidade<\/a>.<\/p>\n\n<h2 class=\"wp-block-heading\">Consentimento<\/h2>\n\n<p>Ao usar nosso site, voc\u00ea concorda com nossa Pol\u00edtica de Privacidade e concorda com seus termos.<\/p>\n\n<h2 class=\"wp-block-heading\">Informa\u00e7\u00f5es que coletamos<\/h2>\n\n<p>As informa\u00e7\u00f5es pessoais que voc\u00ea deve fornecer e as raz\u00f5es pelas quais voc\u00ea \u00e9 solicitado a fornec\u00ea-las ser\u00e3o esclarecidas para voc\u00ea no momento em que solicitarmos que voc\u00ea forne\u00e7a suas informa\u00e7\u00f5es pessoais.<\/p>\n\n<p>Se voc\u00ea entrar em contato conosco diretamente, poderemos receber informa\u00e7\u00f5es adicionais sobre voc\u00ea, como seu nome, endere\u00e7o de e-mail, n\u00famero de telefone, o conte\u00fado da mensagem e\/ou anexos que voc\u00ea nos enviar e qualquer outra informa\u00e7\u00e3o que voc\u00ea decida fornecer.<\/p>\n\n<p>Quando voc\u00ea se registra em uma conta, podemos solicitar suas informa\u00e7\u00f5es de contato, incluindo itens como nome, nome da empresa, endere\u00e7o, endere\u00e7o de e-mail e n\u00famero de telefone.<\/p>\n\n<h2 class=\"wp-block-heading\">Como usamos suas informa\u00e7\u00f5es<\/h2>\n\n<p>Usamos as informa\u00e7\u00f5es que coletamos de v\u00e1rias maneiras, incluindo:<\/p>\n\n<ul class=\"wp-block-list\">\n<li>Fornecer, operar e manter nosso site<\/li>\n<li>Melhorar, personalizar e expandir nosso site<\/li>\n<li>Entenda e analise como voc\u00ea usa nosso site<\/li>\n<li>Desenvolver novos produtos, servi\u00e7os, recursos e funcionalidades<\/li>\n<li>Comunicar-se com voc\u00ea, diretamente ou por meio de um de nossos parceiros, inclusive para atendimento ao cliente, para fornecer atualiza\u00e7\u00f5es e outras informa\u00e7\u00f5es relacionadas ao site e para fins de marketing e promocionais<\/li>\n<li>Enviar-lhe e-mails<\/li>\n<li>Encontre e evite fraudes<\/li>\n<\/ul>\n\n<h2 class=\"wp-block-heading\">Arquivos de registro<\/h2>\n\n<p>BestRoofBags.com segue um procedimento padr\u00e3o de uso de arquivos de log. Esses arquivos registram os visitantes quando eles visitam sites. Todas as empresas de hospedagem fazem isso e uma parte da an\u00e1lise dos servi\u00e7os de hospedagem. As informa\u00e7\u00f5es coletadas pelos arquivos de log incluem endere\u00e7os de protocolo da Internet (IP), tipo de navegador, provedor de servi\u00e7os de Internet (ISP), carimbo de data e hora, p\u00e1ginas de refer\u00eancia\/sa\u00edda e, possivelmente, o n\u00famero de cliques. Eles n\u00e3o est\u00e3o vinculados a nenhuma informa\u00e7\u00e3o que seja pessoalmente identific\u00e1vel. O objetivo das informa\u00e7\u00f5es \u00e9 analisar tend\u00eancias, administrar o site, rastrear o movimento dos usu\u00e1rios no site e coletar informa\u00e7\u00f5es demogr\u00e1ficas.<\/p>\n\n<h2 class=\"wp-block-heading\">Cookies e Web Beacons<\/h2>\n\n<p>Como qualquer outro site, BestRoofBags.com usa &#039;cookies&#039;. Esses cookies s\u00e3o usados para armazenar informa\u00e7\u00f5es, incluindo as prefer\u00eancias dos visitantes e as p\u00e1ginas do site que o visitante acessou ou visitou. As informa\u00e7\u00f5es s\u00e3o usadas para otimizar a experi\u00eancia dos usu\u00e1rios, personalizando o conte\u00fado de nossa p\u00e1gina da web com base no tipo de navegador dos visitantes e\/ou outras informa\u00e7\u00f5es.<\/p>\n\n<p>Para mais informa\u00e7\u00f5es gerais sobre cookies, leia <a href=\"https:\/\/www.privacypolicyonline.com\/what-are-cookies\/\" target=\"_blank\" rel=\"noopener\">\u201cO que s\u00e3o cookies\u201d<\/a>.<\/p>\n\n<h2 class=\"wp-block-heading\">Cookie Google DoubleClick DART<\/h2>\n\n<p>O Google \u00e9 um fornecedor terceirizado em nosso site. Ele tamb\u00e9m usa cookies, conhecidos como cookies DART, para veicular an\u00fancios aos visitantes do nosso site com base em sua visita a www.website.com e outros sites na Internet. No entanto, os visitantes podem optar por recusar o uso de cookies DART visitando o an\u00fancio do Google e a Pol\u00edtica de Privacidade da rede de conte\u00fado no seguinte URL \u2013 <a href=\"https:\/\/policies.google.com\/technologies\/ads\" target=\"_blank\" rel=\"noopener\">https:\/\/policies.google.com\/technologies\/ads<\/a><\/p>\n\n<h2 class=\"wp-block-heading\">Nossos parceiros de publicidade<\/h2>\n\n<p>Alguns dos anunciantes em nosso site podem usar cookies e web beacons. Nossos parceiros de publicidade est\u00e3o listados abaixo. Cada um de nossos parceiros de publicidade tem sua pr\u00f3pria Pol\u00edtica de Privacidade para suas pol\u00edticas de dados do usu\u00e1rio. Para facilitar o acesso, criamos um hiperlink para suas Pol\u00edticas de Privacidade abaixo.<\/p>\n\n<ul class=\"wp-block-list\">\n<li>Google <a href=\"https:\/\/policies.google.com\/technologies\/ads\" target=\"_blank\" rel=\"noopener\">https:\/\/policies.google.com\/technologies\/ads<\/a><\/li>\n<\/ul>\n\n<h2 class=\"wp-block-heading\">Pol\u00edticas de privacidade de parceiros de publicidade<\/h2>\n\n<p>Voc\u00ea pode consultar esta lista para encontrar a Pol\u00edtica de Privacidade de cada um dos parceiros de publicidade do BestRoofBags.com.<\/p>\n\n<p>Servidores de an\u00fancios de terceiros ou redes de an\u00fancios usam tecnologias como cookies, JavaScript ou Web Beacons que s\u00e3o usados em seus respectivos an\u00fancios e links que aparecem no BestRoofBags.com, que s\u00e3o enviados diretamente ao navegador dos usu\u00e1rios. Eles recebem automaticamente seu endere\u00e7o IP quando isso ocorre. Essas tecnologias s\u00e3o usadas para medir a efic\u00e1cia de suas campanhas publicit\u00e1rias e\/ou para personalizar o conte\u00fado publicit\u00e1rio que voc\u00ea v\u00ea nos sites que visita.<\/p>\n\n<p>Observe que BestRoofBags.com n\u00e3o tem acesso ou controle sobre esses cookies que s\u00e3o usados por anunciantes de terceiros.<\/p>\n\n<h2 class=\"wp-block-heading\">Pol\u00edticas de privacidade de terceiros<\/h2>\n\n<p>A Pol\u00edtica de Privacidade do BestRoofBags.com n\u00e3o se aplica a outros anunciantes ou sites. Assim, aconselhamos que consulte as respectivas Pol\u00edticas de Privacidade desses servidores de an\u00fancios de terceiros para obter informa\u00e7\u00f5es mais detalhadas. Pode incluir suas pr\u00e1ticas e instru\u00e7\u00f5es sobre como desativar determinadas op\u00e7\u00f5es.<\/p>\n\n<p>Voc\u00ea pode optar por desabilitar os cookies atrav\u00e9s das op\u00e7\u00f5es individuais do seu navegador. Para saber informa\u00e7\u00f5es mais detalhadas sobre o gerenciamento de cookies com navegadores espec\u00edficos, pode ser encontrada nos respectivos sites dos navegadores.<\/p>\n\n<h2 class=\"wp-block-heading\">Direitos de privacidade da CCPA (n\u00e3o venda minhas informa\u00e7\u00f5es pessoais)<\/h2>\n\n<p>De acordo com a CCPA, entre outros direitos, os consumidores da Calif\u00f3rnia t\u00eam o direito de:<\/p>\n\n<p>Solicitar que uma empresa que coleta dados pessoais de um consumidor divulgue as categorias e partes espec\u00edficas de dados pessoais que uma empresa coletou sobre os consumidores.<\/p>\n\n<p>Solicitar que uma empresa exclua quaisquer dados pessoais sobre o consumidor que uma empresa coletou.<\/p>\n\n<p>Solicitar que uma empresa que venda os dados pessoais de um consumidor n\u00e3o venda os dados pessoais do consumidor.<\/p>\n\n<p>Se voc\u00ea fizer uma solicita\u00e7\u00e3o, temos um m\u00eas para responder a voc\u00ea. Se voc\u00ea deseja exercer algum desses direitos, entre em contato conosco.<\/p>\n\n<h2 class=\"wp-block-heading\">Direitos de prote\u00e7\u00e3o de dados GDPR<\/h2>\n\n<p>Gostar\u00edamos de ter certeza de que voc\u00ea est\u00e1 totalmente ciente de todos os seus direitos de prote\u00e7\u00e3o de dados. Todo usu\u00e1rio tem direito ao seguinte:<\/p>\n\n<p>O direito de acesso \u2013 Voc\u00ea tem o direito de solicitar c\u00f3pias de seus dados pessoais. Podemos cobrar uma pequena taxa por este servi\u00e7o.<\/p>\n\n<p>O direito de retifica\u00e7\u00e3o \u2013 Voc\u00ea tem o direito de solicitar que corrijamos qualquer informa\u00e7\u00e3o que voc\u00ea acredite ser imprecisa. Voc\u00ea tamb\u00e9m tem o direito de solicitar que completemos as informa\u00e7\u00f5es que voc\u00ea acredita estarem incompletas.<\/p>\n\n<p>O direito de apagar \u2013 Voc\u00ea tem o direito de solicitar que apaguemos seus dados pessoais, sob certas condi\u00e7\u00f5es.<\/p>\n\n<p>O direito de restringir o processamento \u2013 Voc\u00ea tem o direito de solicitar que restrinjamos o processamento de seus dados pessoais, sob certas condi\u00e7\u00f5es.<\/p>\n\n<p>O direito de se opor ao processamento \u2013 Voc\u00ea tem o direito de se opor ao nosso processamento de seus dados pessoais, sob certas condi\u00e7\u00f5es.<\/p>\n\n<p>O direito \u00e0 portabilidade de dados \u2013 Voc\u00ea tem o direito de solicitar que transfiramos os dados que coletamos para outra organiza\u00e7\u00e3o, ou diretamente para voc\u00ea, sob certas condi\u00e7\u00f5es.<\/p>\n\n<p>Se voc\u00ea fizer uma solicita\u00e7\u00e3o, temos um m\u00eas para responder a voc\u00ea. Se voc\u00ea deseja exercer algum desses direitos, entre em contato conosco.<\/p>\n\n<h2 class=\"wp-block-heading\">Informa\u00e7\u00f5es para crian\u00e7as<\/h2>\n\n<p>Outra parte de nossa prioridade \u00e9 adicionar prote\u00e7\u00e3o para crian\u00e7as enquanto usam a internet. Incentivamos os pais e respons\u00e1veis a observar, participar e\/ou monitorar e orientar suas atividades online.<\/p>\n\n<p>BestRoofBags.com n\u00e3o coleta intencionalmente nenhuma informa\u00e7\u00e3o de identifica\u00e7\u00e3o pessoal de crian\u00e7as menores de 13 anos. remover prontamente tais informa\u00e7\u00f5es de nossos registros.<\/p>\n\t\t\t\t\t\t\t\t<\/div>\n\t\t\t\t<\/div>\n\t\t\t\t\t<\/div>\n\t\t<\/div>\n\t\t\t\t\t<\/div>\n\t\t<\/section>\n\t\t\t\t<\/div>","protected":false},"excerpt":{"rendered":"<p>Privacy Policy for BestRoofBags.com At BestRoofBags.com, accessible from https:\/\/bestroofbags.com, one of our main priorities is the privacy of our visitors. This Privacy Policy document contains types of information that is collected and recorded by BestRoofBags.com and how we use it. If you have additional questions or require more information about our Privacy Policy, do not [&hellip;]<\/p>\n","protected":false},"author":6,"featured_media":0,"parent":0,"menu_order":0,"comment_status":"closed","ping_status":"closed","template":"elementor_header_footer","meta":{"site-sidebar-layout":"default","site-content-layout":"","ast-site-content-layout":"default","site-content-style":"default","site-sidebar-style":"default","ast-global-header-display":"","ast-banner-title-visibility":"","ast-main-header-display":"","ast-hfb-above-header-display":"","ast-hfb-below-header-display":"","ast-hfb-mobile-header-display":"","site-post-title":"","ast-breadcrumbs-content":"","ast-featured-img":"","footer-sml-layout":"","ast-disable-related-posts":"","theme-transparent-header-meta":"","adv-header-id-meta":"","stick-header-meta":"","header-above-stick-meta":"","header-main-stick-meta":"","header-below-stick-meta":"","astra-migrate-meta-layouts":"default","ast-page-background-enabled":"default","ast-page-background-meta":{"desktop":{"background-color":"var(--ast-global-color-4)","background-image":"","background-repeat":"repeat","background-position":"center center","background-size":"auto","background-attachment":"scroll","background-type":"","background-media":"","overlay-type":"","overlay-color":"","overlay-opacity":"","overlay-gradient":""},"tablet":{"background-color":"","background-image":"","background-repeat":"repeat","background-position":"center center","background-size":"auto","background-attachment":"scroll","background-type":"","background-media":"","overlay-type":"","overlay-color":"","overlay-opacity":"","overlay-gradient":""},"mobile":{"background-color":"","background-image":"","background-repeat":"repeat","background-position":"center center","background-size":"auto","background-attachment":"scroll","background-type":"","background-media":"","overlay-type":"","overlay-color":"","overlay-opacity":"","overlay-gradient":""}},"ast-content-background-meta":{"desktop":{"background-color":"var(--ast-global-color-5)","background-image":"","background-repeat":"repeat","background-position":"center center","background-size":"auto","background-attachment":"scroll","background-type":"","background-media":"","overlay-type":"","overlay-color":"","overlay-opacity":"","overlay-gradient":""},"tablet":{"background-color":"var(--ast-global-color-5)","background-image":"","background-repeat":"repeat","background-position":"center center","background-size":"auto","background-attachment":"scroll","background-type":"","background-media":"","overlay-type":"","overlay-color":"","overlay-opacity":"","overlay-gradient":""},"mobile":{"background-color":"var(--ast-global-color-5)","background-image":"","background-repeat":"repeat","background-position":"center center","background-size":"auto","background-attachment":"scroll","background-type":"","background-media":"","overlay-type":"","overlay-color":"","overlay-opacity":"","overlay-gradient":""}},"footnotes":""},"class_list":["post-264","page","type-page","status-publish","hentry"],"_links":{"self":[{"href":"https:\/\/www.bestroofbags.com\/pt\/wp-json\/wp\/v2\/pages\/264","targetHints":{"allow":["GET"]}}],"collection":[{"href":"https:\/\/www.bestroofbags.com\/pt\/wp-json\/wp\/v2\/pages"}],"about":[{"href":"https:\/\/www.bestroofbags.com\/pt\/wp-json\/wp\/v2\/types\/page"}],"author":[{"embeddable":true,"href":"https:\/\/www.bestroofbags.com\/pt\/wp-json\/wp\/v2\/users\/6"}],"replies":[{"embeddable":true,"href":"https:\/\/www.bestroofbags.com\/pt\/wp-json\/wp\/v2\/comments?post=264"}],"version-history":[{"count":11,"href":"https:\/\/www.bestroofbags.com\/pt\/wp-json\/wp\/v2\/pages\/264\/revisions"}],"predecessor-version":[{"id":7506,"href":"https:\/\/www.bestroofbags.com\/pt\/wp-json\/wp\/v2\/pages\/264\/revisions\/7506"}],"wp:attachment":[{"href":"https:\/\/www.bestroofbags.com\/pt\/wp-json\/wp\/v2\/media?parent=264"}],"curies":[{"name":"wp","href":"https:\/\/api.w.org\/{rel}","templated":true}]}}