{"id":595,"date":"2022-02-07T08:22:32","date_gmt":"2022-02-07T08:22:32","guid":{"rendered":"http:\/\/Niendoo"},"modified":"2022-02-07T08:22:32","modified_gmt":"2022-02-07T08:22:32","slug":"cookie","status":"publish","type":"page","link":"https:\/\/www.bestroofbags.com\/pt\/bolacha\/","title":{"rendered":"Bolacha"},"content":{"rendered":"<p><strong>Pol\u00edtica de cookies de adirondacksofa.com<\/strong><\/p>\n\n\n\n<p>Este documento informa os Usu\u00e1rios sobre as tecnologias que ajudam adirondacksofa.com a atingir os objetivos descritos abaixo. Essas tecnologias permitem que o Propriet\u00e1rio acesse e armazene informa\u00e7\u00f5es (por exemplo, usando um Cookie) ou use recursos (por exemplo, executando um script) no dispositivo de um Usu\u00e1rio enquanto interage com adirondacksofa.com.<\/p>\n\n\n\n<p>Para simplificar, todas essas tecnologias s\u00e3o definidas como \u201cRastreadores\u201d neste documento \u2013 a menos que haja uma raz\u00e3o para diferenciar.<br>Por exemplo, embora os cookies possam ser usados em navegadores da web e m\u00f3veis, seria impreciso falar sobre cookies no contexto de aplicativos m\u00f3veis, pois s\u00e3o um rastreador baseado em navegador. Por esse motivo, neste documento, o termo Cookies \u00e9 usado apenas quando se destina especificamente a indicar esse tipo espec\u00edfico de Rastreador.<\/p>\n\n\n\n<p>Algumas das finalidades para as quais os Rastreadores s\u00e3o usados tamb\u00e9m podem exigir o consentimento do Usu\u00e1rio. Sempre que o consentimento \u00e9 dado, pode ser livremente retirado a qualquer momento seguindo as instru\u00e7\u00f5es fornecidas neste documento.<\/p>\n\n\n\n<p>Adirondacksofa.com usa Rastreadores gerenciados diretamente pelo Propriet\u00e1rio (os chamados Rastreadores \u201cprimeiros\u201d) e Rastreadores que permitem servi\u00e7os fornecidos por terceiros (os chamados Rastreadores \u201cterceiros\u201d). A menos que especificado de outra forma neste documento, fornecedores terceirizados podem acessar os Rastreadores gerenciados por eles.<br>Os per\u00edodos de validade e expira\u00e7\u00e3o de Cookies e outros Rastreadores semelhantes podem variar dependendo do tempo de vida definido pelo Propriet\u00e1rio ou pelo provedor relevante. Alguns deles expiram ap\u00f3s o t\u00e9rmino da sess\u00e3o de navega\u00e7\u00e3o do Usu\u00e1rio.<br>Al\u00e9m do que est\u00e1 especificado nas descri\u00e7\u00f5es dentro de cada uma das categorias abaixo, os Usu\u00e1rios podem encontrar informa\u00e7\u00f5es mais precisas e atualizadas sobre a especifica\u00e7\u00e3o da vida \u00fatil, bem como qualquer outra informa\u00e7\u00e3o relevante \u2013 como a presen\u00e7a de outros Rastreadores \u2013 nas pol\u00edticas de privacidade vinculadas dos respectivos fornecedores terceirizados ou entrando em contato com o Propriet\u00e1rio.<\/p>\n\n\n\n<p><strong>Atividades estritamente necess\u00e1rias para o funcionamento de adirondacksofa.com e entrega do Servi\u00e7o<\/strong><\/p>\n\n\n\n<p>Adirondacksofa.com usa os chamados Cookies \u201ct\u00e9cnicos\u201d e outros Rastreadores similares para realizar atividades estritamente necess\u00e1rias para a opera\u00e7\u00e3o ou entrega do Servi\u00e7o.<\/p>\n\n\n\n<p><strong>Rastreadores de terceiros<\/strong><\/p>\n\n\n\n<ul class=\"wp-block-list\"><li><strong>Hospedagem e infraestrutura de back-end<\/strong><\/li><\/ul>\n\n\n\n<p><strong>Outras atividades envolvendo o uso de Rastreadores<\/strong><\/p>\n\n\n\n<p><strong>Aprimoramento da experi\u00eancia<\/strong><\/p>\n\n\n\n<p>Adirondacksofa.com usa Trackers para fornecer uma experi\u00eancia de usu\u00e1rio personalizada, melhorando a qualidade das op\u00e7\u00f5es de gerenciamento de prefer\u00eancias e permitindo a intera\u00e7\u00e3o com redes e plataformas externas.<\/p>\n\n\n\n<ul class=\"wp-block-list\"><li><strong>Exibindo conte\u00fado de plataformas externas<\/strong><\/li><li><strong>Intera\u00e7\u00e3o com redes sociais e plataformas externas<\/strong><\/li><\/ul>\n\n\n\n<p><strong>Medi\u00e7\u00e3o<\/strong><\/p>\n\n\n\n<p>Adirondacksofa.com usa Rastreadores para medir o tr\u00e1fego e analisar o comportamento do Usu\u00e1rio com o objetivo de melhorar o Servi\u00e7o.<\/p>\n\n\n\n<ul class=\"wp-block-list\"><li><strong>An\u00e1lise<\/strong><\/li><\/ul>\n\n\n\n<p><strong>Segmenta\u00e7\u00e3o e publicidade<\/strong><\/p>\n\n\n\n<p>Adirondacksofa.com usa Rastreadores para fornecer conte\u00fado de marketing personalizado com base no comportamento do Usu\u00e1rio e para operar, veicular e rastrear an\u00fancios.<\/p>\n\n\n\n<ul class=\"wp-block-list\"><li><strong>Publicidade<\/strong><\/li><li><strong>Afilia\u00e7\u00e3o comercial<\/strong><\/li><\/ul>\n\n\n\n<p><strong>Como gerenciar prefer\u00eancias e fornecer ou retirar o consentimento<\/strong><\/p>\n\n\n\n<p>Existem v\u00e1rias maneiras de gerenciar as prefer\u00eancias relacionadas ao Rastreador e fornecer e retirar o consentimento, quando relevante:<\/p>\n\n\n\n<p>Os usu\u00e1rios podem gerenciar prefer\u00eancias relacionadas a Rastreadores diretamente nas configura\u00e7\u00f5es de seu pr\u00f3prio dispositivo, por exemplo, impedindo o uso ou armazenamento de Rastreadores.<\/p>\n\n\n\n<p>Al\u00e9m disso, sempre que o uso de Rastreadores for baseado em consentimento, os Usu\u00e1rios podem fornecer ou retirar tal consentimento definindo suas prefer\u00eancias no aviso de cookies ou atualizando essas prefer\u00eancias de acordo com o widget de prefer\u00eancias de consentimento relevante, se dispon\u00edvel.<\/p>\n\n\n\n<p>Tamb\u00e9m \u00e9 poss\u00edvel, por meio de recursos relevantes do navegador ou do dispositivo, excluir Rastreadores armazenados anteriormente, incluindo aqueles usados para lembrar o consentimento inicial do Usu\u00e1rio.<\/p>\n\n\n\n<p>Outros Rastreadores na mem\u00f3ria local do navegador podem ser apagados excluindo o hist\u00f3rico de navega\u00e7\u00e3o.<\/p>\n\n\n\n<p>Com rela\u00e7\u00e3o a quaisquer Rastreadores de terceiros, os Usu\u00e1rios podem gerenciar suas prefer\u00eancias e retirar seu consentimento por meio do link de desativa\u00e7\u00e3o relacionado (quando fornecido), usando os meios indicados na pol\u00edtica de privacidade do terceiro ou entrando em contato com o terceiro.<\/p>\n\n\n\n<p><strong>Localizando as configura\u00e7\u00f5es do rastreador<\/strong><\/p>\n\n\n\n<p>Os usu\u00e1rios podem, por exemplo, encontrar informa\u00e7\u00f5es sobre como gerenciar Cookies nos navegadores mais usados nos seguintes endere\u00e7os:<\/p>\n\n\n\n<ul class=\"wp-block-list\"><li><a href=\"https:\/\/support.google.com\/chrome\/answer\/95647?hl=en&amp;p=cpn_cookies\" target=\"_blank\" rel=\"noreferrer noopener\">Google Chrome<\/a><\/li><li><a href=\"https:\/\/support.mozilla.org\/en-US\/kb\/enable-and-disable-cookies-website-preferences\" target=\"_blank\" rel=\"noreferrer noopener\">Mozilla Firefox<\/a><\/li><li><a href=\"https:\/\/support.apple.com\/guide\/safari\/manage-cookies-and-website-data-sfri11471\/\" target=\"_blank\" rel=\"noreferrer noopener\">Apple Safari<\/a><\/li><li><a href=\"http:\/\/windows.microsoft.com\/en-us\/windows-vista\/block-or-allow-cookies\" target=\"_blank\" rel=\"noreferrer noopener\">Microsoft Internet Explorer<\/a><\/li><li><a href=\"https:\/\/support.microsoft.com\/en-us\/help\/4027947\" target=\"_blank\" rel=\"noreferrer noopener\">Microsoft borda<\/a><\/li><li><a href=\"https:\/\/support.brave.com\/hc\/en-us\/articles\/360022806212-How-do-I-use-Shields-while-browsing\" target=\"_blank\" rel=\"noreferrer noopener\">Corajoso<\/a><\/li><li><a href=\"https:\/\/help.opera.com\/en\/latest\/web-preferences\/#cookies\" target=\"_blank\" rel=\"noreferrer noopener\">\u00d3pera<\/a><\/li><\/ul>\n\n\n\n<p>Os usu\u00e1rios tamb\u00e9m podem gerenciar certas categorias de rastreadores usados em aplicativos m\u00f3veis, desativando as configura\u00e7\u00f5es relevantes do dispositivo, como as configura\u00e7\u00f5es de publicidade do dispositivo para dispositivos m\u00f3veis ou configura\u00e7\u00f5es de rastreamento em geral (os usu\u00e1rios podem abrir as configura\u00e7\u00f5es do dispositivo, visualizar e procurar a configura\u00e7\u00e3o relevante ).<\/p>\n\n\n\n<p><strong>Desativa\u00e7\u00f5es espec\u00edficas do setor de publicidade<\/strong><\/p>\n\n\n\n<p>N\u00e3o obstante o acima exposto, os Usu\u00e1rios podem seguir as instru\u00e7\u00f5es fornecidas pelo&nbsp;<a href=\"http:\/\/www.youronlinechoices.eu\/\" target=\"_blank\" rel=\"noreferrer noopener\">Suas escolhas on-line<\/a>&nbsp;(UE), o&nbsp;<a href=\"https:\/\/www.networkadvertising.org\/understanding-digital-advertising\" target=\"_blank\" rel=\"noreferrer noopener\">Iniciativa de publicidade em rede<\/a>&nbsp;(EUA) e o&nbsp;<a href=\"https:\/\/www.aboutads.info\/consumers\/\" target=\"_blank\" rel=\"noreferrer noopener\">Alian\u00e7a de publicidade digital<\/a>&nbsp;(N\u00d3S),&nbsp;<a href=\"https:\/\/youradchoices.ca\/understanding-online-advertising\/\" target=\"_blank\" rel=\"noreferrer noopener\">DAAC<\/a>&nbsp;(Canad\u00e1),&nbsp;<a href=\"http:\/\/www.ddai.info\/optout\" target=\"_blank\" rel=\"noreferrer noopener\">DDAI<\/a>&nbsp;(Jap\u00e3o) ou outros servi\u00e7os similares. Tais iniciativas permitem que os Usu\u00e1rios selecionem suas prefer\u00eancias de rastreamento para a maioria das ferramentas de publicidade. O Propriet\u00e1rio recomenda, assim, que os Usu\u00e1rios fa\u00e7am uso desses recursos al\u00e9m das informa\u00e7\u00f5es fornecidas neste documento.<\/p>\n\n\n\n<p>A Digital Advertising Alliance oferece um aplicativo chamado&nbsp;<a href=\"https:\/\/youradchoices.com\/appchoices\" target=\"_blank\" rel=\"noreferrer noopener\">AppChoices<\/a>&nbsp;que ajuda os usu\u00e1rios a controlar a publicidade baseada em interesses em aplicativos m\u00f3veis.<\/p>\n\n\n\n<p><strong>Propriet\u00e1rio e Controlador de Dados<\/strong><\/p>\n\n\n\n<p>Second Ring Road, Kakpagyilli Opp Dohanlee Junction, Tamale, Gana<\/p>\n\n\n\n<p><strong>E-mail de contato do propriet\u00e1rio:<\/strong>&nbsp;niendoo2@gmail.com<\/p>\n\n\n\n<p>Uma vez que o uso de Rastreadores de terceiros atrav\u00e9s de adirondacksofa.com n\u00e3o pode ser totalmente controlado pelo Propriet\u00e1rio, quaisquer refer\u00eancias espec\u00edficas a Rastreadores de terceiros devem ser consideradas indicativas. Para obter informa\u00e7\u00f5es completas, solicita-se aos Usu\u00e1rios que consultem as pol\u00edticas de privacidade dos respectivos servi\u00e7os terceirizados listados neste documento.<\/p>\n\n\n\n<p>Dada a complexidade objetiva em torno das tecnologias de rastreamento, os Usu\u00e1rios s\u00e3o incentivados a entrar em contato com o Propriet\u00e1rio caso desejem receber mais informa\u00e7\u00f5es sobre o uso de tais tecnologias por adirondacksofa.com.<\/p>\n\n\n\n<p><strong>Defini\u00e7\u00f5es e refer\u00eancias legais<\/strong><\/p>\n\n\n\n<p>\u00daltima atualiza\u00e7\u00e3o: 29 de outubro de 2020<\/p>\n\n\n\n<p><\/p>\n\n\n\n<p><\/p>","protected":false},"excerpt":{"rendered":"<p>Cookie Policy of adirondacksofa.com This document informs Users about the technologies that help adirondacksofa.com to achieve the purposes described below. Such technologies allow the Owner to access and store information (for example by using a Cookie) or use resources (for example by running a script) on a User\u2019s device as they interact with adirondacksofa.com. For [&hellip;]<\/p>\n","protected":false},"author":6,"featured_media":0,"parent":0,"menu_order":0,"comment_status":"closed","ping_status":"closed","template":"","meta":{"site-sidebar-layout":"default","site-content-layout":"","ast-site-content-layout":"default","site-content-style":"default","site-sidebar-style":"default","ast-global-header-display":"","ast-banner-title-visibility":"","ast-main-header-display":"","ast-hfb-above-header-display":"","ast-hfb-below-header-display":"","ast-hfb-mobile-header-display":"","site-post-title":"","ast-breadcrumbs-content":"","ast-featured-img":"","footer-sml-layout":"","ast-disable-related-posts":"","theme-transparent-header-meta":"","adv-header-id-meta":"","stick-header-meta":"","header-above-stick-meta":"","header-main-stick-meta":"","header-below-stick-meta":"","astra-migrate-meta-layouts":"default","ast-page-background-enabled":"default","ast-page-background-meta":{"desktop":{"background-color":"var(--ast-global-color-4)","background-image":"","background-repeat":"repeat","background-position":"center center","background-size":"auto","background-attachment":"scroll","background-type":"","background-media":"","overlay-type":"","overlay-color":"","overlay-opacity":"","overlay-gradient":""},"tablet":{"background-color":"","background-image":"","background-repeat":"repeat","background-position":"center center","background-size":"auto","background-attachment":"scroll","background-type":"","background-media":"","overlay-type":"","overlay-color":"","overlay-opacity":"","overlay-gradient":""},"mobile":{"background-color":"","background-image":"","background-repeat":"repeat","background-position":"center center","background-size":"auto","background-attachment":"scroll","background-type":"","background-media":"","overlay-type":"","overlay-color":"","overlay-opacity":"","overlay-gradient":""}},"ast-content-background-meta":{"desktop":{"background-color":"var(--ast-global-color-5)","background-image":"","background-repeat":"repeat","background-position":"center center","background-size":"auto","background-attachment":"scroll","background-type":"","background-media":"","overlay-type":"","overlay-color":"","overlay-opacity":"","overlay-gradient":""},"tablet":{"background-color":"var(--ast-global-color-5)","background-image":"","background-repeat":"repeat","background-position":"center center","background-size":"auto","background-attachment":"scroll","background-type":"","background-media":"","overlay-type":"","overlay-color":"","overlay-opacity":"","overlay-gradient":""},"mobile":{"background-color":"var(--ast-global-color-5)","background-image":"","background-repeat":"repeat","background-position":"center center","background-size":"auto","background-attachment":"scroll","background-type":"","background-media":"","overlay-type":"","overlay-color":"","overlay-opacity":"","overlay-gradient":""}},"footnotes":""},"class_list":["post-595","page","type-page","status-publish","hentry"],"_links":{"self":[{"href":"https:\/\/www.bestroofbags.com\/pt\/wp-json\/wp\/v2\/pages\/595","targetHints":{"allow":["GET"]}}],"collection":[{"href":"https:\/\/www.bestroofbags.com\/pt\/wp-json\/wp\/v2\/pages"}],"about":[{"href":"https:\/\/www.bestroofbags.com\/pt\/wp-json\/wp\/v2\/types\/page"}],"author":[{"embeddable":true,"href":"https:\/\/www.bestroofbags.com\/pt\/wp-json\/wp\/v2\/users\/6"}],"replies":[{"embeddable":true,"href":"https:\/\/www.bestroofbags.com\/pt\/wp-json\/wp\/v2\/comments?post=595"}],"version-history":[{"count":0,"href":"https:\/\/www.bestroofbags.com\/pt\/wp-json\/wp\/v2\/pages\/595\/revisions"}],"wp:attachment":[{"href":"https:\/\/www.bestroofbags.com\/pt\/wp-json\/wp\/v2\/media?parent=595"}],"curies":[{"name":"wp","href":"https:\/\/api.w.org\/{rel}","templated":true}]}}