{"id":598,"date":"2022-02-07T08:22:32","date_gmt":"2022-02-07T08:22:32","guid":{"rendered":"http:\/\/Niendoo"},"modified":"2022-06-26T13:55:28","modified_gmt":"2022-06-26T13:55:28","slug":"terms-and-conditions","status":"publish","type":"page","link":"https:\/\/www.bestroofbags.com\/pt\/termos-e-condicoes\/","title":{"rendered":"Termos e Condi\u00e7\u00f5es"},"content":{"rendered":"<div data-elementor-type=\"wp-page\" data-elementor-id=\"598\" class=\"elementor elementor-598\" data-elementor-post-type=\"page\">\n\t\t\t\t\t\t<section class=\"elementor-section elementor-top-section elementor-element elementor-element-3bc72ebb elementor-section-boxed elementor-section-height-default elementor-section-height-default\" data-id=\"3bc72ebb\" data-element_type=\"section\" data-e-type=\"section\">\n\t\t\t\t\t\t<div class=\"elementor-container elementor-column-gap-default\">\n\t\t\t\t\t<div class=\"elementor-column elementor-col-100 elementor-top-column elementor-element elementor-element-208799b7\" data-id=\"208799b7\" data-element_type=\"column\" data-e-type=\"column\">\n\t\t\t<div class=\"elementor-widget-wrap elementor-element-populated\">\n\t\t\t\t\t\t<div class=\"elementor-element elementor-element-4b70f5bb elementor-widget elementor-widget-text-editor\" data-id=\"4b70f5bb\" data-element_type=\"widget\" data-e-type=\"widget\" data-widget_type=\"text-editor.default\">\n\t\t\t\t<div class=\"elementor-widget-container\">\n\t\t\t\t\t\t\t\t\t\n<p>Bem-vindo ao BestRoofBags.com!<\/p>\n\n\n\n<p>Estes termos e condi\u00e7\u00f5es descrevem as regras e regulamentos para o uso do site da BestRoofBags.com, localizado em https:\/\/bestroofbags.com.<\/p>\n\n\n\n<p>Ao aceder a este website assumimos que aceita estes termos e condi\u00e7\u00f5es. N\u00e3o continue a usar BestRoofBags.com se n\u00e3o concordar em aceitar todos os termos e condi\u00e7\u00f5es indicados nesta p\u00e1gina.<\/p>\n\n\n\n<p>A seguinte terminologia se aplica a estes Termos e Condi\u00e7\u00f5es, Declara\u00e7\u00e3o de Privacidade e Aviso de Isen\u00e7\u00e3o de Responsabilidade e todos os Contratos: \u201cCliente\u201d, \u201cVoc\u00ea\u201d e \u201cSeu\u201d referem-se a voc\u00ea, a pessoa que faz login neste site e est\u00e1 em conformidade com os termos e condi\u00e7\u00f5es da Empresa. \u201cA Empresa\u201d, \u201cN\u00f3s mesmos\u201d, \u201cN\u00f3s\u201d, \u201cNosso\u201d e \u201cN\u00f3s\u201d, refere-se \u00e0 nossa Empresa. \u201cParte\u201d, \u201cPartes\u201d ou \u201cN\u00f3s\u201d, refere-se tanto ao Cliente quanto a n\u00f3s mesmos. Todos os termos referem-se \u00e0 oferta, aceita\u00e7\u00e3o e contrapresta\u00e7\u00e3o do pagamento necess\u00e1rio para realizar o processo de nossa assist\u00eancia ao Cliente da maneira mais adequada para o prop\u00f3sito expresso de atender \u00e0s necessidades do Cliente em rela\u00e7\u00e3o \u00e0 presta\u00e7\u00e3o dos servi\u00e7os declarados da Empresa, de acordo com e sujeito \u00e0 lei vigente da Holanda. Qualquer uso da terminologia acima ou outras palavras no singular, plural, mai\u00fasculas e\/ou ele\/ela ou eles, s\u00e3o considerados intercambi\u00e1veis e, portanto, referentes aos mesmos.<\/p>\n\n\n\n<h3 class=\"wp-block-heading\"><strong>Biscoitos<\/strong><\/h3>\n\n\n\n<p>Empregamos o uso de cookies. Ao acessar BestRoofBags.com, voc\u00ea concordou em usar cookies de acordo com a Pol\u00edtica de Privacidade do BestRoofBags.com.<\/p>\n\n\n\n<p>A maioria dos sites interativos usa cookies para nos permitir recuperar os detalhes do usu\u00e1rio para cada visita. Os cookies s\u00e3o usados pelo nosso site para habilitar a funcionalidade de determinadas \u00e1reas para facilitar as pessoas que visitam nosso site. Alguns de nossos afiliados\/parceiros de publicidade tamb\u00e9m podem usar cookies.<\/p>\n\n\n\n<h3 class=\"wp-block-heading\"><strong>Licen\u00e7a<\/strong><\/h3>\n\n\n\n<p>Salvo indica\u00e7\u00e3o em contr\u00e1rio, BestRoofBags.com e\/ou seus licenciadores possuem os direitos de propriedade intelectual de todo o material em BestRoofBags.com. Todos os direitos de propriedade intelectual s\u00e3o reservados. Voc\u00ea pode acess\u00e1-lo em BestRoofBags.com para uso pessoal, sujeito \u00e0s restri\u00e7\u00f5es estabelecidas nestes termos e condi\u00e7\u00f5es.<\/p>\n\n\n\n<p>Voc\u00ea n\u00e3o deve:<\/p>\n\n\n\n<ul class=\"wp-block-list\"><li>Republicar material de BestRoofBags.com<\/li><li>Vender, alugar ou sublicenciar material de BestRoofBags.com<\/li><li>Reproduza, duplique ou copie material de BestRoofBags.com<\/li><li>Redistribuir conte\u00fado de BestRoofBags.com<\/li><\/ul>\n\n\n\n<p>Este Contrato ter\u00e1 in\u00edcio na presente data. Nossos Termos e Condi\u00e7\u00f5es foram criados com a ajuda do <a href=\"https:\/\/www.termsandconditionsgenerator.com\" target=\"_blank\" rel=\"noopener\">Gerador de Termos e Condi\u00e7\u00f5es<\/a>.<\/p>\n\n\n\n<p>Partes deste site oferecem uma oportunidade para os usu\u00e1rios postarem e trocarem opini\u00f5es e informa\u00e7\u00f5es em determinadas \u00e1reas do site. BestRoofBags.com n\u00e3o filtra, edita, publica ou revisa Coment\u00e1rios antes de sua presen\u00e7a no site. Os coment\u00e1rios n\u00e3o refletem os pontos de vista e opini\u00f5es de BestRoofBags.com, seus agentes e\/ou afiliados. Os coment\u00e1rios refletem os pontos de vista e opini\u00f5es da pessoa que publica seus pontos de vista e opini\u00f5es. Na medida do permitido pelas leis aplic\u00e1veis, BestRoofBags.com n\u00e3o ser\u00e1 respons\u00e1vel pelos Coment\u00e1rios ou por qualquer responsabilidade, danos ou despesas causados e\/ou sofridos como resultado de qualquer uso e\/ou publica\u00e7\u00e3o e\/ou apar\u00eancia dos Coment\u00e1rios neste site.<\/p>\n\n\n\n<p>BestRoofBags.com reserva-se o direito de monitorar todos os Coment\u00e1rios e remover quaisquer Coment\u00e1rios que possam ser considerados inadequados, ofensivos ou que causem viola\u00e7\u00e3o destes Termos e Condi\u00e7\u00f5es.<\/p>\n\n\n\n<p>Voc\u00ea garante e declara que:<\/p>\n\n\n\n<ul class=\"wp-block-list\"><li>Voc\u00ea tem o direito de postar os Coment\u00e1rios em nosso site e tem todas as licen\u00e7as e consentimentos necess\u00e1rios para faz\u00ea-lo;<\/li><li>Os Coment\u00e1rios n\u00e3o invadem nenhum direito de propriedade intelectual, incluindo, sem limita\u00e7\u00e3o, direitos autorais, patentes ou marcas registradas de terceiros;<\/li><li>Os Coment\u00e1rios n\u00e3o cont\u00eam nenhum material difamat\u00f3rio, calunioso, ofensivo, indecente ou ilegal que seja uma invas\u00e3o de privacidade<\/li><li>Os Coment\u00e1rios n\u00e3o ser\u00e3o usados para solicitar ou promover neg\u00f3cios ou costumes ou apresentar atividades comerciais ou atividades ilegais.<\/li><\/ul>\n\n\n\n<p>Voc\u00ea concede a BestRoofBags.com uma licen\u00e7a n\u00e3o exclusiva para usar, reproduzir, editar e autorizar outros a usar, reproduzir e editar qualquer um de seus coment\u00e1rios em todas e quaisquer formas, formatos ou m\u00eddia.<\/p>\n\n\n\n<h3 class=\"wp-block-heading\"><strong>Hiperlinks para o nosso conte\u00fado<\/strong><\/h3>\n\n\n\n<p>As seguintes organiza\u00e7\u00f5es podem vincular-se ao nosso site sem aprova\u00e7\u00e3o pr\u00e9via por escrito:<\/p>\n\n\n\n<ul class=\"wp-block-list\"><li>Ag\u00eancias governamentais;<\/li><li>Motores de busca;<\/li><li>Organiza\u00e7\u00f5es de not\u00edcias;<\/li><li>Os distribuidores de diret\u00f3rios on-line podem vincular-se ao nosso site da mesma maneira que vinculam aos sites de outras empresas listadas; e<\/li><li>Empresas credenciadas em todo o sistema, exceto organiza\u00e7\u00f5es sem fins lucrativos, shopping centers de caridade e grupos de angaria\u00e7\u00e3o de fundos de caridade que n\u00e3o podem ter links para nosso site.<\/li><\/ul>\n\n\n\n<p>Essas organiza\u00e7\u00f5es podem criar links para nossa p\u00e1gina inicial, publica\u00e7\u00f5es ou outras informa\u00e7\u00f5es do site, desde que o link: (a) n\u00e3o seja de forma alguma enganoso; (b) n\u00e3o implique falsamente patroc\u00ednio, endosso ou aprova\u00e7\u00e3o da parte vinculada e seus produtos e\/ou servi\u00e7os; e (c) se enquadre no contexto do site da parte vinculada.<\/p>\n\n\n\n<p>Podemos considerar e aprovar outras solicita\u00e7\u00f5es de link dos seguintes tipos de organiza\u00e7\u00f5es:<\/p>\n\n\n\n<ul class=\"wp-block-list\"><li>fontes de informa\u00e7\u00f5es de consumidores e\/ou neg\u00f3cios comumente conhecidas;<\/li><li>sites da comunidade ponto.com;<\/li><li>associa\u00e7\u00f5es ou outros grupos que representam institui\u00e7\u00f5es de caridade;<\/li><li>distribuidores de diret\u00f3rios on-line;<\/li><li>portais de internet;<\/li><li>escrit\u00f3rios de contabilidade, advocacia e consultoria; e<\/li><li>institui\u00e7\u00f5es de ensino e associa\u00e7\u00f5es comerciais.<\/li><\/ul>\n\n\n\n<p>Aprovaremos solicita\u00e7\u00f5es de links dessas organiza\u00e7\u00f5es se decidirmos que: (a) o link n\u00e3o nos faria parecer desfavor\u00e1vel a n\u00f3s mesmos ou aos nossos neg\u00f3cios credenciados; (b) a organiza\u00e7\u00e3o n\u00e3o possui registros negativos conosco; (c) o benef\u00edcio para n\u00f3s da visibilidade do hiperlink compensa a aus\u00eancia de BestRoofBags.com; e (d) o link est\u00e1 no contexto de informa\u00e7\u00f5es gerais sobre recursos.<\/p>\n\n\n\n<p>Essas organiza\u00e7\u00f5es podem criar links para nossa p\u00e1gina inicial, desde que o link: (a) n\u00e3o seja enganoso de forma alguma; (b) n\u00e3o implique falsamente patroc\u00ednio, endosso ou aprova\u00e7\u00e3o da parte vinculada e seus produtos ou servi\u00e7os; e (c) se enquadre no contexto do site da parte vinculada.<\/p>\n\n\n\n<p>Se voc\u00ea \u00e9 uma das organiza\u00e7\u00f5es listadas no par\u00e1grafo 2 acima e est\u00e1 interessado em se conectar ao nosso site, voc\u00ea deve nos informar enviando um e-mail para BestRoofBags.com. Inclua seu nome, nome da sua organiza\u00e7\u00e3o, informa\u00e7\u00f5es de contato, bem como o URL do seu site, uma lista de todos os URLs dos quais voc\u00ea pretende vincular ao nosso site e uma lista dos URLs do nosso site para os quais voc\u00ea gostaria de link. Aguarde 2-3 semanas por uma resposta.<\/p>\n\n\n\n<p>As organiza\u00e7\u00f5es aprovadas podem criar links para o nosso site da seguinte forma:<\/p>\n\n\n\n<ul class=\"wp-block-list\"><li>Pelo uso de nosso nome corporativo; ou<\/li><li>Pelo uso do localizador uniforme de recursos que est\u00e1 sendo vinculado; ou<\/li><li>O uso de qualquer outra descri\u00e7\u00e3o do nosso site vinculado a isso faz sentido dentro do contexto e formato do conte\u00fado no site da parte vinculante.<\/li><\/ul>\n\n\n\n<p>Nenhum uso do logotipo do BestRoofBags.com ou outra arte ser\u00e1 permitido para vincular sem um contrato de licen\u00e7a de marca registrada.<\/p>\n\n\n\n<h3 class=\"wp-block-heading\"><strong>iFrames<\/strong><\/h3>\n\n\n\n<p>Sem aprova\u00e7\u00e3o pr\u00e9via e permiss\u00e3o por escrito, voc\u00ea n\u00e3o pode criar frames em torno de nossas p\u00e1ginas da Web que alterem de alguma forma a apresenta\u00e7\u00e3o visual ou a apar\u00eancia de nosso site.<\/p>\n\n\n\n<h3 class=\"wp-block-heading\"><strong>Responsabilidade de conte\u00fado<\/strong><\/h3>\n\n\n\n<p>N\u00e3o nos responsabilizamos por qualquer conte\u00fado que apare\u00e7a em seu site. Voc\u00ea concorda em nos proteger e nos defender contra todas as reivindica\u00e7\u00f5es que est\u00e3o surgindo em seu site. Nenhum link(s) deve(m) aparecer em qualquer site que possa ser interpretado como difamat\u00f3rio, obsceno ou criminoso, ou que infrinja, de outra forma viole ou defenda a viola\u00e7\u00e3o ou outra viola\u00e7\u00e3o de quaisquer direitos de terceiros.<\/p>\n\n\n\n<h3 class=\"wp-block-heading\"><strong>Sua privacidade<\/strong><\/h3>\n\n\n\n<p>Por favor, leia a Pol\u00edtica de Privacidade<\/p>\n\n\n\n<h3 class=\"wp-block-heading\"><strong>Reserva de Direitos<\/strong><\/h3>\n\n\n\n<p>Reservamo-nos o direito de solicitar que voc\u00ea remova todos os links ou qualquer link espec\u00edfico para o nosso site. Voc\u00ea aprova a remo\u00e7\u00e3o imediata de todos os links para nosso site mediante solicita\u00e7\u00e3o. Tamb\u00e9m nos reservamos o direito de alterar estes termos e condi\u00e7\u00f5es e sua pol\u00edtica de vincula\u00e7\u00e3o a qualquer momento. Ao vincular continuamente ao nosso site, voc\u00ea concorda em se comprometer e seguir estes termos e condi\u00e7\u00f5es de vincula\u00e7\u00e3o.<\/p>\n\n\n\n<h3 class=\"wp-block-heading\"><strong>Remo\u00e7\u00e3o de links do nosso site<\/strong><\/h3>\n\n\n\n<p>Se voc\u00ea encontrar algum link em nosso site que seja ofensivo por qualquer motivo, voc\u00ea pode entrar em contato e nos informar a qualquer momento. Consideraremos solicita\u00e7\u00f5es para remover links, mas n\u00e3o somos obrigados a responder a voc\u00ea diretamente.<\/p>\n\n\n\n<p>N\u00e3o garantimos que as informa\u00e7\u00f5es neste site estejam corretas, n\u00e3o garantimos sua integridade ou precis\u00e3o; nem prometemos garantir que o site permane\u00e7a dispon\u00edvel ou que o material no site seja mantido atualizado.<\/p>\n\n\n\n<h3 class=\"wp-block-heading\"><strong>Isen\u00e7\u00e3o de responsabilidade<\/strong><\/h3>\n\n\n\n<p>Na extens\u00e3o m\u00e1xima permitida pela lei aplic\u00e1vel, exclu\u00edmos todas as representa\u00e7\u00f5es, garantias e condi\u00e7\u00f5es relacionadas ao nosso site e ao uso deste site. Nada neste aviso legal ir\u00e1:<\/p>\n\n\n\n<ul class=\"wp-block-list\"><li>limitar ou excluir nossa ou sua responsabilidade por morte ou danos pessoais;<\/li><li>limitar ou excluir nossa ou sua responsabilidade por fraude ou deturpa\u00e7\u00e3o fraudulenta;<\/li><li>limitar qualquer uma de nossas ou suas responsabilidades de qualquer forma que n\u00e3o seja permitida pela lei aplic\u00e1vel; ou<\/li><li>excluir qualquer uma de nossas ou suas responsabilidades que n\u00e3o possam ser exclu\u00eddas pela lei aplic\u00e1vel.<\/li><\/ul>\n\n\n\n<p>As limita\u00e7\u00f5es e proibi\u00e7\u00f5es de responsabilidade estabelecidas nesta Se\u00e7\u00e3o e em outras partes desta isen\u00e7\u00e3o de responsabilidade: (a) est\u00e3o sujeitas ao par\u00e1grafo anterior; e (b) reger todas as responsabilidades decorrentes da isen\u00e7\u00e3o de responsabilidade, incluindo responsabilidades decorrentes de contrato, delito e viola\u00e7\u00e3o de dever legal.<\/p>\n\n\n\n<p>Desde que o site e as informa\u00e7\u00f5es e servi\u00e7os no site sejam fornecidos gratuitamente, n\u00e3o seremos respons\u00e1veis por quaisquer perdas ou danos de qualquer natureza.<\/p>\n\t\t\t\t\t\t\t\t<\/div>\n\t\t\t\t<\/div>\n\t\t\t\t\t<\/div>\n\t\t<\/div>\n\t\t\t\t\t<\/div>\n\t\t<\/section>\n\t\t\t\t<\/div>","protected":false},"excerpt":{"rendered":"<p>Welcome to BestRoofBags.com! These terms and conditions outline the rules and regulations for the use of BestRoofBags.com&#8217;s Website, located at https:\/\/bestroofbags.com. By accessing this website we assume you accept these terms and conditions. Do not continue to use BestRoofBags.com if you do not agree to take all of the terms and conditions stated on this [&hellip;]<\/p>\n","protected":false},"author":6,"featured_media":0,"parent":0,"menu_order":0,"comment_status":"closed","ping_status":"closed","template":"","meta":{"site-sidebar-layout":"default","site-content-layout":"","ast-site-content-layout":"default","site-content-style":"default","site-sidebar-style":"default","ast-global-header-display":"","ast-banner-title-visibility":"","ast-main-header-display":"","ast-hfb-above-header-display":"","ast-hfb-below-header-display":"","ast-hfb-mobile-header-display":"","site-post-title":"","ast-breadcrumbs-content":"","ast-featured-img":"","footer-sml-layout":"","ast-disable-related-posts":"","theme-transparent-header-meta":"","adv-header-id-meta":"","stick-header-meta":"","header-above-stick-meta":"","header-main-stick-meta":"","header-below-stick-meta":"","astra-migrate-meta-layouts":"default","ast-page-background-enabled":"default","ast-page-background-meta":{"desktop":{"background-color":"var(--ast-global-color-4)","background-image":"","background-repeat":"repeat","background-position":"center center","background-size":"auto","background-attachment":"scroll","background-type":"","background-media":"","overlay-type":"","overlay-color":"","overlay-opacity":"","overlay-gradient":""},"tablet":{"background-color":"","background-image":"","background-repeat":"repeat","background-position":"center center","background-size":"auto","background-attachment":"scroll","background-type":"","background-media":"","overlay-type":"","overlay-color":"","overlay-opacity":"","overlay-gradient":""},"mobile":{"background-color":"","background-image":"","background-repeat":"repeat","background-position":"center center","background-size":"auto","background-attachment":"scroll","background-type":"","background-media":"","overlay-type":"","overlay-color":"","overlay-opacity":"","overlay-gradient":""}},"ast-content-background-meta":{"desktop":{"background-color":"var(--ast-global-color-5)","background-image":"","background-repeat":"repeat","background-position":"center center","background-size":"auto","background-attachment":"scroll","background-type":"","background-media":"","overlay-type":"","overlay-color":"","overlay-opacity":"","overlay-gradient":""},"tablet":{"background-color":"var(--ast-global-color-5)","background-image":"","background-repeat":"repeat","background-position":"center center","background-size":"auto","background-attachment":"scroll","background-type":"","background-media":"","overlay-type":"","overlay-color":"","overlay-opacity":"","overlay-gradient":""},"mobile":{"background-color":"var(--ast-global-color-5)","background-image":"","background-repeat":"repeat","background-position":"center center","background-size":"auto","background-attachment":"scroll","background-type":"","background-media":"","overlay-type":"","overlay-color":"","overlay-opacity":"","overlay-gradient":""}},"footnotes":""},"class_list":["post-598","page","type-page","status-publish","hentry"],"_links":{"self":[{"href":"https:\/\/www.bestroofbags.com\/pt\/wp-json\/wp\/v2\/pages\/598","targetHints":{"allow":["GET"]}}],"collection":[{"href":"https:\/\/www.bestroofbags.com\/pt\/wp-json\/wp\/v2\/pages"}],"about":[{"href":"https:\/\/www.bestroofbags.com\/pt\/wp-json\/wp\/v2\/types\/page"}],"author":[{"embeddable":true,"href":"https:\/\/www.bestroofbags.com\/pt\/wp-json\/wp\/v2\/users\/6"}],"replies":[{"embeddable":true,"href":"https:\/\/www.bestroofbags.com\/pt\/wp-json\/wp\/v2\/comments?post=598"}],"version-history":[{"count":5,"href":"https:\/\/www.bestroofbags.com\/pt\/wp-json\/wp\/v2\/pages\/598\/revisions"}],"predecessor-version":[{"id":6286,"href":"https:\/\/www.bestroofbags.com\/pt\/wp-json\/wp\/v2\/pages\/598\/revisions\/6286"}],"wp:attachment":[{"href":"https:\/\/www.bestroofbags.com\/pt\/wp-json\/wp\/v2\/media?parent=598"}],"curies":[{"name":"wp","href":"https:\/\/api.w.org\/{rel}","templated":true}]}}