{"id":264,"date":"2022-02-07T08:22:32","date_gmt":"2022-02-07T08:22:32","guid":{"rendered":"http:\/\/Niendoo"},"modified":"2023-06-04T09:56:28","modified_gmt":"2023-06-04T09:56:28","slug":"privacy-policy","status":"publish","type":"page","link":"https:\/\/www.bestroofbags.com\/sv\/integritetspolicy\/","title":{"rendered":"Integritetspolicy"},"content":{"rendered":"<div data-elementor-type=\"wp-page\" data-elementor-id=\"264\" class=\"elementor elementor-264\" data-elementor-post-type=\"page\">\n\t\t\t\t\t\t<section class=\"elementor-section elementor-top-section elementor-element elementor-element-7ab0adc9 elementor-section-boxed elementor-section-height-default elementor-section-height-default\" data-id=\"7ab0adc9\" data-element_type=\"section\" data-e-type=\"section\">\n\t\t\t\t\t\t<div class=\"elementor-container elementor-column-gap-default\">\n\t\t\t\t\t<div class=\"elementor-column elementor-col-100 elementor-top-column elementor-element elementor-element-51086d21\" data-id=\"51086d21\" data-element_type=\"column\" data-e-type=\"column\">\n\t\t\t<div class=\"elementor-widget-wrap elementor-element-populated\">\n\t\t\t\t\t\t<div class=\"elementor-element elementor-element-18b66ec3 elementor-widget elementor-widget-text-editor\" data-id=\"18b66ec3\" data-element_type=\"widget\" data-e-type=\"widget\" data-widget_type=\"text-editor.default\">\n\t\t\t\t<div class=\"elementor-widget-container\">\n\t\t\t\t\t\t\t\t\t\n<h1 class=\"wp-block-heading\">Sekretesspolicy f\u00f6r BestRoofBags.com<\/h1>\n\n<p>P\u00e5 BestRoofBags.com, tillg\u00e4nglig fr\u00e5n https:\/\/bestroofbags.com, \u00e4r en av v\u00e5ra huvudprioriteringar v\u00e5ra bes\u00f6kares integritet. Detta sekretesspolicydokument inneh\u00e5ller typer av information som samlas in och registreras av BestRoofBags.com och hur vi anv\u00e4nder den.<\/p>\n\n<p>Om du har ytterligare fr\u00e5gor eller beh\u00f6ver mer information om v\u00e5r integritetspolicy, tveka inte att kontakta oss.<\/p>\n\n<p>Denna integritetspolicy g\u00e4ller endast v\u00e5ra onlineaktiviteter och \u00e4r giltig f\u00f6r bes\u00f6kare p\u00e5 v\u00e5r webbplats med avseende p\u00e5 informationen som de delat och\/eller samlar in p\u00e5 BestRoofBags.com. Denna policy \u00e4r inte till\u00e4mplig p\u00e5 information som samlas in offline eller via andra kanaler \u00e4n denna webbplats. V\u00e5r integritetspolicy skapades med hj\u00e4lp av <a href=\"https:\/\/www.privacypolicygenerator.info\/\" target=\"_blank\" rel=\"noopener\">Generator f\u00f6r sekretesspolicy<\/a>.<\/p>\n\n<h2 class=\"wp-block-heading\">Samtycke<\/h2>\n\n<p>Genom att anv\u00e4nda v\u00e5r webbplats samtycker du h\u00e4rmed till v\u00e5r integritetspolicy och godk\u00e4nner dess villkor.<\/p>\n\n<h2 class=\"wp-block-heading\">Information vi samlar in<\/h2>\n\n<p>Den personliga information som du ombeds l\u00e4mna, och sk\u00e4len till varf\u00f6r du ombeds att tillhandah\u00e5lla den, kommer att klarg\u00f6ras f\u00f6r dig n\u00e4r vi ber dig att l\u00e4mna din personliga information.<\/p>\n\n<p>Om du kontaktar oss direkt kan vi f\u00e5 ytterligare information om dig s\u00e5som ditt namn, e-postadress, telefonnummer, inneh\u00e5llet i meddelandet och\/eller bilagor du kan skicka till oss och all annan information du kan v\u00e4lja att tillhandah\u00e5lla.<\/p>\n\n<p>N\u00e4r du registrerar dig f\u00f6r ett konto kan vi be om din kontaktinformation, inklusive uppgifter som namn, f\u00f6retagsnamn, adress, e-postadress och telefonnummer.<\/p>\n\n<h2 class=\"wp-block-heading\">Hur vi anv\u00e4nder din information<\/h2>\n\n<p>Vi anv\u00e4nder informationen vi samlar in p\u00e5 olika s\u00e4tt, inklusive f\u00f6r att:<\/p>\n\n<ul class=\"wp-block-list\">\n<li>Tillhandah\u00e5lla, driva och underh\u00e5lla v\u00e5r webbplats<\/li>\n<li>F\u00f6rb\u00e4ttra, anpassa och ut\u00f6ka v\u00e5r webbplats<\/li>\n<li>F\u00f6rst\u00e5 och analysera hur du anv\u00e4nder v\u00e5r webbplats<\/li>\n<li>Utveckla nya produkter, tj\u00e4nster, funktioner och funktionalitet<\/li>\n<li>Kommunicera med dig, antingen direkt eller genom n\u00e5gon av v\u00e5ra partners, inklusive f\u00f6r kundtj\u00e4nst, f\u00f6r att f\u00f6rse dig med uppdateringar och annan information som r\u00f6r webbplatsen och f\u00f6r marknadsf\u00f6rings- och reklamsyfte<\/li>\n<li>Skickar mejl till dig<\/li>\n<li>Hitta och f\u00f6rhindra bedr\u00e4gerier<\/li>\n<\/ul>\n\n<h2 class=\"wp-block-heading\">Loggfiler<\/h2>\n\n<p>BestRoofBags.com f\u00f6ljer en standardprocedur f\u00f6r att anv\u00e4nda loggfiler. Dessa filer loggar bes\u00f6kare n\u00e4r de bes\u00f6ker webbplatser. Alla v\u00e4rdf\u00f6retag g\u00f6r detta och \u00e4r en del av v\u00e4rdtj\u00e4nsternas analys. Informationen som samlas in av loggfiler inkluderar IP-adresser (Internet Protocol), webbl\u00e4sartyp, Internetleverant\u00f6r (ISP), datum- och tidsst\u00e4mpel, referens-\/utg\u00e5ngssidor och m\u00f6jligen antalet klick. Dessa \u00e4r inte kopplade till n\u00e5gon information som \u00e4r personligt identifierbar. Syftet med informationen \u00e4r att analysera trender, administrera webbplatsen, sp\u00e5ra anv\u00e4ndares r\u00f6relser p\u00e5 webbplatsen och samla in demografisk information.<\/p>\n\n<h2 class=\"wp-block-heading\">Cookies och webbsignaler<\/h2>\n\n<p>Precis som alla andra webbplatser anv\u00e4nder BestRoofBags.com &quot;cookies&quot;. Dessa cookies anv\u00e4nds f\u00f6r att lagra information inklusive bes\u00f6karnas preferenser och de sidor p\u00e5 webbplatsen som bes\u00f6karen bes\u00f6kte eller bes\u00f6kte. Informationen anv\u00e4nds f\u00f6r att optimera anv\u00e4ndarnas upplevelse genom att anpassa inneh\u00e5llet p\u00e5 v\u00e5r webbsida baserat p\u00e5 bes\u00f6karnas webbl\u00e4sartyp och\/eller annan information.<\/p>\n\n<p>F\u00f6r mer allm\u00e4n information om cookies, l\u00e4s <a href=\"https:\/\/www.privacypolicyonline.com\/what-are-cookies\/\" target=\"_blank\" rel=\"noopener\">&quot;Vad \u00e4r kakor&quot;<\/a>.<\/p>\n\n<h2 class=\"wp-block-heading\">Google DoubleClick DART Cookie<\/h2>\n\n<p>Google \u00e4r en av en tredjepartsleverant\u00f6r p\u00e5 v\u00e5r webbplats. Den anv\u00e4nder ocks\u00e5 cookies, s\u00e5 kallade DART-cookies, f\u00f6r att visa annonser till v\u00e5ra webbplatsbes\u00f6kare baserat p\u00e5 deras bes\u00f6k p\u00e5 www.website.com och andra webbplatser p\u00e5 internet. Bes\u00f6kare kan dock v\u00e4lja att avb\u00f6ja anv\u00e4ndningen av DART-cookies genom att bes\u00f6ka Googles sekretesspolicy f\u00f6r annons- och inneh\u00e5llsn\u00e4tverk p\u00e5 f\u00f6ljande webbadress \u2013 <a href=\"https:\/\/policies.google.com\/technologies\/ads\" target=\"_blank\" rel=\"noopener\">https:\/\/policies.google.com\/technologies\/ads<\/a><\/p>\n\n<h2 class=\"wp-block-heading\">V\u00e5ra reklampartners<\/h2>\n\n<p>Vissa annons\u00f6rer p\u00e5 v\u00e5r webbplats kan anv\u00e4nda cookies och webbsignaler. V\u00e5ra annonspartners listas nedan. Var och en av v\u00e5ra annonspartners har sin egen integritetspolicy f\u00f6r sina policyer f\u00f6r anv\u00e4ndardata. F\u00f6r enklare \u00e5tkomst l\u00e4nkade vi till deras sekretesspolicyer nedan.<\/p>\n\n<ul class=\"wp-block-list\">\n<li>Google <a href=\"https:\/\/policies.google.com\/technologies\/ads\" target=\"_blank\" rel=\"noopener\">https:\/\/policies.google.com\/technologies\/ads<\/a><\/li>\n<\/ul>\n\n<h2 class=\"wp-block-heading\">Annonspartners sekretesspolicy<\/h2>\n\n<p>Du kan konsultera den h\u00e4r listan f\u00f6r att hitta sekretesspolicyn f\u00f6r var och en av BestRoofBags.coms reklampartner.<\/p>\n\n<p>Tredjeparts annonsservrar eller annonsn\u00e4tverk anv\u00e4nder tekniker som cookies, JavaScript eller Web Beacons som anv\u00e4nds i deras respektive annonser och l\u00e4nkar som visas p\u00e5 BestRoofBags.com, som skickas direkt till anv\u00e4ndarnas webbl\u00e4sare. De f\u00e5r automatiskt din IP-adress n\u00e4r detta intr\u00e4ffar. Dessa tekniker anv\u00e4nds f\u00f6r att m\u00e4ta effektiviteten av deras reklamkampanjer och\/eller f\u00f6r att anpassa annonsinneh\u00e5llet som du ser p\u00e5 webbplatser som du bes\u00f6ker.<\/p>\n\n<p>Observera att BestRoofBags.com inte har tillg\u00e5ng till eller kontroll \u00f6ver dessa cookies som anv\u00e4nds av tredjepartsannons\u00f6rer.<\/p>\n\n<h2 class=\"wp-block-heading\">Tredje parts sekretesspolicyer<\/h2>\n\n<p>BestRoofBags.coms integritetspolicy g\u00e4ller inte andra annons\u00f6rer eller webbplatser. D\u00e4rf\u00f6r r\u00e5der vi dig att konsultera respektive sekretesspolicy f\u00f6r dessa tredjepartsannonsservrar f\u00f6r mer detaljerad information. Det kan inneh\u00e5lla deras praxis och instruktioner om hur man v\u00e4ljer bort vissa alternativ.<\/p>\n\n<p>Du kan v\u00e4lja att inaktivera cookies genom dina individuella webbl\u00e4saralternativ. F\u00f6r att f\u00e5 mer detaljerad information om cookiehantering med specifika webbl\u00e4sare finns den p\u00e5 webbl\u00e4sarnas respektive webbplatser.<\/p>\n\n<h2 class=\"wp-block-heading\">CCPA-sekretessr\u00e4ttigheter (s\u00e4lj inte min personliga information)<\/h2>\n\n<p>Enligt CCPA, bland andra r\u00e4ttigheter, har konsumenter i Kalifornien r\u00e4tt att:<\/p>\n\n<p>Beg\u00e4r att ett f\u00f6retag som samlar in en konsuments personuppgifter avsl\u00f6jar de kategorier och specifika delar av personuppgifter som ett f\u00f6retag har samlat in om konsumenter.<\/p>\n\n<p>Beg\u00e4r att ett f\u00f6retag raderar eventuella personuppgifter om konsumenten som ett f\u00f6retag har samlat in.<\/p>\n\n<p>Beg\u00e4r att ett f\u00f6retag som s\u00e4ljer en konsuments personuppgifter inte s\u00e4ljer konsumentens personuppgifter.<\/p>\n\n<p>Om du g\u00f6r en f\u00f6rfr\u00e5gan har vi en m\u00e5nad p\u00e5 oss att svara dig. Om du vill ut\u00f6va n\u00e5gon av dessa r\u00e4ttigheter, v\u00e4nligen kontakta oss.<\/p>\n\n<h2 class=\"wp-block-heading\">GDPR Dataskyddsr\u00e4ttigheter<\/h2>\n\n<p>Vi vill se till att du \u00e4r fullt medveten om alla dina dataskyddsr\u00e4ttigheter. Varje anv\u00e4ndare har r\u00e4tt till f\u00f6ljande:<\/p>\n\n<p>R\u00e4tt till tillg\u00e5ng \u2013 Du har r\u00e4tt att beg\u00e4ra kopior av dina personuppgifter. Vi kan ta ut en liten avgift f\u00f6r denna tj\u00e4nst.<\/p>\n\n<p>R\u00e4tten till r\u00e4ttelse \u2013 Du har r\u00e4tt att beg\u00e4ra att vi korrigerar all information som du anser \u00e4r felaktig. Du har ocks\u00e5 r\u00e4tt att beg\u00e4ra att vi kompletterar den information du anser \u00e4r ofullst\u00e4ndig.<\/p>\n\n<p>R\u00e4tten till radering \u2013 Du har r\u00e4tt att beg\u00e4ra att vi raderar dina personuppgifter, under vissa f\u00f6ruts\u00e4ttningar.<\/p>\n\n<p>R\u00e4tten att begr\u00e4nsa behandlingen \u2013 Du har r\u00e4tt att beg\u00e4ra att vi begr\u00e4nsar behandlingen av dina personuppgifter, under vissa f\u00f6ruts\u00e4ttningar.<\/p>\n\n<p>R\u00e4tt att inv\u00e4nda mot behandling \u2013 Du har r\u00e4tt att inv\u00e4nda mot v\u00e5r behandling av dina personuppgifter, under vissa f\u00f6ruts\u00e4ttningar.<\/p>\n\n<p>R\u00e4tten till dataportabilitet \u2013 Du har r\u00e4tt att beg\u00e4ra att vi \u00f6verf\u00f6r de uppgifter som vi har samlat in till en annan organisation, eller direkt till dig, under vissa f\u00f6ruts\u00e4ttningar.<\/p>\n\n<p>Om du g\u00f6r en f\u00f6rfr\u00e5gan har vi en m\u00e5nad p\u00e5 oss att svara dig. Om du vill ut\u00f6va n\u00e5gon av dessa r\u00e4ttigheter, v\u00e4nligen kontakta oss.<\/p>\n\n<h2 class=\"wp-block-heading\">Barninformation<\/h2>\n\n<p>En annan del av v\u00e5r prioritet \u00e4r att l\u00e4gga till skydd f\u00f6r barn n\u00e4r de anv\u00e4nder internet. Vi uppmuntrar f\u00f6r\u00e4ldrar och v\u00e5rdnadshavare att observera, delta i och\/eller \u00f6vervaka och v\u00e4gleda deras onlineaktivitet.<\/p>\n\n<p>BestRoofBags.com samlar inte medvetet in n\u00e5gon personlig identifierbar information fr\u00e5n barn under 13 \u00e5r. Om du tror att ditt barn har l\u00e4mnat denna typ av information p\u00e5 v\u00e5r webbplats, rekommenderar vi starkt att du kontaktar oss omedelbart och vi kommer att g\u00f6ra v\u00e5rt b\u00e4sta f\u00f6r att omedelbart ta bort s\u00e5dan information fr\u00e5n v\u00e5ra register.<\/p>\n\t\t\t\t\t\t\t\t<\/div>\n\t\t\t\t<\/div>\n\t\t\t\t\t<\/div>\n\t\t<\/div>\n\t\t\t\t\t<\/div>\n\t\t<\/section>\n\t\t\t\t<\/div>","protected":false},"excerpt":{"rendered":"<p>Privacy Policy for BestRoofBags.com At BestRoofBags.com, accessible from https:\/\/bestroofbags.com, one of our main priorities is the privacy of our visitors. This Privacy Policy document contains types of information that is collected and recorded by BestRoofBags.com and how we use it. If you have additional questions or require more information about our Privacy Policy, do not [&hellip;]<\/p>\n","protected":false},"author":6,"featured_media":0,"parent":0,"menu_order":0,"comment_status":"closed","ping_status":"closed","template":"elementor_header_footer","meta":{"site-sidebar-layout":"default","site-content-layout":"","ast-site-content-layout":"default","site-content-style":"default","site-sidebar-style":"default","ast-global-header-display":"","ast-banner-title-visibility":"","ast-main-header-display":"","ast-hfb-above-header-display":"","ast-hfb-below-header-display":"","ast-hfb-mobile-header-display":"","site-post-title":"","ast-breadcrumbs-content":"","ast-featured-img":"","footer-sml-layout":"","ast-disable-related-posts":"","theme-transparent-header-meta":"","adv-header-id-meta":"","stick-header-meta":"","header-above-stick-meta":"","header-main-stick-meta":"","header-below-stick-meta":"","astra-migrate-meta-layouts":"default","ast-page-background-enabled":"default","ast-page-background-meta":{"desktop":{"background-color":"var(--ast-global-color-4)","background-image":"","background-repeat":"repeat","background-position":"center center","background-size":"auto","background-attachment":"scroll","background-type":"","background-media":"","overlay-type":"","overlay-color":"","overlay-opacity":"","overlay-gradient":""},"tablet":{"background-color":"","background-image":"","background-repeat":"repeat","background-position":"center center","background-size":"auto","background-attachment":"scroll","background-type":"","background-media":"","overlay-type":"","overlay-color":"","overlay-opacity":"","overlay-gradient":""},"mobile":{"background-color":"","background-image":"","background-repeat":"repeat","background-position":"center center","background-size":"auto","background-attachment":"scroll","background-type":"","background-media":"","overlay-type":"","overlay-color":"","overlay-opacity":"","overlay-gradient":""}},"ast-content-background-meta":{"desktop":{"background-color":"var(--ast-global-color-5)","background-image":"","background-repeat":"repeat","background-position":"center center","background-size":"auto","background-attachment":"scroll","background-type":"","background-media":"","overlay-type":"","overlay-color":"","overlay-opacity":"","overlay-gradient":""},"tablet":{"background-color":"var(--ast-global-color-5)","background-image":"","background-repeat":"repeat","background-position":"center center","background-size":"auto","background-attachment":"scroll","background-type":"","background-media":"","overlay-type":"","overlay-color":"","overlay-opacity":"","overlay-gradient":""},"mobile":{"background-color":"var(--ast-global-color-5)","background-image":"","background-repeat":"repeat","background-position":"center center","background-size":"auto","background-attachment":"scroll","background-type":"","background-media":"","overlay-type":"","overlay-color":"","overlay-opacity":"","overlay-gradient":""}},"footnotes":""},"class_list":["post-264","page","type-page","status-publish","hentry"],"_links":{"self":[{"href":"https:\/\/www.bestroofbags.com\/sv\/wp-json\/wp\/v2\/pages\/264","targetHints":{"allow":["GET"]}}],"collection":[{"href":"https:\/\/www.bestroofbags.com\/sv\/wp-json\/wp\/v2\/pages"}],"about":[{"href":"https:\/\/www.bestroofbags.com\/sv\/wp-json\/wp\/v2\/types\/page"}],"author":[{"embeddable":true,"href":"https:\/\/www.bestroofbags.com\/sv\/wp-json\/wp\/v2\/users\/6"}],"replies":[{"embeddable":true,"href":"https:\/\/www.bestroofbags.com\/sv\/wp-json\/wp\/v2\/comments?post=264"}],"version-history":[{"count":11,"href":"https:\/\/www.bestroofbags.com\/sv\/wp-json\/wp\/v2\/pages\/264\/revisions"}],"predecessor-version":[{"id":7506,"href":"https:\/\/www.bestroofbags.com\/sv\/wp-json\/wp\/v2\/pages\/264\/revisions\/7506"}],"wp:attachment":[{"href":"https:\/\/www.bestroofbags.com\/sv\/wp-json\/wp\/v2\/media?parent=264"}],"curies":[{"name":"wp","href":"https:\/\/api.w.org\/{rel}","templated":true}]}}