{"id":595,"date":"2022-02-07T08:22:32","date_gmt":"2022-02-07T08:22:32","guid":{"rendered":"http:\/\/Niendoo"},"modified":"2022-02-07T08:22:32","modified_gmt":"2022-02-07T08:22:32","slug":"cookie","status":"publish","type":"page","link":"https:\/\/www.bestroofbags.com\/sv\/kaka\/","title":{"rendered":"Kaka"},"content":{"rendered":"<p><strong>Cookiepolicy f\u00f6r adirondacksofa.com<\/strong><\/p>\n\n\n\n<p>Detta dokument informerar anv\u00e4ndarna om de teknologier som hj\u00e4lper adirondacksofa.com att uppn\u00e5 de syften som beskrivs nedan. S\u00e5dan teknik till\u00e5ter \u00e4garen att komma \u00e5t och lagra information (till exempel genom att anv\u00e4nda en cookie) eller anv\u00e4nda resurser (till exempel genom att k\u00f6ra ett skript) p\u00e5 en anv\u00e4ndares enhet n\u00e4r de interagerar med adirondacksofa.com.<\/p>\n\n\n\n<p>F\u00f6r enkelhetens skull definieras alla s\u00e5dana teknologier som &quot;Sp\u00e5rare&quot; i detta dokument \u2013 s\u00e5vida det inte finns anledning att g\u00f6ra skillnad.<br>Till exempel, medan cookies kan anv\u00e4ndas i b\u00e5de webbl\u00e4sare och mobila webbl\u00e4sare, skulle det vara felaktigt att tala om cookies i samband med mobilappar eftersom de \u00e4r en webbl\u00e4sarbaserad Tracker. Av denna anledning, i detta dokument, anv\u00e4nds termen Cookies endast d\u00e4r det \u00e4r specifikt avsett att indikera den specifika typen av Tracker.<\/p>\n\n\n\n<p>Vissa av de syften som Trackers anv\u00e4nds f\u00f6r kan ocks\u00e5 kr\u00e4va anv\u00e4ndarens samtycke. N\u00e4rhelst samtycke ges kan det fritt \u00e5terkallas n\u00e4r som helst enligt instruktionerna i detta dokument.<\/p>\n\n\n\n<p>Adirondacksofa.com anv\u00e4nder sp\u00e5rare som hanteras direkt av \u00e4garen (s\u00e5 kallade &quot;f\u00f6rstaparts&quot; sp\u00e5rare) och sp\u00e5rare som m\u00f6jligg\u00f6r tj\u00e4nster som tillhandah\u00e5lls av en tredje part (s\u00e5 kallade &quot;tredjeparts&quot; sp\u00e5rare). Om inget annat anges i detta dokument, kan tredjepartsleverant\u00f6rer f\u00e5 tillg\u00e5ng till sp\u00e5rarna som hanteras av dem.<br>Giltighets- och utg\u00e5ngsperioderna f\u00f6r cookies och andra liknande sp\u00e5rare kan variera beroende p\u00e5 den livsl\u00e4ngd som best\u00e4mts av \u00e4garen eller relevant leverant\u00f6r. Vissa av dem upph\u00f6r att g\u00e4lla n\u00e4r anv\u00e4ndarens surfsession avslutas.<br>Ut\u00f6ver vad som anges i beskrivningarna inom var och en av kategorierna nedan, kan Anv\u00e4ndare hitta mer exakt och uppdaterad information om livstidsspecifikation s\u00e5v\u00e4l som all annan relevant information \u2013 s\u00e5som n\u00e4rvaron av andra sp\u00e5rare \u2013 i de l\u00e4nkade sekretesspolicyerna f\u00f6r respektive tredjepartsleverant\u00f6rer eller genom att kontakta \u00e4garen.<\/p>\n\n\n\n<p><strong>Aktiviteter som \u00e4r strikt n\u00f6dv\u00e4ndiga f\u00f6r driften av adirondacksofa.com och leverans av tj\u00e4nsten<\/strong><\/p>\n\n\n\n<p>Adirondacksofa.com anv\u00e4nder s\u00e5 kallade &quot;tekniska&quot; cookies och andra liknande sp\u00e5rare f\u00f6r att utf\u00f6ra aktiviteter som \u00e4r strikt n\u00f6dv\u00e4ndiga f\u00f6r driften eller leveransen av Tj\u00e4nsten.<\/p>\n\n\n\n<p><strong>Tredjepartssp\u00e5rare<\/strong><\/p>\n\n\n\n<ul class=\"wp-block-list\"><li><strong>Hosting och backend-infrastruktur<\/strong><\/li><\/ul>\n\n\n\n<p><strong>Andra aktiviteter som involverar anv\u00e4ndning av Trackers<\/strong><\/p>\n\n\n\n<p><strong>Upplevelsef\u00f6rb\u00e4ttring<\/strong><\/p>\n\n\n\n<p>Adirondacksofa.com anv\u00e4nder Trackers f\u00f6r att ge en personlig anv\u00e4ndarupplevelse genom att f\u00f6rb\u00e4ttra kvaliteten p\u00e5 alternativen f\u00f6r preferenshantering och genom att m\u00f6jligg\u00f6ra interaktion med externa n\u00e4tverk och plattformar.<\/p>\n\n\n\n<ul class=\"wp-block-list\"><li><strong>Visa inneh\u00e5ll fr\u00e5n externa plattformar<\/strong><\/li><li><strong>Interaktion med externa sociala n\u00e4tverk och plattformar<\/strong><\/li><\/ul>\n\n\n\n<p><strong>M\u00e5tt<\/strong><\/p>\n\n\n\n<p>Adirondacksofa.com anv\u00e4nder Trackers f\u00f6r att m\u00e4ta trafik och analysera anv\u00e4ndarbeteende med m\u00e5let att f\u00f6rb\u00e4ttra Tj\u00e4nsten.<\/p>\n\n\n\n<ul class=\"wp-block-list\"><li><strong>Analytics<\/strong><\/li><\/ul>\n\n\n\n<p><strong>Inriktning och reklam<\/strong><\/p>\n\n\n\n<p>Adirondacksofa.com anv\u00e4nder Trackers f\u00f6r att leverera personligt anpassat marknadsf\u00f6ringsinneh\u00e5ll baserat p\u00e5 anv\u00e4ndarbeteende och f\u00f6r att driva, visa och sp\u00e5ra annonser.<\/p>\n\n\n\n<ul class=\"wp-block-list\"><li><strong>Reklam<\/strong><\/li><li><strong>Kommersiell tillh\u00f6righet<\/strong><\/li><\/ul>\n\n\n\n<p><strong>Hur man hanterar inst\u00e4llningar och ger eller \u00e5terkallar samtycke<\/strong><\/p>\n\n\n\n<p>Det finns olika s\u00e4tt att hantera Tracker-relaterade preferenser och att ge och \u00e5terkalla samtycke, d\u00e4r det \u00e4r relevant:<\/p>\n\n\n\n<p>Anv\u00e4ndare kan hantera inst\u00e4llningar relaterade till sp\u00e5rare direkt fr\u00e5n sina egna enhetsinst\u00e4llningar, till exempel genom att f\u00f6rhindra anv\u00e4ndning eller lagring av sp\u00e5rare.<\/p>\n\n\n\n<p>Dessutom, n\u00e4rhelst anv\u00e4ndningen av Trackers baseras p\u00e5 samtycke, kan Anv\u00e4ndare ge eller \u00e5terkalla s\u00e5dant samtycke genom att st\u00e4lla in sina preferenser i cookiemeddelandet eller genom att uppdatera s\u00e5dana preferenser i enlighet d\u00e4rmed via den relevanta samtyckespreferens-widgeten, om tillg\u00e4nglig.<\/p>\n\n\n\n<p>Det \u00e4r ocks\u00e5 m\u00f6jligt, via relevanta webbl\u00e4sare eller enhetsfunktioner, att radera tidigare lagrade sp\u00e5rare, inklusive de som anv\u00e4nds f\u00f6r att komma ih\u00e5g anv\u00e4ndarens ursprungliga samtycke.<\/p>\n\n\n\n<p>Andra sp\u00e5rare i webbl\u00e4sarens lokala minne kan rensas genom att radera webbhistoriken.<\/p>\n\n\n\n<p>N\u00e4r det g\u00e4ller tredjepartssp\u00e5rare kan Anv\u00e4ndare hantera sina preferenser och dra tillbaka sitt samtycke via den relaterade opt-out-l\u00e4nken (om s\u00e5dan finns), genom att anv\u00e4nda de medel som anges i tredje partens integritetspolicy eller genom att kontakta tredje part.<\/p>\n\n\n\n<p><strong>Hitta sp\u00e5rningsinst\u00e4llningar<\/strong><\/p>\n\n\n\n<p>Anv\u00e4ndare kan till exempel hitta information om hur man hanterar cookies i de vanligaste webbl\u00e4sarna p\u00e5 f\u00f6ljande adresser:<\/p>\n\n\n\n<ul class=\"wp-block-list\"><li><a href=\"https:\/\/support.google.com\/chrome\/answer\/95647?hl=en&amp;p=cpn_cookies\" target=\"_blank\" rel=\"noreferrer noopener\">Google Chrome<\/a><\/li><li><a href=\"https:\/\/support.mozilla.org\/en-US\/kb\/enable-and-disable-cookies-website-preferences\" target=\"_blank\" rel=\"noreferrer noopener\">Mozilla Firefox<\/a><\/li><li><a href=\"https:\/\/support.apple.com\/guide\/safari\/manage-cookies-and-website-data-sfri11471\/\" target=\"_blank\" rel=\"noreferrer noopener\">Apple Safari<\/a><\/li><li><a href=\"http:\/\/windows.microsoft.com\/en-us\/windows-vista\/block-or-allow-cookies\" target=\"_blank\" rel=\"noreferrer noopener\">Microsoft Internet Explorer<\/a><\/li><li><a href=\"https:\/\/support.microsoft.com\/en-us\/help\/4027947\" target=\"_blank\" rel=\"noreferrer noopener\">Microsoft Edge<\/a><\/li><li><a href=\"https:\/\/support.brave.com\/hc\/en-us\/articles\/360022806212-How-do-I-use-Shields-while-browsing\" target=\"_blank\" rel=\"noreferrer noopener\">Modig<\/a><\/li><li><a href=\"https:\/\/help.opera.com\/en\/latest\/web-preferences\/#cookies\" target=\"_blank\" rel=\"noreferrer noopener\">Opera<\/a><\/li><\/ul>\n\n\n\n<p>Anv\u00e4ndare kan ocks\u00e5 hantera vissa kategorier av sp\u00e5rare som anv\u00e4nds p\u00e5 mobilappar genom att v\u00e4lja bort dem genom relevanta enhetsinst\u00e4llningar, s\u00e5som enhetens annonseringsinst\u00e4llningar f\u00f6r mobila enheter eller sp\u00e5rningsinst\u00e4llningar i allm\u00e4nhet (Anv\u00e4ndare kan \u00f6ppna enhetsinst\u00e4llningarna, visa och leta efter den relevanta inst\u00e4llningen ).<\/p>\n\n\n\n<p><strong>Reklambranschspecifika opt-outs<\/strong><\/p>\n\n\n\n<p>Utan hinder av ovanst\u00e5ende kan Anv\u00e4ndare f\u00f6lja instruktionerna som tillhandah\u00e5lls av&nbsp;<a href=\"http:\/\/www.youronlinechoices.eu\/\" target=\"_blank\" rel=\"noreferrer noopener\">Dina onlineval<\/a>&nbsp;(EU), den&nbsp;<a href=\"https:\/\/www.networkadvertising.org\/understanding-digital-advertising\" target=\"_blank\" rel=\"noreferrer noopener\">Network Advertising Initiative<\/a>&nbsp;(USA) och&nbsp;<a href=\"https:\/\/www.aboutads.info\/consumers\/\" target=\"_blank\" rel=\"noreferrer noopener\">Digital Advertising Alliance<\/a>&nbsp;(USA),&nbsp;<a href=\"https:\/\/youradchoices.ca\/understanding-online-advertising\/\" target=\"_blank\" rel=\"noreferrer noopener\">DAAC<\/a>&nbsp;(Kanada),&nbsp;<a href=\"http:\/\/www.ddai.info\/optout\" target=\"_blank\" rel=\"noreferrer noopener\">DDAI<\/a>&nbsp;(Japan) eller andra liknande tj\u00e4nster. S\u00e5dana initiativ till\u00e5ter anv\u00e4ndare att v\u00e4lja sina sp\u00e5rningspreferenser f\u00f6r de flesta reklamverktyg. \u00c4garen rekommenderar d\u00e4rf\u00f6r att Anv\u00e4ndare anv\u00e4nder dessa resurser ut\u00f6ver informationen i detta dokument.<\/p>\n\n\n\n<p>Digital Advertising Alliance erbjuder en applikation som heter&nbsp;<a href=\"https:\/\/youradchoices.com\/appchoices\" target=\"_blank\" rel=\"noreferrer noopener\">AppChoices<\/a>&nbsp;som hj\u00e4lper anv\u00e4ndare att kontrollera intressebaserad annonsering i mobilappar.<\/p>\n\n\n\n<p><strong>\u00c4gare och datakontrollant<\/strong><\/p>\n\n\n\n<p>Second Ring Road, Kakpagyilli Opp Dohanlee Junction, Tamale, Ghana<\/p>\n\n\n\n<p><strong>E-postadress f\u00f6r \u00e4garens kontakt:<\/strong>&nbsp;niendoo2@gmail.com<\/p>\n\n\n\n<p>Eftersom anv\u00e4ndningen av tredjepartssp\u00e5rare genom adirondacksofa.com inte kan kontrolleras fullt ut av \u00e4garen, ska alla specifika h\u00e4nvisningar till tredjepartssp\u00e5rare anses vara v\u00e4gledande. F\u00f6r att erh\u00e5lla fullst\u00e4ndig information ombeds anv\u00e4ndare att l\u00e4sa sekretesspolicyn f\u00f6r respektive tredjepartstj\u00e4nster som anges i detta dokument.<\/p>\n\n\n\n<p>Med tanke p\u00e5 den objektiva komplexiteten kring sp\u00e5rningsteknologier, uppmanas anv\u00e4ndare att kontakta \u00e4garen om de vill f\u00e5 ytterligare information om anv\u00e4ndningen av s\u00e5dan teknik av adirondacksofa.com.<\/p>\n\n\n\n<p><strong>Definitioner och juridiska referenser<\/strong><\/p>\n\n\n\n<p>Senaste uppdatering: 29 oktober 2020<\/p>\n\n\n\n<p><\/p>\n\n\n\n<p><\/p>","protected":false},"excerpt":{"rendered":"<p>Cookie Policy of adirondacksofa.com This document informs Users about the technologies that help adirondacksofa.com to achieve the purposes described below. Such technologies allow the Owner to access and store information (for example by using a Cookie) or use resources (for example by running a script) on a User\u2019s device as they interact with adirondacksofa.com. For [&hellip;]<\/p>\n","protected":false},"author":6,"featured_media":0,"parent":0,"menu_order":0,"comment_status":"closed","ping_status":"closed","template":"","meta":{"site-sidebar-layout":"default","site-content-layout":"","ast-site-content-layout":"default","site-content-style":"default","site-sidebar-style":"default","ast-global-header-display":"","ast-banner-title-visibility":"","ast-main-header-display":"","ast-hfb-above-header-display":"","ast-hfb-below-header-display":"","ast-hfb-mobile-header-display":"","site-post-title":"","ast-breadcrumbs-content":"","ast-featured-img":"","footer-sml-layout":"","ast-disable-related-posts":"","theme-transparent-header-meta":"","adv-header-id-meta":"","stick-header-meta":"","header-above-stick-meta":"","header-main-stick-meta":"","header-below-stick-meta":"","astra-migrate-meta-layouts":"default","ast-page-background-enabled":"default","ast-page-background-meta":{"desktop":{"background-color":"var(--ast-global-color-4)","background-image":"","background-repeat":"repeat","background-position":"center center","background-size":"auto","background-attachment":"scroll","background-type":"","background-media":"","overlay-type":"","overlay-color":"","overlay-opacity":"","overlay-gradient":""},"tablet":{"background-color":"","background-image":"","background-repeat":"repeat","background-position":"center center","background-size":"auto","background-attachment":"scroll","background-type":"","background-media":"","overlay-type":"","overlay-color":"","overlay-opacity":"","overlay-gradient":""},"mobile":{"background-color":"","background-image":"","background-repeat":"repeat","background-position":"center center","background-size":"auto","background-attachment":"scroll","background-type":"","background-media":"","overlay-type":"","overlay-color":"","overlay-opacity":"","overlay-gradient":""}},"ast-content-background-meta":{"desktop":{"background-color":"var(--ast-global-color-5)","background-image":"","background-repeat":"repeat","background-position":"center center","background-size":"auto","background-attachment":"scroll","background-type":"","background-media":"","overlay-type":"","overlay-color":"","overlay-opacity":"","overlay-gradient":""},"tablet":{"background-color":"var(--ast-global-color-5)","background-image":"","background-repeat":"repeat","background-position":"center center","background-size":"auto","background-attachment":"scroll","background-type":"","background-media":"","overlay-type":"","overlay-color":"","overlay-opacity":"","overlay-gradient":""},"mobile":{"background-color":"var(--ast-global-color-5)","background-image":"","background-repeat":"repeat","background-position":"center center","background-size":"auto","background-attachment":"scroll","background-type":"","background-media":"","overlay-type":"","overlay-color":"","overlay-opacity":"","overlay-gradient":""}},"footnotes":""},"class_list":["post-595","page","type-page","status-publish","hentry"],"_links":{"self":[{"href":"https:\/\/www.bestroofbags.com\/sv\/wp-json\/wp\/v2\/pages\/595","targetHints":{"allow":["GET"]}}],"collection":[{"href":"https:\/\/www.bestroofbags.com\/sv\/wp-json\/wp\/v2\/pages"}],"about":[{"href":"https:\/\/www.bestroofbags.com\/sv\/wp-json\/wp\/v2\/types\/page"}],"author":[{"embeddable":true,"href":"https:\/\/www.bestroofbags.com\/sv\/wp-json\/wp\/v2\/users\/6"}],"replies":[{"embeddable":true,"href":"https:\/\/www.bestroofbags.com\/sv\/wp-json\/wp\/v2\/comments?post=595"}],"version-history":[{"count":0,"href":"https:\/\/www.bestroofbags.com\/sv\/wp-json\/wp\/v2\/pages\/595\/revisions"}],"wp:attachment":[{"href":"https:\/\/www.bestroofbags.com\/sv\/wp-json\/wp\/v2\/media?parent=595"}],"curies":[{"name":"wp","href":"https:\/\/api.w.org\/{rel}","templated":true}]}}