{"id":598,"date":"2022-02-07T08:22:32","date_gmt":"2022-02-07T08:22:32","guid":{"rendered":"http:\/\/Niendoo"},"modified":"2022-06-26T13:55:28","modified_gmt":"2022-06-26T13:55:28","slug":"terms-and-conditions","status":"publish","type":"page","link":"https:\/\/www.bestroofbags.com\/sv\/villkor\/","title":{"rendered":"Villkor"},"content":{"rendered":"<div data-elementor-type=\"wp-page\" data-elementor-id=\"598\" class=\"elementor elementor-598\" data-elementor-post-type=\"page\">\n\t\t\t\t\t\t<section class=\"elementor-section elementor-top-section elementor-element elementor-element-3bc72ebb elementor-section-boxed elementor-section-height-default elementor-section-height-default\" data-id=\"3bc72ebb\" data-element_type=\"section\" data-e-type=\"section\">\n\t\t\t\t\t\t<div class=\"elementor-container elementor-column-gap-default\">\n\t\t\t\t\t<div class=\"elementor-column elementor-col-100 elementor-top-column elementor-element elementor-element-208799b7\" data-id=\"208799b7\" data-element_type=\"column\" data-e-type=\"column\">\n\t\t\t<div class=\"elementor-widget-wrap elementor-element-populated\">\n\t\t\t\t\t\t<div class=\"elementor-element elementor-element-4b70f5bb elementor-widget elementor-widget-text-editor\" data-id=\"4b70f5bb\" data-element_type=\"widget\" data-e-type=\"widget\" data-widget_type=\"text-editor.default\">\n\t\t\t\t<div class=\"elementor-widget-container\">\n\t\t\t\t\t\t\t\t\t\n<p>V\u00e4lkommen till BestRoofBags.com!<\/p>\n\n\n\n<p>Dessa villkor beskriver reglerna och reglerna f\u00f6r anv\u00e4ndningen av BestRoofBags.coms webbplats, som finns p\u00e5 https:\/\/bestroofbags.com.<\/p>\n\n\n\n<p>Genom att g\u00e5 in p\u00e5 denna webbplats antar vi att du accepterar dessa villkor. Forts\u00e4tt inte att anv\u00e4nda BestRoofBags.com om du inte samtycker till att f\u00f6lja alla villkor som anges p\u00e5 denna sida.<\/p>\n\n\n\n<p>F\u00f6ljande terminologi g\u00e4ller f\u00f6r dessa villkor, integritetspolicy och ansvarsfriskrivning och alla avtal: &quot;Kund&quot;, &quot;Du&quot; och &quot;Din&quot; h\u00e4nvisar till dig, personen som loggar in p\u00e5 denna webbplats och f\u00f6ljer f\u00f6retagets villkor. &quot;F\u00f6retaget&quot;, &quot;Oss sj\u00e4lva&quot;, &quot;Vi&quot;, &quot;V\u00e5rt&quot; och &quot;Oss&quot;, syftar p\u00e5 v\u00e5rt f\u00f6retag. &quot;Parti&quot;, &quot;Parter&quot; eller &quot;Oss&quot;, avser b\u00e5de kunden och oss sj\u00e4lva. Alla villkor h\u00e4nvisar till det erbjudande, acceptans och \u00f6verv\u00e4gande av betalning som kr\u00e4vs f\u00f6r att genomf\u00f6ra processen av v\u00e5r assistans till Kunden p\u00e5 det mest l\u00e4mpliga s\u00e4ttet i det uttryckliga syftet att tillgodose Kundens behov med avseende p\u00e5 tillhandah\u00e5llande av Bolagets angivna tj\u00e4nster, i enlighet med och omfattas av g\u00e4llande lag i Nederl\u00e4nderna. All anv\u00e4ndning av ovanst\u00e5ende terminologi eller andra ord i singular, plural, versaler och\/eller han\/hon eller de, tas som utbytbara och h\u00e4nvisar d\u00e4rf\u00f6r till detsamma.<\/p>\n\n\n\n<h3 class=\"wp-block-heading\"><strong>Sm\u00e5kakor<\/strong><\/h3>\n\n\n\n<p>Vi anv\u00e4nder oss av cookies. Genom att g\u00e5 in p\u00e5 BestRoofBags.com samtyckte du till att anv\u00e4nda cookies i enlighet med BestRoofBags.coms integritetspolicy.<\/p>\n\n\n\n<p>De flesta interaktiva webbplatser anv\u00e4nder cookies f\u00f6r att l\u00e5ta oss h\u00e4mta anv\u00e4ndarens uppgifter f\u00f6r varje bes\u00f6k. Cookies anv\u00e4nds av v\u00e5r webbplats f\u00f6r att m\u00f6jligg\u00f6ra funktionaliteten i vissa omr\u00e5den f\u00f6r att g\u00f6ra det l\u00e4ttare f\u00f6r personer som bes\u00f6ker v\u00e5r webbplats. Vissa av v\u00e5ra affiliate\/annonspartners kan ocks\u00e5 anv\u00e4nda cookies.<\/p>\n\n\n\n<h3 class=\"wp-block-heading\"><strong>Licens<\/strong><\/h3>\n\n\n\n<p>Om inget annat anges \u00e4ger BestRoofBags.com och\/eller dess licensgivare de immateriella r\u00e4ttigheterna f\u00f6r allt material p\u00e5 BestRoofBags.com. Alla immateriella r\u00e4ttigheter \u00e4r reserverade. Du kan komma \u00e5t detta fr\u00e5n BestRoofBags.com f\u00f6r ditt eget personliga bruk under f\u00f6ruts\u00e4ttning av begr\u00e4nsningar som anges i dessa villkor.<\/p>\n\n\n\n<p>Du f\u00e5r inte:<\/p>\n\n\n\n<ul class=\"wp-block-list\"><li>\u00c5terpublicera material fr\u00e5n BestRoofBags.com<\/li><li>S\u00e4lj, hyr ut eller underlicensiera material fr\u00e5n BestRoofBags.com<\/li><li>Reproducera, duplicera eller kopiera material fr\u00e5n BestRoofBags.com<\/li><li>Omf\u00f6rdela inneh\u00e5ll fr\u00e5n BestRoofBags.com<\/li><\/ul>\n\n\n\n<p>Detta avtal b\u00f6rjar p\u00e5 dagen f\u00f6r detta. V\u00e5ra anv\u00e4ndarvillkor skapades med hj\u00e4lp av <a href=\"https:\/\/www.termsandconditionsgenerator.com\" target=\"_blank\" rel=\"noopener\">Generator f\u00f6r villkor och villkor<\/a>.<\/p>\n\n\n\n<p>Delar av denna webbplats erbjuder en m\u00f6jlighet f\u00f6r anv\u00e4ndare att publicera och utbyta \u00e5sikter och information inom vissa delar av webbplatsen. BestRoofBags.com filtrerar, redigerar, publicerar eller granskar inte kommentarer innan de finns p\u00e5 webbplatsen. Kommentarer \u00e5terspeglar inte \u00e5sikter och \u00e5sikter fr\u00e5n BestRoofBags.com, dess agenter och\/eller dotterbolag. Kommentarer \u00e5terspeglar \u00e5sikter och \u00e5sikter hos personen som publicerar sina \u00e5sikter och \u00e5sikter. I den utstr\u00e4ckning det \u00e4r till\u00e5tet av till\u00e4mpliga lagar, ska BestRoofBags.com inte h\u00e5llas ansvarigt f\u00f6r kommentarerna eller f\u00f6r n\u00e5got ansvar, skador eller utgifter som orsakas och\/eller lids till f\u00f6ljd av n\u00e5gon anv\u00e4ndning av och\/eller publicering av och\/eller utseende av kommentarerna p\u00e5 denna webbplats.<\/p>\n\n\n\n<p>BestRoofBags.com f\u00f6rbeh\u00e5ller sig r\u00e4tten att \u00f6vervaka alla kommentarer och att ta bort alla kommentarer som kan anses ol\u00e4mpliga, st\u00f6tande eller orsaka brott mot dessa villkor.<\/p>\n\n\n\n<p>Du garanterar och representerar att:<\/p>\n\n\n\n<ul class=\"wp-block-list\"><li>Du har r\u00e4tt att publicera kommentarerna p\u00e5 v\u00e5r webbplats och har alla n\u00f6dv\u00e4ndiga licenser och samtycke f\u00f6r att g\u00f6ra det;<\/li><li>Kommentarerna invaderar inte n\u00e5gon immateriell \u00e4gander\u00e4tt, inklusive utan begr\u00e4nsning upphovsr\u00e4tt, patent eller varum\u00e4rke som tillh\u00f6r tredje part;<\/li><li>Kommentarerna inneh\u00e5ller inget \u00e4rekr\u00e4nkande, \u00e4rekr\u00e4nkande, st\u00f6tande, oanst\u00e4ndigt eller p\u00e5 annat s\u00e4tt olagligt material som \u00e4r ett intr\u00e5ng i integriteten<\/li><li>Kommentarerna kommer inte att anv\u00e4ndas f\u00f6r att v\u00e4rva eller marknadsf\u00f6ra aff\u00e4rer eller anpassade eller presentera kommersiella aktiviteter eller olaglig aktivitet.<\/li><\/ul>\n\n\n\n<p>Du ger h\u00e4rmed BestRoofBags.com en icke-exklusiv licens att anv\u00e4nda, reproducera, redigera och till\u00e5ta andra att anv\u00e4nda, reproducera och redigera n\u00e5gon av dina kommentarer i alla former, format eller media.<\/p>\n\n\n\n<h3 class=\"wp-block-heading\"><strong>Hyperl\u00e4nkar till v\u00e5rt inneh\u00e5ll<\/strong><\/h3>\n\n\n\n<p>F\u00f6ljande organisationer kan l\u00e4nka till v\u00e5r webbplats utan f\u00f6reg\u00e5ende skriftligt godk\u00e4nnande:<\/p>\n\n\n\n<ul class=\"wp-block-list\"><li>Statliga myndigheter;<\/li><li>S\u00f6kmotorer;<\/li><li>Nyhetsorganisationer;<\/li><li>Onlinekatalogdistribut\u00f6rer kan l\u00e4nka till v\u00e5r webbplats p\u00e5 samma s\u00e4tt som de hyperl\u00e4nkar till webbplatser f\u00f6r andra listade f\u00f6retag; och<\/li><li>Systemomfattande ackrediterade f\u00f6retag f\u00f6rutom att s\u00f6ka ideella organisationer, v\u00e4lg\u00f6renhetsk\u00f6pcentra och v\u00e4lg\u00f6renhetsinsamlingsgrupper som inte f\u00e5r hyperl\u00e4nka till v\u00e5r webbplats.<\/li><\/ul>\n\n\n\n<p>Dessa organisationer kan l\u00e4nka till v\u00e5r hemsida, till publikationer eller till annan webbplatsinformation s\u00e5 l\u00e4nge som l\u00e4nken: (a) inte p\u00e5 n\u00e5got s\u00e4tt \u00e4r vilseledande; (b) inte felaktigt antyder sponsring, st\u00f6d eller godk\u00e4nnande av den l\u00e4nkande parten och dess produkter och\/eller tj\u00e4nster; och (c) passar in i sammanhanget f\u00f6r den l\u00e4nkande partens webbplats.<\/p>\n\n\n\n<p>Vi kan \u00f6verv\u00e4ga och godk\u00e4nna andra l\u00e4nkf\u00f6rfr\u00e5gningar fr\u00e5n f\u00f6ljande typer av organisationer:<\/p>\n\n\n\n<ul class=\"wp-block-list\"><li>allm\u00e4nt k\u00e4nda konsument- och\/eller f\u00f6retagsinformationsk\u00e4llor;<\/li><li>dot.com community-webbplatser;<\/li><li>f\u00f6reningar eller andra grupper som representerar v\u00e4lg\u00f6renhetsorganisationer;<\/li><li>onlinekatalogdistribut\u00f6rer;<\/li><li>Internetportaler;<\/li><li>redovisnings-, juridik- och konsultf\u00f6retag; och<\/li><li>utbildningsinstitutioner och branschorganisationer.<\/li><\/ul>\n\n\n\n<p>Vi kommer att godk\u00e4nna l\u00e4nkf\u00f6rfr\u00e5gningar fr\u00e5n dessa organisationer om vi beslutar att: (a) l\u00e4nken inte skulle f\u00e5 oss att se negativt ut f\u00f6r oss sj\u00e4lva eller v\u00e5ra ackrediterade f\u00f6retag; (b) organisationen inte har n\u00e5gra negativa uppgifter hos oss; (c) f\u00f6rdelen f\u00f6r oss fr\u00e5n hyperl\u00e4nkens synlighet kompenserar fr\u00e5nvaron av BestRoofBags.com; och (d) l\u00e4nken \u00e4r i samband med allm\u00e4n resursinformation.<\/p>\n\n\n\n<p>Dessa organisationer kan l\u00e4nka till v\u00e5r hemsida s\u00e5 l\u00e4nge som l\u00e4nken: (a) inte p\u00e5 n\u00e5got s\u00e4tt \u00e4r vilseledande; (b) inte felaktigt antyder sponsring, st\u00f6d eller godk\u00e4nnande av den l\u00e4nkande parten och dess produkter eller tj\u00e4nster; och (c) passar in i sammanhanget f\u00f6r den l\u00e4nkande partens webbplats.<\/p>\n\n\n\n<p>Om du \u00e4r en av de organisationer som anges i punkt 2 ovan och \u00e4r intresserad av att l\u00e4nka till v\u00e5r webbplats, m\u00e5ste du informera oss genom att skicka ett e-postmeddelande till BestRoofBags.com. V\u00e4nligen inkludera ditt namn, din organisations namn, kontaktinformation samt webbadressen till din webbplats, en lista \u00f6ver alla webbadresser fr\u00e5n vilka du t\u00e4nker l\u00e4nka till v\u00e5r webbplats och en lista \u00f6ver webbadresserna p\u00e5 v\u00e5r webbplats som du vill l\u00e4nk. V\u00e4nta 2-3 veckor p\u00e5 svar.<\/p>\n\n\n\n<p>Godk\u00e4nda organisationer kan hyperl\u00e4nka till v\u00e5r webbplats enligt f\u00f6ljande:<\/p>\n\n\n\n<ul class=\"wp-block-list\"><li>Genom att anv\u00e4nda v\u00e5rt f\u00f6retagsnamn; eller<\/li><li>Genom att anv\u00e4nda den enhetliga resurslokaliseraren som \u00e4r kopplad till; eller<\/li><li>Genom att anv\u00e4nda n\u00e5gon annan beskrivning av v\u00e5r webbplats som \u00e4r l\u00e4nkad till \u00e4r det vettigt i sammanhanget och formatet f\u00f6r inneh\u00e5llet p\u00e5 den l\u00e4nkande partens webbplats.<\/li><\/ul>\n\n\n\n<p>Ingen anv\u00e4ndning av BestRoofBags.coms logotyp eller andra konstverk kommer att till\u00e5tas f\u00f6r l\u00e4nkning utan ett varum\u00e4rkeslicensavtal.<\/p>\n\n\n\n<h3 class=\"wp-block-heading\"><strong>iFrames<\/strong><\/h3>\n\n\n\n<p>Utan f\u00f6reg\u00e5ende godk\u00e4nnande och skriftligt tillst\u00e5nd f\u00e5r du inte skapa ramar runt v\u00e5ra webbsidor som p\u00e5 n\u00e5got s\u00e4tt \u00e4ndrar den visuella presentationen eller utseendet p\u00e5 v\u00e5r webbplats.<\/p>\n\n\n\n<h3 class=\"wp-block-heading\"><strong>Inneh\u00e5llsansvar<\/strong><\/h3>\n\n\n\n<p>Vi ska inte h\u00e5llas ansvariga f\u00f6r n\u00e5got inneh\u00e5ll som visas p\u00e5 din webbplats. Du samtycker till att skydda och f\u00f6rsvara oss mot alla anspr\u00e5k som uppst\u00e5r p\u00e5 din webbplats. Inga l\u00e4nkar b\u00f6r visas p\u00e5 n\u00e5gon webbplats som kan tolkas som \u00e4rekr\u00e4nkande, obscent eller kriminell, eller som g\u00f6r intr\u00e5ng, p\u00e5 annat s\u00e4tt kr\u00e4nker eller f\u00f6respr\u00e5kar intr\u00e5ng eller annan kr\u00e4nkning av tredje parts r\u00e4ttigheter.<\/p>\n\n\n\n<h3 class=\"wp-block-heading\"><strong>Din integritet<\/strong><\/h3>\n\n\n\n<p>L\u00e4s integritetspolicyn<\/p>\n\n\n\n<h3 class=\"wp-block-heading\"><strong>F\u00f6rbeh\u00e5ll av r\u00e4ttigheter<\/strong><\/h3>\n\n\n\n<p>Vi f\u00f6rbeh\u00e5ller oss r\u00e4tten att beg\u00e4ra att du tar bort alla l\u00e4nkar eller n\u00e5gon speciell l\u00e4nk till v\u00e5r webbplats. Du godk\u00e4nner att omedelbart ta bort alla l\u00e4nkar till v\u00e5r webbplats p\u00e5 beg\u00e4ran. Vi f\u00f6rbeh\u00e5ller oss ocks\u00e5 r\u00e4tten att \u00e4ndra dessa villkor och dess l\u00e4nkpolicy n\u00e4r som helst. Genom att kontinuerligt l\u00e4nka till v\u00e5r webbplats samtycker du till att vara bunden till och f\u00f6lja dessa l\u00e4nkningsvillkor.<\/p>\n\n\n\n<h3 class=\"wp-block-heading\"><strong>Borttagning av l\u00e4nkar fr\u00e5n v\u00e5r webbplats<\/strong><\/h3>\n\n\n\n<p>Om du hittar n\u00e5gon l\u00e4nk p\u00e5 v\u00e5r webbplats som \u00e4r st\u00f6tande av n\u00e5gon anledning, \u00e4r du fri att kontakta och informera oss n\u00e4r som helst. Vi kommer att \u00f6verv\u00e4ga f\u00f6rfr\u00e5gningar om att ta bort l\u00e4nkar men vi \u00e4r inte skyldiga att eller s\u00e5 eller att svara dig direkt.<\/p>\n\n\n\n<p>Vi s\u00e4kerst\u00e4ller inte att informationen p\u00e5 denna webbplats \u00e4r korrekt, vi garanterar inte dess fullst\u00e4ndighet eller riktighet; Vi lovar inte heller att se till att webbplatsen f\u00f6rblir tillg\u00e4nglig eller att materialet p\u00e5 webbplatsen h\u00e5lls uppdaterat.<\/p>\n\n\n\n<h3 class=\"wp-block-heading\"><strong>varning<\/strong><\/h3>\n\n\n\n<p>I den utstr\u00e4ckning som till\u00e5ts enligt till\u00e4mplig lag, utesluter vi alla representationer, garantier och villkor som r\u00f6r v\u00e5r webbplats och anv\u00e4ndningen av denna webbplats. Ingenting i denna ansvarsfriskrivning kommer att:<\/p>\n\n\n\n<ul class=\"wp-block-list\"><li>begr\u00e4nsa eller utesluta v\u00e5rt eller ditt ansvar f\u00f6r d\u00f6dsfall eller personskada;<\/li><li>begr\u00e4nsa eller utesluta v\u00e5rt eller ditt ansvar f\u00f6r bedr\u00e4geri eller bedr\u00e4glig felaktig framst\u00e4llning;<\/li><li>begr\u00e4nsa n\u00e5got av v\u00e5rt eller ditt ansvar p\u00e5 n\u00e5got s\u00e4tt som inte \u00e4r till\u00e5tet enligt till\u00e4mplig lag; eller<\/li><li>utesluta n\u00e5got av v\u00e5rt eller dina ansvar som kanske inte \u00e4r undantagna enligt till\u00e4mplig lag.<\/li><\/ul>\n\n\n\n<p>De begr\u00e4nsningar och f\u00f6rbud mot ansvar som anges i detta avsnitt och p\u00e5 andra st\u00e4llen i denna friskrivning: (a) omfattas av f\u00f6reg\u00e5ende stycke; och (b) reglera alla skulder som uppst\u00e5r under ansvarsfriskrivningen, inklusive ansvar som uppst\u00e5r i kontrakt, p\u00e5 grund av skadest\u00e5nd och f\u00f6r brott mot lagstadgad skyldighet.<\/p>\n\n\n\n<p>S\u00e5 l\u00e4nge webbplatsen och informationen och tj\u00e4nsterna p\u00e5 webbplatsen tillhandah\u00e5lls kostnadsfritt kommer vi inte att h\u00e5llas ansvariga f\u00f6r f\u00f6rlust eller skada av n\u00e5got slag.<\/p>\n\t\t\t\t\t\t\t\t<\/div>\n\t\t\t\t<\/div>\n\t\t\t\t\t<\/div>\n\t\t<\/div>\n\t\t\t\t\t<\/div>\n\t\t<\/section>\n\t\t\t\t<\/div>","protected":false},"excerpt":{"rendered":"<p>Welcome to BestRoofBags.com! These terms and conditions outline the rules and regulations for the use of BestRoofBags.com&#8217;s Website, located at https:\/\/bestroofbags.com. By accessing this website we assume you accept these terms and conditions. Do not continue to use BestRoofBags.com if you do not agree to take all of the terms and conditions stated on this [&hellip;]<\/p>\n","protected":false},"author":6,"featured_media":0,"parent":0,"menu_order":0,"comment_status":"closed","ping_status":"closed","template":"","meta":{"site-sidebar-layout":"default","site-content-layout":"","ast-site-content-layout":"default","site-content-style":"default","site-sidebar-style":"default","ast-global-header-display":"","ast-banner-title-visibility":"","ast-main-header-display":"","ast-hfb-above-header-display":"","ast-hfb-below-header-display":"","ast-hfb-mobile-header-display":"","site-post-title":"","ast-breadcrumbs-content":"","ast-featured-img":"","footer-sml-layout":"","ast-disable-related-posts":"","theme-transparent-header-meta":"","adv-header-id-meta":"","stick-header-meta":"","header-above-stick-meta":"","header-main-stick-meta":"","header-below-stick-meta":"","astra-migrate-meta-layouts":"default","ast-page-background-enabled":"default","ast-page-background-meta":{"desktop":{"background-color":"var(--ast-global-color-4)","background-image":"","background-repeat":"repeat","background-position":"center center","background-size":"auto","background-attachment":"scroll","background-type":"","background-media":"","overlay-type":"","overlay-color":"","overlay-opacity":"","overlay-gradient":""},"tablet":{"background-color":"","background-image":"","background-repeat":"repeat","background-position":"center center","background-size":"auto","background-attachment":"scroll","background-type":"","background-media":"","overlay-type":"","overlay-color":"","overlay-opacity":"","overlay-gradient":""},"mobile":{"background-color":"","background-image":"","background-repeat":"repeat","background-position":"center center","background-size":"auto","background-attachment":"scroll","background-type":"","background-media":"","overlay-type":"","overlay-color":"","overlay-opacity":"","overlay-gradient":""}},"ast-content-background-meta":{"desktop":{"background-color":"var(--ast-global-color-5)","background-image":"","background-repeat":"repeat","background-position":"center center","background-size":"auto","background-attachment":"scroll","background-type":"","background-media":"","overlay-type":"","overlay-color":"","overlay-opacity":"","overlay-gradient":""},"tablet":{"background-color":"var(--ast-global-color-5)","background-image":"","background-repeat":"repeat","background-position":"center center","background-size":"auto","background-attachment":"scroll","background-type":"","background-media":"","overlay-type":"","overlay-color":"","overlay-opacity":"","overlay-gradient":""},"mobile":{"background-color":"var(--ast-global-color-5)","background-image":"","background-repeat":"repeat","background-position":"center center","background-size":"auto","background-attachment":"scroll","background-type":"","background-media":"","overlay-type":"","overlay-color":"","overlay-opacity":"","overlay-gradient":""}},"footnotes":""},"class_list":["post-598","page","type-page","status-publish","hentry"],"_links":{"self":[{"href":"https:\/\/www.bestroofbags.com\/sv\/wp-json\/wp\/v2\/pages\/598","targetHints":{"allow":["GET"]}}],"collection":[{"href":"https:\/\/www.bestroofbags.com\/sv\/wp-json\/wp\/v2\/pages"}],"about":[{"href":"https:\/\/www.bestroofbags.com\/sv\/wp-json\/wp\/v2\/types\/page"}],"author":[{"embeddable":true,"href":"https:\/\/www.bestroofbags.com\/sv\/wp-json\/wp\/v2\/users\/6"}],"replies":[{"embeddable":true,"href":"https:\/\/www.bestroofbags.com\/sv\/wp-json\/wp\/v2\/comments?post=598"}],"version-history":[{"count":5,"href":"https:\/\/www.bestroofbags.com\/sv\/wp-json\/wp\/v2\/pages\/598\/revisions"}],"predecessor-version":[{"id":6286,"href":"https:\/\/www.bestroofbags.com\/sv\/wp-json\/wp\/v2\/pages\/598\/revisions\/6286"}],"wp:attachment":[{"href":"https:\/\/www.bestroofbags.com\/sv\/wp-json\/wp\/v2\/media?parent=598"}],"curies":[{"name":"wp","href":"https:\/\/api.w.org\/{rel}","templated":true}]}}