{"id":694,"date":"2022-02-07T08:22:32","date_gmt":"2022-02-07T08:22:32","guid":{"rendered":"http:\/\/Niendoo"},"modified":"2023-06-22T18:14:27","modified_gmt":"2023-06-22T18:14:27","slug":"affiliate-disclosure","status":"publish","type":"page","link":"https:\/\/www.bestroofbags.com\/sv\/affiliate-disclosure\/","title":{"rendered":"Affiliate Disclosure"},"content":{"rendered":"<div data-elementor-type=\"wp-page\" data-elementor-id=\"694\" class=\"elementor elementor-694\" data-elementor-post-type=\"page\">\n\t\t\t\t\t\t<section class=\"elementor-section elementor-top-section elementor-element elementor-element-1d09e226 elementor-section-boxed elementor-section-height-default elementor-section-height-default\" data-id=\"1d09e226\" data-element_type=\"section\" data-e-type=\"section\">\n\t\t\t\t\t\t<div class=\"elementor-container elementor-column-gap-default\">\n\t\t\t\t\t<div class=\"elementor-column elementor-col-100 elementor-top-column elementor-element elementor-element-3a3b4eb3\" data-id=\"3a3b4eb3\" data-element_type=\"column\" data-e-type=\"column\">\n\t\t\t<div class=\"elementor-widget-wrap elementor-element-populated\">\n\t\t\t\t\t\t<div class=\"elementor-element elementor-element-d4f69eb elementor-widget elementor-widget-heading\" data-id=\"d4f69eb\" data-element_type=\"widget\" data-e-type=\"widget\" data-widget_type=\"heading.default\">\n\t\t\t\t<div class=\"elementor-widget-container\">\n\t\t\t\t\t<h1 class=\"elementor-heading-title elementor-size-default\">affiliate avsl\u00f6jande<\/h1>\t\t\t\t<\/div>\n\t\t\t\t<\/div>\n\t\t\t\t<div class=\"elementor-element elementor-element-96173b7 elementor-widget elementor-widget-text-editor\" data-id=\"96173b7\" data-element_type=\"widget\" data-e-type=\"widget\" data-widget_type=\"text-editor.default\">\n\t\t\t\t<div class=\"elementor-widget-container\">\n\t\t\t\t\t\t\t\t\t<p>Best Roof Bags \u00e4r deltagare i Amazon Associate, ett affiliate-annonseringsprogram som tillhandah\u00e5ller webbplatser f\u00f6r att tj\u00e4na reklamavgifter genom att l\u00e4nka till Amazon.com. Webbsidorna \u00e4r l\u00e4nkade till affiliate-l\u00e4nkar, s\u00e5 \u00e4garen av denna webbplats kommer att g\u00f6ra en remissprovision. Vi tillhandah\u00e5ller genuin information med v\u00e5ra objektiva \u00e5sikter och erfarenheter. Vi g\u00f6r mycket research genom att \u00f6verv\u00e4ga produktrecensioner, betyg och genom att interagera med kunder. All produktbeskrivning, statistik, pris och garantiinformation b\u00f6r verifieras av tillverkaren eller leverant\u00f6rerna. Summan av kardemumman \u00e4r att vi bara rekommenderar de produkter som \u00e4r s\u00e4kra och enkla f\u00f6r dig att anv\u00e4nda eftersom vi v\u00e4rdes\u00e4tter ditt f\u00f6rtroende.<\/p>\n\t\t\t\t\t\t\t\t<\/div>\n\t\t\t\t<\/div>\n\t\t\t\t\t<\/div>\n\t\t<\/div>\n\t\t\t\t\t<\/div>\n\t\t<\/section>\n\t\t\t\t<\/div>","protected":false},"excerpt":{"rendered":"<p>affiliate avsl\u00f6jande<\/p>","protected":false},"author":6,"featured_media":0,"parent":0,"menu_order":0,"comment_status":"closed","ping_status":"closed","template":"elementor_header_footer","meta":{"site-sidebar-layout":"default","site-content-layout":"","ast-site-content-layout":"default","site-content-style":"default","site-sidebar-style":"default","ast-global-header-display":"","ast-banner-title-visibility":"","ast-main-header-display":"","ast-hfb-above-header-display":"","ast-hfb-below-header-display":"","ast-hfb-mobile-header-display":"","site-post-title":"","ast-breadcrumbs-content":"","ast-featured-img":"","footer-sml-layout":"","ast-disable-related-posts":"","theme-transparent-header-meta":"","adv-header-id-meta":"","stick-header-meta":"","header-above-stick-meta":"","header-main-stick-meta":"","header-below-stick-meta":"","astra-migrate-meta-layouts":"default","ast-page-background-enabled":"default","ast-page-background-meta":{"desktop":{"background-color":"var(--ast-global-color-4)","background-image":"","background-repeat":"repeat","background-position":"center center","background-size":"auto","background-attachment":"scroll","background-type":"","background-media":"","overlay-type":"","overlay-color":"","overlay-opacity":"","overlay-gradient":""},"tablet":{"background-color":"","background-image":"","background-repeat":"repeat","background-position":"center center","background-size":"auto","background-attachment":"scroll","background-type":"","background-media":"","overlay-type":"","overlay-color":"","overlay-opacity":"","overlay-gradient":""},"mobile":{"background-color":"","background-image":"","background-repeat":"repeat","background-position":"center center","background-size":"auto","background-attachment":"scroll","background-type":"","background-media":"","overlay-type":"","overlay-color":"","overlay-opacity":"","overlay-gradient":""}},"ast-content-background-meta":{"desktop":{"background-color":"var(--ast-global-color-5)","background-image":"","background-repeat":"repeat","background-position":"center center","background-size":"auto","background-attachment":"scroll","background-type":"","background-media":"","overlay-type":"","overlay-color":"","overlay-opacity":"","overlay-gradient":""},"tablet":{"background-color":"var(--ast-global-color-5)","background-image":"","background-repeat":"repeat","background-position":"center center","background-size":"auto","background-attachment":"scroll","background-type":"","background-media":"","overlay-type":"","overlay-color":"","overlay-opacity":"","overlay-gradient":""},"mobile":{"background-color":"var(--ast-global-color-5)","background-image":"","background-repeat":"repeat","background-position":"center center","background-size":"auto","background-attachment":"scroll","background-type":"","background-media":"","overlay-type":"","overlay-color":"","overlay-opacity":"","overlay-gradient":""}},"footnotes":""},"class_list":["post-694","page","type-page","status-publish","hentry"],"_links":{"self":[{"href":"https:\/\/www.bestroofbags.com\/sv\/wp-json\/wp\/v2\/pages\/694","targetHints":{"allow":["GET"]}}],"collection":[{"href":"https:\/\/www.bestroofbags.com\/sv\/wp-json\/wp\/v2\/pages"}],"about":[{"href":"https:\/\/www.bestroofbags.com\/sv\/wp-json\/wp\/v2\/types\/page"}],"author":[{"embeddable":true,"href":"https:\/\/www.bestroofbags.com\/sv\/wp-json\/wp\/v2\/users\/6"}],"replies":[{"embeddable":true,"href":"https:\/\/www.bestroofbags.com\/sv\/wp-json\/wp\/v2\/comments?post=694"}],"version-history":[{"count":16,"href":"https:\/\/www.bestroofbags.com\/sv\/wp-json\/wp\/v2\/pages\/694\/revisions"}],"predecessor-version":[{"id":7617,"href":"https:\/\/www.bestroofbags.com\/sv\/wp-json\/wp\/v2\/pages\/694\/revisions\/7617"}],"wp:attachment":[{"href":"https:\/\/www.bestroofbags.com\/sv\/wp-json\/wp\/v2\/media?parent=694"}],"curies":[{"name":"wp","href":"https:\/\/api.w.org\/{rel}","templated":true}]}}